{"id":99892,"date":"2025-05-27T14:14:05","date_gmt":"2025-05-27T12:14:06","guid":{"rendered":"https:\/\/brieger.ch\/?post_type=product&#038;p=99892"},"modified":"2025-06-16T16:50:42","modified_gmt":"2025-06-16T14:50:42","slug":"33545","status":"publish","type":"product","link":"https:\/\/brieger.ch\/fr\/product\/33545\/","title":{"rendered":"33545"},"content":{"rendered":"<p>Emballages d&rsquo;exp\u00e9dition postale Magnum blanc, pour 1 bouteille de champagne magnum inclus 1 pi\u00e8ce int\u00e9rieure<\/p>\n","protected":false},"excerpt":{"rendered":"<p>Emballages d&rsquo;exp\u00e9dition postale Magnum blanc<\/p>\n","protected":false},"featured_media":100831,"comment_status":"closed","ping_status":"closed","template":"","meta":{"_searchwp_excluded":""},"product_brand":[],"product_cat":[792],"product_tag":[],"farbe":[824],"qualitaet":[144],"artikelart":[924],"produktstatus":[415],"wellig":[994],"class_list":{"0":"post-99892","1":"product","2":"type-product","3":"status-publish","4":"has-post-thumbnail","6":"product_cat-emballages-dexpedition-postale","7":"farbe-blanc","8":"qualitaet-3-0-mm","9":"artikelart-emballages-dexpedition-postale-vinopac-blanc","10":"produktstatus-neu","11":"wellig-1-cannelure","13":"first","14":"instock","15":"taxable","16":"shipping-taxable","17":"purchasable","18":"product-type-simple"},"tiered_pricing_type":"fixed","tiered_pricing_fixed_rules":{"50":"3.40","100":"2.95","200":"2.60","500":"2.40"},"tiered_pricing_product_settings":{"layout":"default","base_unit_name":{"singular":null,"plural":null},"default_variation":null},"tiered_pricing_minimum_quantity":25,"tiered_pricing_roles_data":{"galenica-group":{"product_id":99892,"role":"galenica-group","pricing_type":"flat","regular_price":2.39,"sale_price":null,"discount":null,"discount_type":"sale_price","tiered_pricing_type":"fixed","percentage_rules":[],"fixed_rules":[],"minimum":10}},"tiered_pricing_percentage_rules":[],"tiered_pricing_maximum_quantity":null,"tiered_pricing_quantity_step":null,"_links":{"self":[{"href":"https:\/\/brieger.ch\/fr\/wp-json\/wp\/v2\/product\/99892","targetHints":{"allow":["GET"]}}],"collection":[{"href":"https:\/\/brieger.ch\/fr\/wp-json\/wp\/v2\/product"}],"about":[{"href":"https:\/\/brieger.ch\/fr\/wp-json\/wp\/v2\/types\/product"}],"replies":[{"embeddable":true,"href":"https:\/\/brieger.ch\/fr\/wp-json\/wp\/v2\/comments?post=99892"}],"wp:featuredmedia":[{"embeddable":true,"href":"https:\/\/brieger.ch\/fr\/wp-json\/wp\/v2\/media\/100831"}],"wp:attachment":[{"href":"https:\/\/brieger.ch\/fr\/wp-json\/wp\/v2\/media?parent=99892"}],"wp:term":[{"taxonomy":"product_brand","embeddable":true,"href":"https:\/\/brieger.ch\/fr\/wp-json\/wp\/v2\/product_brand?post=99892"},{"taxonomy":"product_cat","embeddable":true,"href":"https:\/\/brieger.ch\/fr\/wp-json\/wp\/v2\/product_cat?post=99892"},{"taxonomy":"product_tag","embeddable":true,"href":"https:\/\/brieger.ch\/fr\/wp-json\/wp\/v2\/product_tag?post=99892"},{"taxonomy":"farbe","embeddable":true,"href":"https:\/\/brieger.ch\/fr\/wp-json\/wp\/v2\/farbe?post=99892"},{"taxonomy":"qualitaet","embeddable":true,"href":"https:\/\/brieger.ch\/fr\/wp-json\/wp\/v2\/qualitaet?post=99892"},{"taxonomy":"artikelart","embeddable":true,"href":"https:\/\/brieger.ch\/fr\/wp-json\/wp\/v2\/artikelart?post=99892"},{"taxonomy":"produktstatus","embeddable":true,"href":"https:\/\/brieger.ch\/fr\/wp-json\/wp\/v2\/produktstatus?post=99892"},{"taxonomy":"wellig","embeddable":true,"href":"https:\/\/brieger.ch\/fr\/wp-json\/wp\/v2\/wellig?post=99892"}],"curies":[{"name":"wp","href":"https:\/\/api.w.org\/{rel}","templated":true}]}}