{"id":89610,"date":"2024-05-16T07:42:26","date_gmt":"2024-05-16T05:42:27","guid":{"rendered":"https:\/\/brieger.ch\/?post_type=product&#038;p=89610"},"modified":"2025-06-16T16:49:40","modified_gmt":"2025-06-16T14:49:40","slug":"34140","status":"publish","type":"product","link":"https:\/\/brieger.ch\/fr\/product\/34140\/","title":{"rendered":"Harasses de d\u00e9m\u00e9nagement empilables|Harasses de transport brun"},"content":{"rendered":"<p>Caisse pliante double cannelure<br \/>\nCaisse en carton aller-retour, la caisse qui remplace le plastique !<br \/>\nCette caisse pliable peut \u00eatre r\u00e9utilis\u00e9e plusieurs fois. Du producteur au distributeur et retour au producteur jusqu\u2019\u00e0 6 \u00e0 8 fois ! Caisse robuste, empilable et r\u00e9sistante au froid. Ces trous permettent une a\u00e9ration des produits conditionn\u00e9s pour une temp\u00e9rature \u00e9gale dans toute la caisse. Les instructions de montage et d\u00e9montage de la caisse facilitent son utilisation.Id\u00e9ale pour vos produits laitiers ou d\u2019autres aliments.<\/p>\n","protected":false},"excerpt":{"rendered":"<p>Caisse pliante Double cannelure<\/p>\n","protected":false},"featured_media":90463,"comment_status":"closed","ping_status":"closed","template":"","meta":{"_searchwp_excluded":""},"product_brand":[],"product_cat":[800],"product_tag":[],"farbe":[813],"qualitaet":[146],"artikelart":[968,969],"produktstatus":[418],"wellig":[995],"class_list":{"0":"post-89610","1":"product","2":"type-product","3":"status-publish","4":"has-post-thumbnail","6":"product_cat-emballages-pour-transport-de-bouteilles","7":"farbe-brun","8":"qualitaet-4-5-mm","9":"artikelart-harasses-de-demenagement-empilables","10":"artikelart-harasses-de-transport","11":"produktstatus-sale","12":"wellig-2-cannelure","14":"first","15":"instock","16":"taxable","17":"shipping-taxable","18":"purchasable","19":"product-type-simple"},"tiered_pricing_type":"fixed","tiered_pricing_fixed_rules":[],"tiered_pricing_product_settings":{"layout":"default","base_unit_name":{"singular":null,"plural":null},"default_variation":null},"tiered_pricing_minimum_quantity":10,"tiered_pricing_roles_data":{"galenica-group":{"product_id":89610,"role":"galenica-group","pricing_type":"flat","regular_price":2.11,"sale_price":null,"discount":null,"discount_type":"sale_price","tiered_pricing_type":"fixed","percentage_rules":[],"fixed_rules":[],"minimum":10}},"tiered_pricing_percentage_rules":[],"tiered_pricing_maximum_quantity":null,"tiered_pricing_quantity_step":null,"_links":{"self":[{"href":"https:\/\/brieger.ch\/fr\/wp-json\/wp\/v2\/product\/89610","targetHints":{"allow":["GET"]}}],"collection":[{"href":"https:\/\/brieger.ch\/fr\/wp-json\/wp\/v2\/product"}],"about":[{"href":"https:\/\/brieger.ch\/fr\/wp-json\/wp\/v2\/types\/product"}],"replies":[{"embeddable":true,"href":"https:\/\/brieger.ch\/fr\/wp-json\/wp\/v2\/comments?post=89610"}],"wp:featuredmedia":[{"embeddable":true,"href":"https:\/\/brieger.ch\/fr\/wp-json\/wp\/v2\/media\/90463"}],"wp:attachment":[{"href":"https:\/\/brieger.ch\/fr\/wp-json\/wp\/v2\/media?parent=89610"}],"wp:term":[{"taxonomy":"product_brand","embeddable":true,"href":"https:\/\/brieger.ch\/fr\/wp-json\/wp\/v2\/product_brand?post=89610"},{"taxonomy":"product_cat","embeddable":true,"href":"https:\/\/brieger.ch\/fr\/wp-json\/wp\/v2\/product_cat?post=89610"},{"taxonomy":"product_tag","embeddable":true,"href":"https:\/\/brieger.ch\/fr\/wp-json\/wp\/v2\/product_tag?post=89610"},{"taxonomy":"farbe","embeddable":true,"href":"https:\/\/brieger.ch\/fr\/wp-json\/wp\/v2\/farbe?post=89610"},{"taxonomy":"qualitaet","embeddable":true,"href":"https:\/\/brieger.ch\/fr\/wp-json\/wp\/v2\/qualitaet?post=89610"},{"taxonomy":"artikelart","embeddable":true,"href":"https:\/\/brieger.ch\/fr\/wp-json\/wp\/v2\/artikelart?post=89610"},{"taxonomy":"produktstatus","embeddable":true,"href":"https:\/\/brieger.ch\/fr\/wp-json\/wp\/v2\/produktstatus?post=89610"},{"taxonomy":"wellig","embeddable":true,"href":"https:\/\/brieger.ch\/fr\/wp-json\/wp\/v2\/wellig?post=89610"}],"curies":[{"name":"wp","href":"https:\/\/api.w.org\/{rel}","templated":true}]}}