{"id":89488,"date":"2024-04-12T11:28:15","date_gmt":"2024-05-14T07:17:34","guid":{"rendered":"https:\/\/brieger.ch\/?post_type=product&#038;p=89488"},"modified":"2025-06-16T16:49:34","modified_gmt":"2025-06-16T14:49:34","slug":"35427","status":"publish","type":"product","link":"https:\/\/brieger.ch\/fr\/product\/35427\/","title":{"rendered":"Pochette a\u0300 frites brun"},"content":{"rendered":"<p>Pochette \u00e0 frites grande, 124 x 57 x 170 mm, brun, 1 pi\u00e8ce = 1 bo\u00eete de 1000 pochettes pliantes<\/p>\n","protected":false},"excerpt":{"rendered":"<p>Pochette \u00e0 frites grande, 124 x 57 x 170 mm, brun, 1 pi\u00e8ce = 1 bo\u00eete de 1000 pochettes pliantes<\/p>\n","protected":false},"featured_media":89434,"comment_status":"closed","ping_status":"closed","template":"","meta":{"_searchwp_excluded":""},"product_brand":[],"product_cat":[1255],"product_tag":[],"farbe":[813],"qualitaet":[],"artikelart":[1259],"produktstatus":[415],"wellig":[],"class_list":{"0":"post-89488","1":"product","2":"type-product","3":"status-publish","4":"has-post-thumbnail","6":"product_cat-gastro-fr","7":"farbe-brun","8":"artikelart-pochette-a-frites","9":"produktstatus-neu","11":"first","12":"instock","13":"taxable","14":"shipping-taxable","15":"purchasable","16":"product-type-simple"},"tiered_pricing_type":"fixed","tiered_pricing_fixed_rules":{"4":"116"},"tiered_pricing_product_settings":{"layout":"default","base_unit_name":{"singular":null,"plural":null},"default_variation":null},"tiered_pricing_minimum_quantity":null,"tiered_pricing_roles_data":[],"tiered_pricing_percentage_rules":[],"tiered_pricing_maximum_quantity":null,"tiered_pricing_quantity_step":null,"_links":{"self":[{"href":"https:\/\/brieger.ch\/fr\/wp-json\/wp\/v2\/product\/89488","targetHints":{"allow":["GET"]}}],"collection":[{"href":"https:\/\/brieger.ch\/fr\/wp-json\/wp\/v2\/product"}],"about":[{"href":"https:\/\/brieger.ch\/fr\/wp-json\/wp\/v2\/types\/product"}],"replies":[{"embeddable":true,"href":"https:\/\/brieger.ch\/fr\/wp-json\/wp\/v2\/comments?post=89488"}],"wp:featuredmedia":[{"embeddable":true,"href":"https:\/\/brieger.ch\/fr\/wp-json\/wp\/v2\/media\/89434"}],"wp:attachment":[{"href":"https:\/\/brieger.ch\/fr\/wp-json\/wp\/v2\/media?parent=89488"}],"wp:term":[{"taxonomy":"product_brand","embeddable":true,"href":"https:\/\/brieger.ch\/fr\/wp-json\/wp\/v2\/product_brand?post=89488"},{"taxonomy":"product_cat","embeddable":true,"href":"https:\/\/brieger.ch\/fr\/wp-json\/wp\/v2\/product_cat?post=89488"},{"taxonomy":"product_tag","embeddable":true,"href":"https:\/\/brieger.ch\/fr\/wp-json\/wp\/v2\/product_tag?post=89488"},{"taxonomy":"farbe","embeddable":true,"href":"https:\/\/brieger.ch\/fr\/wp-json\/wp\/v2\/farbe?post=89488"},{"taxonomy":"qualitaet","embeddable":true,"href":"https:\/\/brieger.ch\/fr\/wp-json\/wp\/v2\/qualitaet?post=89488"},{"taxonomy":"artikelart","embeddable":true,"href":"https:\/\/brieger.ch\/fr\/wp-json\/wp\/v2\/artikelart?post=89488"},{"taxonomy":"produktstatus","embeddable":true,"href":"https:\/\/brieger.ch\/fr\/wp-json\/wp\/v2\/produktstatus?post=89488"},{"taxonomy":"wellig","embeddable":true,"href":"https:\/\/brieger.ch\/fr\/wp-json\/wp\/v2\/wellig?post=89488"}],"curies":[{"name":"wp","href":"https:\/\/api.w.org\/{rel}","templated":true}]}}