{"id":89481,"date":"2024-04-12T15:46:17","date_gmt":"2024-05-14T07:11:19","guid":{"rendered":"https:\/\/brieger.ch\/?post_type=product&#038;p=89481"},"modified":"2025-06-16T16:49:26","modified_gmt":"2025-06-16T14:49:26","slug":"35462","status":"publish","type":"product","link":"https:\/\/brieger.ch\/fr\/product\/35462\/","title":{"rendered":"Bo\u00eete alimentaire carr\u00e9e brun"},"content":{"rendered":"<p>Bo\u00eete alimentaire eco line taille 3, 160 x 125 x 58 mm, brun, 1 pi\u00e8ce = 1 carton de 200 bo\u00eetes alimentaires<\/p>\n","protected":false},"excerpt":{"rendered":"<p>Bo\u00eete alimentaire eco line taille 3, 160 x 125 x 58 mm, brun, 1 pi\u00e8ce = 1 carton de 200 bo\u00eetes alimentaires<\/p>\n","protected":false},"featured_media":88280,"comment_status":"closed","ping_status":"closed","template":"","meta":{"_searchwp_excluded":""},"product_brand":[],"product_cat":[1255],"product_tag":[],"farbe":[813],"qualitaet":[],"artikelart":[1256],"produktstatus":[415],"wellig":[],"class_list":{"0":"post-89481","1":"product","2":"type-product","3":"status-publish","4":"has-post-thumbnail","6":"product_cat-gastro-fr","7":"farbe-brun","8":"artikelart-boite-alimentaire-carree","9":"produktstatus-neu","11":"first","12":"instock","13":"taxable","14":"shipping-taxable","15":"purchasable","16":"product-type-simple"},"tiered_pricing_type":"fixed","tiered_pricing_fixed_rules":{"4":"95"},"tiered_pricing_product_settings":{"layout":"default","base_unit_name":{"singular":null,"plural":null},"default_variation":null},"tiered_pricing_minimum_quantity":null,"tiered_pricing_roles_data":[],"tiered_pricing_percentage_rules":[],"tiered_pricing_maximum_quantity":null,"tiered_pricing_quantity_step":null,"_links":{"self":[{"href":"https:\/\/brieger.ch\/fr\/wp-json\/wp\/v2\/product\/89481","targetHints":{"allow":["GET"]}}],"collection":[{"href":"https:\/\/brieger.ch\/fr\/wp-json\/wp\/v2\/product"}],"about":[{"href":"https:\/\/brieger.ch\/fr\/wp-json\/wp\/v2\/types\/product"}],"replies":[{"embeddable":true,"href":"https:\/\/brieger.ch\/fr\/wp-json\/wp\/v2\/comments?post=89481"}],"wp:featuredmedia":[{"embeddable":true,"href":"https:\/\/brieger.ch\/fr\/wp-json\/wp\/v2\/media\/88280"}],"wp:attachment":[{"href":"https:\/\/brieger.ch\/fr\/wp-json\/wp\/v2\/media?parent=89481"}],"wp:term":[{"taxonomy":"product_brand","embeddable":true,"href":"https:\/\/brieger.ch\/fr\/wp-json\/wp\/v2\/product_brand?post=89481"},{"taxonomy":"product_cat","embeddable":true,"href":"https:\/\/brieger.ch\/fr\/wp-json\/wp\/v2\/product_cat?post=89481"},{"taxonomy":"product_tag","embeddable":true,"href":"https:\/\/brieger.ch\/fr\/wp-json\/wp\/v2\/product_tag?post=89481"},{"taxonomy":"farbe","embeddable":true,"href":"https:\/\/brieger.ch\/fr\/wp-json\/wp\/v2\/farbe?post=89481"},{"taxonomy":"qualitaet","embeddable":true,"href":"https:\/\/brieger.ch\/fr\/wp-json\/wp\/v2\/qualitaet?post=89481"},{"taxonomy":"artikelart","embeddable":true,"href":"https:\/\/brieger.ch\/fr\/wp-json\/wp\/v2\/artikelart?post=89481"},{"taxonomy":"produktstatus","embeddable":true,"href":"https:\/\/brieger.ch\/fr\/wp-json\/wp\/v2\/produktstatus?post=89481"},{"taxonomy":"wellig","embeddable":true,"href":"https:\/\/brieger.ch\/fr\/wp-json\/wp\/v2\/wellig?post=89481"}],"curies":[{"name":"wp","href":"https:\/\/api.w.org\/{rel}","templated":true}]}}