{"id":88823,"date":"2024-04-25T11:11:32","date_gmt":"2024-04-25T09:11:30","guid":{"rendered":"https:\/\/brieger.ch\/?post_type=product&#038;p=88823"},"modified":"2025-06-18T11:55:45","modified_gmt":"2025-06-18T09:55:45","slug":"61731","status":"publish","type":"product","link":"https:\/\/brieger.ch\/fr\/product\/61731\/","title":{"rendered":"Emballage portatif \u2013 Transport de bouteilles simple, pratique et \u00e9l\u00e9gant"},"content":{"rendered":"<p>Notre boxe est une <a href=\"https:\/\/brieger.ch\/fr\/emballages-postaux\/boites-dexpedition\/\" target=\"_blank\" rel=\"noopener\">bo\u00eete d&rsquo;exp\u00e9dition<\/a> de qualit\u00e9 sup\u00e9rieure en carton ondul\u00e9 \u00e0 simple cannelure avec un fond pratique pour distributeur automatique et une fermeture autocollante int\u00e9gr\u00e9e. Elle est parfaitement adapt\u00e9e \u00e0 l&rsquo;exp\u00e9dition s\u00fbre et rapide des produits les plus divers.<\/p>\n<p>Avec ses dimensions de 394 x 394 x 387 mm et un volume int\u00e9rieur de 0,0601 m\u00b3, cette <a href=\"https:\/\/brieger.ch\/fr\/boites\/boxes\/\" target=\"_blank\" rel=\"noopener\">bo\u00eete<\/a> offre suffisamment de place pour les articles de taille moyenne \u00e0 grande &#8211; que ce soit dans l&rsquo;entrep\u00f4t, <a href=\"https:\/\/brieger.ch\/fr\/e-commerce\/\" target=\"_blank\" rel=\"noopener\">le commerce<\/a> \u00e9lectronique ou pour l&rsquo;envoi quotidien de colis.<\/p>\n<p>Gr\u00e2ce au fond automatique, elle se dresse en un tour de main. La fermeture autocollante int\u00e9gr\u00e9e permet une fermeture simple et professionnelle &#8211; sans <a href=\"https:\/\/brieger.ch\/fr\/accessoires\/rubans-adhesifs-et-derouleurs\/\" target=\"_blank\" rel=\"noopener\">ruban adh\u00e9sif<\/a> suppl\u00e9mentaire. Cela permet de gagner du temps et d&rsquo;augmenter la s\u00e9curit\u00e9 lors du transport.<\/p>\n<h2>Avantages et possibilit\u00e9s d&rsquo;utilisation de la bo\u00eete 61731 avec fermeture autocollante :<\/h2>\n<ul>\n<li>Grande stabilit\u00e9 &#8211; carton ondul\u00e9 \u00e0 1 cannelure pour une protection fiable lors de l&rsquo;exp\u00e9dition<\/li>\n<li>Montage rapide &#8211; imm\u00e9diatement pr\u00eat \u00e0 l&#8217;emploi gr\u00e2ce au fond automatique<\/li>\n<li>Fermeture facile &#8211; fermeture autocollante int\u00e9gr\u00e9e permettant d&rsquo;\u00e9conomiser du temps et du ruban adh\u00e9sif<\/li>\n<li>Peu encombrant &amp; l\u00e9ger &#8211; poids propre de 110 g seulement, id\u00e9al pour l&rsquo;entrep\u00f4t et la logistique<\/li>\n<li>Imprimable individuellement &#8211; pour un branding professionnel ou des indications d&rsquo;exp\u00e9dition<\/li>\n<li>Polyvalentes &#8211; optimales pour le commerce \u00e9lectronique, l&rsquo;exp\u00e9dition de bureau ou l&rsquo;entreposage.<\/li>\n<\/ul>\n<p>Ces bo\u00eetes peuvent \u00eatre imprim\u00e9es individuellement et sont parfaitement empilables &#8211; parfaites pour les entreprises ayant des besoins d&rsquo;exp\u00e9dition r\u00e9guliers. Le mod\u00e8le 61731 est le bon choix pour ceux qui souhaitent acheter une bo\u00eete stable, rapidement mise en place et pouvant \u00eatre ferm\u00e9e de mani\u00e8re fiable.<\/p>\n<p>Cette solution est \u00e9galement id\u00e9ale pour les entreprises qui souhaitent acheter de grandes quantit\u00e9s de bo\u00eetes ou qui recherchent une <a href=\"https:\/\/brieger.ch\/fr\/boites\/boxes-avec-fermeture-autocollantes\/\" target=\"_blank\" rel=\"noopener\">bo\u00eete avec fermeture autocollante<\/a> pour une utilisation rapide.<\/p>\n<p>Commandez maintenant une bo\u00eete avec fermeture autocollante en ligne &#8211; pratique, s\u00fbre et efficace pour vos envois quotidiens.<\/p>\n","protected":false},"excerpt":{"rendered":"<p>Boxes 1-cannelure avec fond automatique, brun<br \/>\nAncien Nr.: 130\/14<\/p>\n","protected":false},"featured_media":33424,"comment_status":"closed","ping_status":"closed","template":"","meta":{"_searchwp_excluded":""},"product_brand":[],"product_cat":[1151,772,773,776],"product_tag":[],"farbe":[813],"qualitaet":[502],"artikelart":[1195],"produktstatus":[418],"wellig":[994],"class_list":{"0":"post-88823","1":"product","2":"type-product","3":"status-publish","4":"has-post-thumbnail","6":"product_cat-boites","7":"product_cat-boxes","8":"product_cat-boxes-1-cannelure","9":"product_cat-boxes-avec-fermeture-autocollantes","10":"farbe-brun","11":"qualitaet-4-0-mm","12":"artikelart-boxes-avec-fond-automatique-et-fermeture-autocollante","13":"produktstatus-sale","14":"wellig-1-cannelure","16":"first","17":"instock","18":"taxable","19":"shipping-taxable","20":"purchasable","21":"product-type-simple"},"tiered_pricing_type":"fixed","tiered_pricing_fixed_rules":[],"tiered_pricing_product_settings":{"layout":"default","base_unit_name":{"singular":null,"plural":null},"default_variation":null},"tiered_pricing_minimum_quantity":10,"tiered_pricing_roles_data":{"galenica-group":{"product_id":88823,"role":"galenica-group","pricing_type":"flat","regular_price":1.14,"sale_price":null,"discount":null,"discount_type":"sale_price","tiered_pricing_type":"fixed","percentage_rules":[],"fixed_rules":[],"minimum":null}},"tiered_pricing_percentage_rules":[],"tiered_pricing_maximum_quantity":null,"tiered_pricing_quantity_step":null,"_links":{"self":[{"href":"https:\/\/brieger.ch\/fr\/wp-json\/wp\/v2\/product\/88823","targetHints":{"allow":["GET"]}}],"collection":[{"href":"https:\/\/brieger.ch\/fr\/wp-json\/wp\/v2\/product"}],"about":[{"href":"https:\/\/brieger.ch\/fr\/wp-json\/wp\/v2\/types\/product"}],"replies":[{"embeddable":true,"href":"https:\/\/brieger.ch\/fr\/wp-json\/wp\/v2\/comments?post=88823"}],"wp:featuredmedia":[{"embeddable":true,"href":"https:\/\/brieger.ch\/fr\/wp-json\/wp\/v2\/media\/33424"}],"wp:attachment":[{"href":"https:\/\/brieger.ch\/fr\/wp-json\/wp\/v2\/media?parent=88823"}],"wp:term":[{"taxonomy":"product_brand","embeddable":true,"href":"https:\/\/brieger.ch\/fr\/wp-json\/wp\/v2\/product_brand?post=88823"},{"taxonomy":"product_cat","embeddable":true,"href":"https:\/\/brieger.ch\/fr\/wp-json\/wp\/v2\/product_cat?post=88823"},{"taxonomy":"product_tag","embeddable":true,"href":"https:\/\/brieger.ch\/fr\/wp-json\/wp\/v2\/product_tag?post=88823"},{"taxonomy":"farbe","embeddable":true,"href":"https:\/\/brieger.ch\/fr\/wp-json\/wp\/v2\/farbe?post=88823"},{"taxonomy":"qualitaet","embeddable":true,"href":"https:\/\/brieger.ch\/fr\/wp-json\/wp\/v2\/qualitaet?post=88823"},{"taxonomy":"artikelart","embeddable":true,"href":"https:\/\/brieger.ch\/fr\/wp-json\/wp\/v2\/artikelart?post=88823"},{"taxonomy":"produktstatus","embeddable":true,"href":"https:\/\/brieger.ch\/fr\/wp-json\/wp\/v2\/produktstatus?post=88823"},{"taxonomy":"wellig","embeddable":true,"href":"https:\/\/brieger.ch\/fr\/wp-json\/wp\/v2\/wellig?post=88823"}],"curies":[{"name":"wp","href":"https:\/\/api.w.org\/{rel}","templated":true}]}}