{"id":87233,"date":"2024-03-01T07:18:29","date_gmt":"2024-03-01T06:18:30","guid":{"rendered":"https:\/\/brieger.ch\/?post_type=product&#038;p=87233"},"modified":"2025-10-06T21:58:32","modified_gmt":"2025-10-06T19:58:32","slug":"45161","status":"publish","type":"product","link":"https:\/\/brieger.ch\/fr\/product\/45161\/","title":{"rendered":"Emballage universel VARIVEL brun \u2013 spacieux, r\u00e9sistant, polyvalent"},"content":{"rendered":"<p>Cet emballage universel extra-solide de la gamme VARIVEL est id\u00e9al pour les produits volumineux : classeurs, textiles, objets fragiles ou lots. Gr\u00e2ce \u00e0 sa forme carr\u00e9e, il offre beaucoup d&rsquo;espace et de profondeur, ce qui le rend id\u00e9al pour le stockage et l&rsquo;exp\u00e9dition.<\/p>\n<h2>Emballage universel avec sans fermeture autocollante \u2013 pour des contenus imposants et bien prot\u00e9g\u00e9s<\/h2>\n<p>Avec ses dimensions de 360 \u00d7 360 mm et une hauteur de 0 \u00e0 120 mm, cet emballage offre un espace particuli\u00e8rement g\u00e9n\u00e9reux. Le carton <a href=\"https:\/\/brieger.ch\/fr\/couleurs-brun\/\" target=\"_blank\" rel=\"noopener\">brun<\/a> \u00e9pais (430 g) assure une protection optimale tout en \u00e9tant facile \u00e0 fermer et peut \u00eatre personnalis\u00e9.<\/p>\n<h3>Avantages en un coup d\u2019\u0153il :<\/h3>\n<ul>\n<li>Grand <a href=\"https:\/\/brieger.ch\/fr\/formats-a5-a4-b4-b5\/\" target=\"_blank\" rel=\"noopener\">format<\/a> : 360 \u00d7 360 mm, hauteur 0 \u00e0 120 mm<\/li>\n<li>Carton brun tr\u00e8s r\u00e9sistant (poids net : 430 g)<\/li>\n<li>Bords coll\u00e9s pour une protection optimale sur tout le pourtour<\/li>\n<li>Imprimable avec logo ou design de marque<\/li>\n<li>Quantit\u00e9 minimale de commande : 25 pi\u00e8ces, lot de 25<\/li>\n<\/ul>\n","protected":false},"excerpt":{"rendered":"<p>L\u2019emballage universel Varivel double cannelure, varier la hauteur, sans fermetures autocollantes, brun<\/p>\n","protected":false},"featured_media":34245,"comment_status":"closed","ping_status":"closed","template":"","meta":{"_searchwp_excluded":""},"product_brand":[],"product_cat":[801],"product_tag":[],"farbe":[813],"qualitaet":[503],"artikelart":[886],"produktstatus":[415],"wellig":[995],"class_list":{"0":"post-87233","1":"product","2":"type-product","3":"status-publish","4":"has-post-thumbnail","6":"product_cat-lemballage-universel","7":"farbe-brun","8":"qualitaet-6-0-mm","9":"artikelart-lemballage-universel-varivel-double-cannelure-varier-la-hauteur-sans-fermetures-autocollantes","10":"produktstatus-neu","11":"wellig-2-cannelure","13":"first","14":"instock","15":"taxable","16":"shipping-taxable","17":"purchasable","18":"product-type-simple"},"tiered_pricing_type":"fixed","tiered_pricing_fixed_rules":{"50":"7.29","100":"6.5","225":"6.09","450":"4.84"},"tiered_pricing_product_settings":{"layout":"default","base_unit_name":{"singular":null,"plural":null},"default_variation":null},"tiered_pricing_minimum_quantity":25,"tiered_pricing_roles_data":{"galenica-group":{"product_id":87233,"role":"galenica-group","pricing_type":"flat","regular_price":1.96,"sale_price":null,"discount":null,"discount_type":"sale_price","tiered_pricing_type":"fixed","percentage_rules":[],"fixed_rules":[],"minimum":25}},"tiered_pricing_percentage_rules":[],"tiered_pricing_maximum_quantity":null,"tiered_pricing_quantity_step":null,"_links":{"self":[{"href":"https:\/\/brieger.ch\/fr\/wp-json\/wp\/v2\/product\/87233","targetHints":{"allow":["GET"]}}],"collection":[{"href":"https:\/\/brieger.ch\/fr\/wp-json\/wp\/v2\/product"}],"about":[{"href":"https:\/\/brieger.ch\/fr\/wp-json\/wp\/v2\/types\/product"}],"replies":[{"embeddable":true,"href":"https:\/\/brieger.ch\/fr\/wp-json\/wp\/v2\/comments?post=87233"}],"wp:featuredmedia":[{"embeddable":true,"href":"https:\/\/brieger.ch\/fr\/wp-json\/wp\/v2\/media\/34245"}],"wp:attachment":[{"href":"https:\/\/brieger.ch\/fr\/wp-json\/wp\/v2\/media?parent=87233"}],"wp:term":[{"taxonomy":"product_brand","embeddable":true,"href":"https:\/\/brieger.ch\/fr\/wp-json\/wp\/v2\/product_brand?post=87233"},{"taxonomy":"product_cat","embeddable":true,"href":"https:\/\/brieger.ch\/fr\/wp-json\/wp\/v2\/product_cat?post=87233"},{"taxonomy":"product_tag","embeddable":true,"href":"https:\/\/brieger.ch\/fr\/wp-json\/wp\/v2\/product_tag?post=87233"},{"taxonomy":"farbe","embeddable":true,"href":"https:\/\/brieger.ch\/fr\/wp-json\/wp\/v2\/farbe?post=87233"},{"taxonomy":"qualitaet","embeddable":true,"href":"https:\/\/brieger.ch\/fr\/wp-json\/wp\/v2\/qualitaet?post=87233"},{"taxonomy":"artikelart","embeddable":true,"href":"https:\/\/brieger.ch\/fr\/wp-json\/wp\/v2\/artikelart?post=87233"},{"taxonomy":"produktstatus","embeddable":true,"href":"https:\/\/brieger.ch\/fr\/wp-json\/wp\/v2\/produktstatus?post=87233"},{"taxonomy":"wellig","embeddable":true,"href":"https:\/\/brieger.ch\/fr\/wp-json\/wp\/v2\/wellig?post=87233"}],"curies":[{"name":"wp","href":"https:\/\/api.w.org\/{rel}","templated":true}]}}