{"id":85456,"date":"2024-01-26T10:21:37","date_gmt":"2024-01-26T09:21:38","guid":{"rendered":"https:\/\/brieger.ch\/?post_type=product&#038;p=85456"},"modified":"2025-06-20T11:25:29","modified_gmt":"2025-06-20T09:25:29","slug":"76219","status":"publish","type":"product","link":"https:\/\/brieger.ch\/fr\/product\/76219\/","title":{"rendered":"Papier d&#8217;emballage gris, en bo\u00eete distributrice"},"content":{"rendered":"<div class=\"productinfo_bei_bild\">\n<p>Papier de rembourrage gaufr\u00e9, 350 mm x 55 m, dans une bo\u00eete distributrice, papier 100 % recycl\u00e9, 125 g\/m2, picots gaufr\u00e9s.\u00a0Tr\u00e8s bon effet de rembourrage, dans une bo\u00eete distributrice 300 x 300 x 400 mm.\u00a0Utilisation mobile et gain de place ainsi qu&rsquo;un retrait facile du papier gr\u00e2ce au bord d\u00e9tachable.<\/p>\n<\/div>\n","protected":false},"excerpt":{"rendered":"<p>Papier de rembourrage gaufr\u00e9, 350 mm x 55 m, dans une bo\u00eete distributrice, papier 100 % recycl\u00e9, 125 g\/m2, picots gaufr\u00e9s.\u00a0Tr\u00e8s bon effet de rembourrage, dans une bo\u00eete distributrice 300 x 300 x 400 mm.\u00a0Utilisation mobile et gain de place ainsi qu&rsquo;un retrait facile du papier gr\u00e2ce au bord d\u00e9tachable.<\/p>\n","protected":false},"featured_media":85458,"comment_status":"closed","ping_status":"closed","template":"","meta":{"_searchwp_excluded":""},"product_brand":[],"product_cat":[780],"product_tag":[],"farbe":[809],"qualitaet":[],"artikelart":[910],"produktstatus":[],"wellig":[],"class_list":{"0":"post-85456","1":"product","2":"type-product","3":"status-publish","4":"has-post-thumbnail","6":"product_cat-materiel-de-remplissage-et-de-rembourrage","7":"farbe-gris","8":"artikelart-papier-demballage","10":"first","11":"instock","12":"taxable","13":"shipping-taxable","14":"purchasable","15":"product-type-simple"},"tiered_pricing_type":"fixed","tiered_pricing_fixed_rules":{"5":"43.89","10":"40.04","20":"38.5","48":"36.96"},"tiered_pricing_product_settings":{"layout":"default","base_unit_name":{"singular":null,"plural":null},"default_variation":null},"tiered_pricing_minimum_quantity":null,"tiered_pricing_roles_data":{"galenica-group":{"product_id":85456,"role":"galenica-group","pricing_type":"flat","regular_price":44.88,"sale_price":null,"discount":null,"discount_type":"sale_price","tiered_pricing_type":"fixed","percentage_rules":[],"fixed_rules":[],"minimum":null}},"tiered_pricing_percentage_rules":[],"tiered_pricing_maximum_quantity":null,"tiered_pricing_quantity_step":null,"_links":{"self":[{"href":"https:\/\/brieger.ch\/fr\/wp-json\/wp\/v2\/product\/85456","targetHints":{"allow":["GET"]}}],"collection":[{"href":"https:\/\/brieger.ch\/fr\/wp-json\/wp\/v2\/product"}],"about":[{"href":"https:\/\/brieger.ch\/fr\/wp-json\/wp\/v2\/types\/product"}],"replies":[{"embeddable":true,"href":"https:\/\/brieger.ch\/fr\/wp-json\/wp\/v2\/comments?post=85456"}],"wp:featuredmedia":[{"embeddable":true,"href":"https:\/\/brieger.ch\/fr\/wp-json\/wp\/v2\/media\/85458"}],"wp:attachment":[{"href":"https:\/\/brieger.ch\/fr\/wp-json\/wp\/v2\/media?parent=85456"}],"wp:term":[{"taxonomy":"product_brand","embeddable":true,"href":"https:\/\/brieger.ch\/fr\/wp-json\/wp\/v2\/product_brand?post=85456"},{"taxonomy":"product_cat","embeddable":true,"href":"https:\/\/brieger.ch\/fr\/wp-json\/wp\/v2\/product_cat?post=85456"},{"taxonomy":"product_tag","embeddable":true,"href":"https:\/\/brieger.ch\/fr\/wp-json\/wp\/v2\/product_tag?post=85456"},{"taxonomy":"farbe","embeddable":true,"href":"https:\/\/brieger.ch\/fr\/wp-json\/wp\/v2\/farbe?post=85456"},{"taxonomy":"qualitaet","embeddable":true,"href":"https:\/\/brieger.ch\/fr\/wp-json\/wp\/v2\/qualitaet?post=85456"},{"taxonomy":"artikelart","embeddable":true,"href":"https:\/\/brieger.ch\/fr\/wp-json\/wp\/v2\/artikelart?post=85456"},{"taxonomy":"produktstatus","embeddable":true,"href":"https:\/\/brieger.ch\/fr\/wp-json\/wp\/v2\/produktstatus?post=85456"},{"taxonomy":"wellig","embeddable":true,"href":"https:\/\/brieger.ch\/fr\/wp-json\/wp\/v2\/wellig?post=85456"}],"curies":[{"name":"wp","href":"https:\/\/api.w.org\/{rel}","templated":true}]}}