{"id":83378,"date":"2023-11-27T07:52:05","date_gmt":"2023-11-27T06:52:07","guid":{"rendered":"https:\/\/brieger.ch\/?post_type=product&#038;p=83378"},"modified":"2025-06-20T09:33:35","modified_gmt":"2025-06-20T07:33:35","slug":"52645","status":"publish","type":"product","link":"https:\/\/brieger.ch\/fr\/product\/52645\/","title":{"rendered":"Enveloppe carton ondul\u00e9 BRIMAIL \u2013 Pour exp\u00e9ditions professionnelles de documents et articles plats"},"content":{"rendered":"<p>Si vous souhaitez envoyer des documents, brochures, catalogues ou produits plats de mani\u00e8re fiable, propre et efficace, cette <a href=\"https:\/\/brieger.ch\/fr\/emballages-postaux\/enveloppes\/\" target=\"_blank\" rel=\"noopener\">enveloppe BRIMAIL<\/a> est la solution id\u00e9ale. Gr\u00e2ce \u00e0 sa capacit\u00e9 de 70 mm et son mat\u00e9riau ondul\u00e9 solide, son contenu reste prot\u00e9g\u00e9 contre les plis ou dommages, m\u00eame en cas de transport intensif.<br \/>\nLa bande d\u2019arrachage int\u00e9gr\u00e9e permet au destinataire d\u2019ouvrir facilement l\u2019enveloppe, pour une exp\u00e9rience utilisateur am\u00e9lior\u00e9e. Avec un poids plume de 83 g, elle reste \u00e9conomique \u00e0 l\u2019envoi. De <a href=\"https:\/\/brieger.ch\/fr\/couleurs-brun\/\" target=\"_blank\" rel=\"noopener\">couleur brun<\/a>, elle est \u00e9galement personnalisable \u00e0 l\u2019impression \u2013 parfait pour un envoi d\u2019image professionnelle.<\/p>\n<h2>Avantages du produit en d\u00e9tail :<\/h2>\n<ul>\n<li>Bande d\u2019arrachage int\u00e9gr\u00e9e \u2013 facilite l\u2019ouverture sans outil<\/li>\n<li><a href=\"https:\/\/brieger.ch\/fr\/b4\/\" target=\"_blank\" rel=\"noopener\">Format B4<\/a> (250 \u00d7 350 mm) \u2013 adapt\u00e9 \u00e0 de nombreux types de documents<\/li>\n<li>Jusqu\u2019\u00e0 70 mm de capacit\u00e9 \u2013 id\u00e9al pour catalogues, brochures ou plusieurs \u00e9l\u00e9ments<\/li>\n<li>Tr\u00e8s l\u00e9ger (83 g) \u2013 permet d\u2019\u00e9conomiser sur les frais d\u2019envoi en grand volume<\/li>\n<li>Respectueux de l\u2019environnement et recyclable<\/li>\n<li>Personnalisable sur demande (logo, adresse, message)<\/li>\n<li>Livraison \u00e0 partir de 50 unit\u00e9s \u2013 \u00e9galement adapt\u00e9 aux petites entreprises<\/li>\n<\/ul>\n<p>Faites confiance \u00e0 l\u2019enveloppe BRIMAIL B4 pour garantir une <a href=\"https:\/\/brieger.ch\/fr\/emballages-postaux\/enveloppes-dexpedition\/\" target=\"_blank\" rel=\"noopener\">exp\u00e9dition<\/a> propre, fiable et valorisante pour votre entreprise.<\/p>\n","protected":false},"excerpt":{"rendered":"<p>Enveloppes en carton ondul\u00e9 brun, avec bande d&rsquo;arrachage pour contenu jusqu&rsquo;\u00e0 70 mm<\/p>\n","protected":false},"featured_media":86791,"comment_status":"closed","ping_status":"closed","template":"","meta":{"_searchwp_excluded":""},"product_brand":[],"product_cat":[786],"product_tag":[],"farbe":[813],"qualitaet":[142],"artikelart":[836],"produktstatus":[],"wellig":[994],"class_list":{"0":"post-83378","1":"product","2":"type-product","3":"status-publish","4":"has-post-thumbnail","6":"product_cat-enveloppes","7":"farbe-brun","8":"qualitaet-1-5-mm","9":"artikelart-enveloppes-en-carton-ondule","10":"wellig-1-cannelure","12":"first","13":"instock","14":"featured","15":"taxable","16":"shipping-taxable","17":"purchasable","18":"product-type-simple"},"tiered_pricing_type":"fixed","tiered_pricing_fixed_rules":{"100":"1.2","200":"0.98","500":"0.75","1000":"0.59","2400":"0.55","4800":"0.54"},"tiered_pricing_product_settings":{"layout":"default","base_unit_name":{"singular":null,"plural":null},"default_variation":null},"tiered_pricing_minimum_quantity":50,"tiered_pricing_roles_data":[],"tiered_pricing_percentage_rules":[],"tiered_pricing_maximum_quantity":null,"tiered_pricing_quantity_step":null,"_links":{"self":[{"href":"https:\/\/brieger.ch\/fr\/wp-json\/wp\/v2\/product\/83378","targetHints":{"allow":["GET"]}}],"collection":[{"href":"https:\/\/brieger.ch\/fr\/wp-json\/wp\/v2\/product"}],"about":[{"href":"https:\/\/brieger.ch\/fr\/wp-json\/wp\/v2\/types\/product"}],"replies":[{"embeddable":true,"href":"https:\/\/brieger.ch\/fr\/wp-json\/wp\/v2\/comments?post=83378"}],"wp:featuredmedia":[{"embeddable":true,"href":"https:\/\/brieger.ch\/fr\/wp-json\/wp\/v2\/media\/86791"}],"wp:attachment":[{"href":"https:\/\/brieger.ch\/fr\/wp-json\/wp\/v2\/media?parent=83378"}],"wp:term":[{"taxonomy":"product_brand","embeddable":true,"href":"https:\/\/brieger.ch\/fr\/wp-json\/wp\/v2\/product_brand?post=83378"},{"taxonomy":"product_cat","embeddable":true,"href":"https:\/\/brieger.ch\/fr\/wp-json\/wp\/v2\/product_cat?post=83378"},{"taxonomy":"product_tag","embeddable":true,"href":"https:\/\/brieger.ch\/fr\/wp-json\/wp\/v2\/product_tag?post=83378"},{"taxonomy":"farbe","embeddable":true,"href":"https:\/\/brieger.ch\/fr\/wp-json\/wp\/v2\/farbe?post=83378"},{"taxonomy":"qualitaet","embeddable":true,"href":"https:\/\/brieger.ch\/fr\/wp-json\/wp\/v2\/qualitaet?post=83378"},{"taxonomy":"artikelart","embeddable":true,"href":"https:\/\/brieger.ch\/fr\/wp-json\/wp\/v2\/artikelart?post=83378"},{"taxonomy":"produktstatus","embeddable":true,"href":"https:\/\/brieger.ch\/fr\/wp-json\/wp\/v2\/produktstatus?post=83378"},{"taxonomy":"wellig","embeddable":true,"href":"https:\/\/brieger.ch\/fr\/wp-json\/wp\/v2\/wellig?post=83378"}],"curies":[{"name":"wp","href":"https:\/\/api.w.org\/{rel}","templated":true}]}}