{"id":77449,"date":"2023-05-16T10:00:32","date_gmt":"2023-05-16T08:00:34","guid":{"rendered":"https:\/\/brieger.ch\/?post_type=product&#038;p=77449"},"modified":"2025-06-16T16:47:42","modified_gmt":"2025-06-16T14:47:42","slug":"67612","status":"publish","type":"product","link":"https:\/\/brieger.ch\/fr\/product\/67612\/","title":{"rendered":"Etiquettes autocollantes, Logo PAP 20, Format 40 x 10 mm &#8211; Quantit\u00e9 de vente: 1 bo\u00eete =\u00a0 500 \u00e9tiquettes"},"content":{"rendered":"<p>Etiquettes autocollantes, Logo PAP 20, Format 40 x 10 mm &#8211; Quantit\u00e9 de vente: 1 bo\u00eete =\u00a0 500 \u00e9tiquettes<\/p>\n","protected":false},"excerpt":{"rendered":"<p>Etiquettes autocollantes, Logo PAP 20, Format 40 x 10 mm &#8211; Quantit\u00e9 de vente: 1 bo\u00eete =\u00a0 500 \u00e9tiquettes<\/p>\n","protected":false},"featured_media":77452,"comment_status":"closed","ping_status":"closed","template":"","meta":{"_searchwp_excluded":""},"product_brand":[],"product_cat":[785],"product_tag":[],"farbe":[],"qualitaet":[],"artikelart":[],"produktstatus":[],"wellig":[],"class_list":{"0":"post-77449","1":"product","2":"type-product","3":"status-publish","4":"has-post-thumbnail","6":"product_cat-rubans-adhesifs-et-derouleurs","8":"first","9":"instock","10":"taxable","11":"shipping-taxable","12":"purchasable","13":"product-type-simple"},"tiered_pricing_type":"fixed","tiered_pricing_fixed_rules":{"4":"28.00","6":"25.00"},"tiered_pricing_product_settings":{"layout":"default","base_unit_name":{"singular":null,"plural":null},"default_variation":null},"tiered_pricing_minimum_quantity":2,"tiered_pricing_roles_data":{"galenica-group":{"product_id":77449,"role":"galenica-group","pricing_type":"flat","regular_price":21.25,"sale_price":null,"discount":null,"discount_type":"sale_price","tiered_pricing_type":"fixed","percentage_rules":[],"fixed_rules":[],"minimum":2}},"tiered_pricing_percentage_rules":[],"tiered_pricing_maximum_quantity":null,"tiered_pricing_quantity_step":null,"_links":{"self":[{"href":"https:\/\/brieger.ch\/fr\/wp-json\/wp\/v2\/product\/77449","targetHints":{"allow":["GET"]}}],"collection":[{"href":"https:\/\/brieger.ch\/fr\/wp-json\/wp\/v2\/product"}],"about":[{"href":"https:\/\/brieger.ch\/fr\/wp-json\/wp\/v2\/types\/product"}],"replies":[{"embeddable":true,"href":"https:\/\/brieger.ch\/fr\/wp-json\/wp\/v2\/comments?post=77449"}],"wp:featuredmedia":[{"embeddable":true,"href":"https:\/\/brieger.ch\/fr\/wp-json\/wp\/v2\/media\/77452"}],"wp:attachment":[{"href":"https:\/\/brieger.ch\/fr\/wp-json\/wp\/v2\/media?parent=77449"}],"wp:term":[{"taxonomy":"product_brand","embeddable":true,"href":"https:\/\/brieger.ch\/fr\/wp-json\/wp\/v2\/product_brand?post=77449"},{"taxonomy":"product_cat","embeddable":true,"href":"https:\/\/brieger.ch\/fr\/wp-json\/wp\/v2\/product_cat?post=77449"},{"taxonomy":"product_tag","embeddable":true,"href":"https:\/\/brieger.ch\/fr\/wp-json\/wp\/v2\/product_tag?post=77449"},{"taxonomy":"farbe","embeddable":true,"href":"https:\/\/brieger.ch\/fr\/wp-json\/wp\/v2\/farbe?post=77449"},{"taxonomy":"qualitaet","embeddable":true,"href":"https:\/\/brieger.ch\/fr\/wp-json\/wp\/v2\/qualitaet?post=77449"},{"taxonomy":"artikelart","embeddable":true,"href":"https:\/\/brieger.ch\/fr\/wp-json\/wp\/v2\/artikelart?post=77449"},{"taxonomy":"produktstatus","embeddable":true,"href":"https:\/\/brieger.ch\/fr\/wp-json\/wp\/v2\/produktstatus?post=77449"},{"taxonomy":"wellig","embeddable":true,"href":"https:\/\/brieger.ch\/fr\/wp-json\/wp\/v2\/wellig?post=77449"}],"curies":[{"name":"wp","href":"https:\/\/api.w.org\/{rel}","templated":true}]}}