{"id":76131,"date":"2023-03-27T16:07:06","date_gmt":"2023-03-27T14:07:07","guid":{"rendered":"https:\/\/brieger.ch\/?post_type=product&#038;p=76131"},"modified":"2025-06-16T16:47:02","modified_gmt":"2025-06-16T14:47:02","slug":"75631","status":"publish","type":"product","link":"https:\/\/brieger.ch\/fr\/product\/75631\/","title":{"rendered":"Bo\u00eetes \u00e0 fermeture rapide 1-cannelure noir"},"content":{"rendered":"<p>Bo\u00eetes \u00e0 fermeture rapide, noir, Norm A5, Ligne noire<\/p>\n","protected":false},"excerpt":{"rendered":"<p>Bo\u00eetes \u00e0 fermeture rapide, noir, Norm A5, Ligne noire<\/p>\n","protected":false},"featured_media":34848,"comment_status":"closed","ping_status":"closed","template":"","meta":{"_searchwp_excluded":""},"product_brand":[],"product_cat":[783,1075],"product_tag":[],"farbe":[822],"qualitaet":[142],"artikelart":[894],"produktstatus":[],"wellig":[994],"class_list":{"0":"post-76131","1":"product","2":"type-product","3":"status-publish","4":"has-post-thumbnail","6":"product_cat-boites-a-fermeture-rapide","7":"product_cat-ligne-noire-fr","8":"farbe-noir","9":"qualitaet-1-5-mm","10":"artikelart-boites-a-fermeture-rapide-1-cannelure","11":"wellig-1-cannelure","13":"first","14":"instock","15":"taxable","16":"shipping-taxable","17":"purchasable","18":"product-type-simple"},"tiered_pricing_type":"fixed","tiered_pricing_fixed_rules":{"50":"3.88","100":"2.84","500":"1.69","1000":"1.49","2000":"1.35"},"tiered_pricing_product_settings":{"layout":"default","base_unit_name":{"singular":null,"plural":null},"default_variation":null},"tiered_pricing_minimum_quantity":10,"tiered_pricing_roles_data":{"galenica-group":{"product_id":76131,"role":"galenica-group","pricing_type":"flat","regular_price":1.11,"sale_price":null,"discount":null,"discount_type":"sale_price","tiered_pricing_type":"fixed","percentage_rules":[],"fixed_rules":[],"minimum":10}},"tiered_pricing_percentage_rules":[],"tiered_pricing_maximum_quantity":null,"tiered_pricing_quantity_step":null,"_links":{"self":[{"href":"https:\/\/brieger.ch\/fr\/wp-json\/wp\/v2\/product\/76131","targetHints":{"allow":["GET"]}}],"collection":[{"href":"https:\/\/brieger.ch\/fr\/wp-json\/wp\/v2\/product"}],"about":[{"href":"https:\/\/brieger.ch\/fr\/wp-json\/wp\/v2\/types\/product"}],"replies":[{"embeddable":true,"href":"https:\/\/brieger.ch\/fr\/wp-json\/wp\/v2\/comments?post=76131"}],"wp:featuredmedia":[{"embeddable":true,"href":"https:\/\/brieger.ch\/fr\/wp-json\/wp\/v2\/media\/34848"}],"wp:attachment":[{"href":"https:\/\/brieger.ch\/fr\/wp-json\/wp\/v2\/media?parent=76131"}],"wp:term":[{"taxonomy":"product_brand","embeddable":true,"href":"https:\/\/brieger.ch\/fr\/wp-json\/wp\/v2\/product_brand?post=76131"},{"taxonomy":"product_cat","embeddable":true,"href":"https:\/\/brieger.ch\/fr\/wp-json\/wp\/v2\/product_cat?post=76131"},{"taxonomy":"product_tag","embeddable":true,"href":"https:\/\/brieger.ch\/fr\/wp-json\/wp\/v2\/product_tag?post=76131"},{"taxonomy":"farbe","embeddable":true,"href":"https:\/\/brieger.ch\/fr\/wp-json\/wp\/v2\/farbe?post=76131"},{"taxonomy":"qualitaet","embeddable":true,"href":"https:\/\/brieger.ch\/fr\/wp-json\/wp\/v2\/qualitaet?post=76131"},{"taxonomy":"artikelart","embeddable":true,"href":"https:\/\/brieger.ch\/fr\/wp-json\/wp\/v2\/artikelart?post=76131"},{"taxonomy":"produktstatus","embeddable":true,"href":"https:\/\/brieger.ch\/fr\/wp-json\/wp\/v2\/produktstatus?post=76131"},{"taxonomy":"wellig","embeddable":true,"href":"https:\/\/brieger.ch\/fr\/wp-json\/wp\/v2\/wellig?post=76131"}],"curies":[{"name":"wp","href":"https:\/\/api.w.org\/{rel}","templated":true}]}}