{"id":68024,"date":"2022-08-02T14:31:05","date_gmt":"2022-08-02T12:31:05","guid":{"rendered":"https:\/\/brieger.ch\/?post_type=product&#038;p=68024"},"modified":"2025-07-11T15:31:12","modified_gmt":"2025-07-11T13:31:12","slug":"45740","status":"publish","type":"product","link":"https:\/\/brieger.ch\/fr\/product\/45740\/","title":{"rendered":"Emballage universel avec fermeture autocollante \u2013 Carton VARIFIX 330 x 270 x 0-80 mm, brun"},"content":{"rendered":"<p><a href=\"https:\/\/brieger.ch\/fr\/emballages-postaux\/\" target=\"_blank\" rel=\"noopener\">L\u2019emballage<\/a> \u00e0 hauteur variable VARIFIX 330 x 270 x 0-80 mm en brun est con\u00e7u pour offrir une solution d\u2019emballage universel avec fermeture autocollante efficace et fiable. Il est parfaitement adapt\u00e9 \u00e0 l\u2019envoi de documents, de petits objets ou de pi\u00e8ces d\u00e9tach\u00e9es. Gr\u00e2ce \u00e0 sa fermeture autocollante int\u00e9gr\u00e9e, l\u2019emballage se referme rapidement, sans <a href=\"https:\/\/brieger.ch\/fr\/accessoires\/rubans-adhesifs-et-derouleurs\/\" target=\"_blank\" rel=\"noopener\">ruban adh\u00e9sif<\/a>. Une bande d\u2019arrachage int\u00e9gr\u00e9e facilite l\u2019ouverture pour le destinataire.<\/p>\n<p>Fabriqu\u00e9 en carton ondul\u00e9 robuste, ce carton d\u2019exp\u00e9dition avec fermeture autocollante prot\u00e8ge efficacement son contenu contre les chocs et les dommages. Sa conception plate permet un stockage peu encombrant et une manipulation rapide. Sa couleur brune naturelle lui conf\u00e8re une apparence professionnelle et neutre, parfaitement adapt\u00e9e \u00e0 tous les secteurs d\u2019activit\u00e9.<\/p>\n<h2>Avantages et caract\u00e9ristiques du carton VARIFIX 330 x 270 x 0-80 mm :<\/h2>\n<ul>\n<li>Format id\u00e9al pour produits plats, documents ou accessoires<\/li>\n<li>Fermeture autocollante int\u00e9gr\u00e9e \u2013 rapide, propre et s\u00e9curis\u00e9e<\/li>\n<li>Bande d\u2019arrachage pour une ouverture facile<\/li>\n<li>Carton ondul\u00e9 solide \u2013 protection optimale pendant le transport<\/li>\n<li>Emballage livr\u00e9 \u00e0 plat \u2013 gain de place en entrep\u00f4t<\/li>\n<li>Mat\u00e9riau recyclable \u2013 solution d\u2019exp\u00e9dition \u00e9cologique<\/li>\n<li>Convient \u00e0 de nombreux usages \u2013 <a href=\"https:\/\/brieger.ch\/fr\/e-commerce\/\" target=\"_blank\" rel=\"noopener\">e-commerce,<\/a> logistique, bureaux ou retours<\/li>\n<\/ul>\n<div id=\"gtx-trans\" style=\"position: absolute; left: -42px; top: 0px;\">\n<div class=\"gtx-trans-icon\"><\/div>\n<\/div>\n","protected":false},"excerpt":{"rendered":"<p>L\u2019emballage universel Varifix, varier la hauteur, avec 1 fermeture autocollante, brun, Ancien Nr. Brieger 64\/30<\/p>\n","protected":false},"featured_media":34179,"comment_status":"closed","ping_status":"closed","template":"","meta":{"_searchwp_excluded":""},"product_brand":[],"product_cat":[801,1155],"product_tag":[],"farbe":[813],"qualitaet":[144],"artikelart":[883],"produktstatus":[],"wellig":[994],"class_list":{"0":"post-68024","1":"product","2":"type-product","3":"status-publish","4":"has-post-thumbnail","6":"product_cat-lemballage-universel","7":"product_cat-varifix-fr","8":"farbe-brun","9":"qualitaet-3-0-mm","10":"artikelart-lemballage-universel-varifix-varier-la-hauteur-avec-1-fermetures-autocollantes","11":"wellig-1-cannelure","13":"first","14":"instock","15":"taxable","16":"shipping-taxable","17":"purchasable","18":"product-type-simple"},"tiered_pricing_type":"fixed","tiered_pricing_fixed_rules":{"50":"1.95","100":"1.65","200":"1.5","500":"1.43","800":"1.33","1600":"1.29"},"tiered_pricing_product_settings":{"layout":"default","base_unit_name":{"singular":null,"plural":null},"default_variation":null},"tiered_pricing_minimum_quantity":25,"tiered_pricing_roles_data":{"galenica-group":{"product_id":68024,"role":"galenica-group","pricing_type":"flat","regular_price":1.04,"sale_price":null,"discount":null,"discount_type":"sale_price","tiered_pricing_type":"fixed","percentage_rules":[],"fixed_rules":[],"minimum":25}},"tiered_pricing_percentage_rules":[],"tiered_pricing_maximum_quantity":null,"tiered_pricing_quantity_step":null,"_links":{"self":[{"href":"https:\/\/brieger.ch\/fr\/wp-json\/wp\/v2\/product\/68024","targetHints":{"allow":["GET"]}}],"collection":[{"href":"https:\/\/brieger.ch\/fr\/wp-json\/wp\/v2\/product"}],"about":[{"href":"https:\/\/brieger.ch\/fr\/wp-json\/wp\/v2\/types\/product"}],"replies":[{"embeddable":true,"href":"https:\/\/brieger.ch\/fr\/wp-json\/wp\/v2\/comments?post=68024"}],"wp:featuredmedia":[{"embeddable":true,"href":"https:\/\/brieger.ch\/fr\/wp-json\/wp\/v2\/media\/34179"}],"wp:attachment":[{"href":"https:\/\/brieger.ch\/fr\/wp-json\/wp\/v2\/media?parent=68024"}],"wp:term":[{"taxonomy":"product_brand","embeddable":true,"href":"https:\/\/brieger.ch\/fr\/wp-json\/wp\/v2\/product_brand?post=68024"},{"taxonomy":"product_cat","embeddable":true,"href":"https:\/\/brieger.ch\/fr\/wp-json\/wp\/v2\/product_cat?post=68024"},{"taxonomy":"product_tag","embeddable":true,"href":"https:\/\/brieger.ch\/fr\/wp-json\/wp\/v2\/product_tag?post=68024"},{"taxonomy":"farbe","embeddable":true,"href":"https:\/\/brieger.ch\/fr\/wp-json\/wp\/v2\/farbe?post=68024"},{"taxonomy":"qualitaet","embeddable":true,"href":"https:\/\/brieger.ch\/fr\/wp-json\/wp\/v2\/qualitaet?post=68024"},{"taxonomy":"artikelart","embeddable":true,"href":"https:\/\/brieger.ch\/fr\/wp-json\/wp\/v2\/artikelart?post=68024"},{"taxonomy":"produktstatus","embeddable":true,"href":"https:\/\/brieger.ch\/fr\/wp-json\/wp\/v2\/produktstatus?post=68024"},{"taxonomy":"wellig","embeddable":true,"href":"https:\/\/brieger.ch\/fr\/wp-json\/wp\/v2\/wellig?post=68024"}],"curies":[{"name":"wp","href":"https:\/\/api.w.org\/{rel}","templated":true}]}}