{"id":65035,"date":"2022-04-13T10:09:57","date_gmt":"2022-04-13T08:09:57","guid":{"rendered":"https:\/\/brieger.ch\/?post_type=product&#038;p=65035"},"modified":"2025-06-16T16:45:24","modified_gmt":"2025-06-16T14:45:24","slug":"83731","status":"publish","type":"product","link":"https:\/\/brieger.ch\/fr\/product\/83731\/","title":{"rendered":"Machine pour coussins d&rsquo;air en papier"},"content":{"rendered":"<p>Machine pour coussins d&rsquo;air en papier, l\u00e9ger seulement 5.6kg, approuv\u00e9e CE et RoHS.\u00a0Coussins d&rsquo;air, Air Buddy Paper Wave, peuvent \u00eatre command\u00e9s avec le num\u00e9ro <a href=\"https:\/\/brieger.ch\/produkt\/83732\/\">83732<\/a>.<\/p>\n","protected":false},"excerpt":{"rendered":"<p>Machine pour coussins d&rsquo;air en papier<\/p>\n","protected":false},"featured_media":65037,"comment_status":"closed","ping_status":"closed","template":"","meta":{"_searchwp_excluded":""},"product_brand":[],"product_cat":[780],"product_tag":[],"farbe":[],"qualitaet":[],"artikelart":[],"produktstatus":[],"wellig":[],"class_list":{"0":"post-65035","1":"product","2":"type-product","3":"status-publish","4":"has-post-thumbnail","6":"product_cat-materiel-de-remplissage-et-de-rembourrage","8":"first","9":"instock","10":"taxable","11":"shipping-taxable","12":"purchasable","13":"product-type-simple"},"tiered_pricing_type":"fixed","tiered_pricing_fixed_rules":[],"tiered_pricing_product_settings":{"layout":"default","base_unit_name":{"singular":null,"plural":null},"default_variation":null},"tiered_pricing_minimum_quantity":null,"tiered_pricing_roles_data":[],"tiered_pricing_percentage_rules":[],"tiered_pricing_maximum_quantity":null,"tiered_pricing_quantity_step":null,"_links":{"self":[{"href":"https:\/\/brieger.ch\/fr\/wp-json\/wp\/v2\/product\/65035","targetHints":{"allow":["GET"]}}],"collection":[{"href":"https:\/\/brieger.ch\/fr\/wp-json\/wp\/v2\/product"}],"about":[{"href":"https:\/\/brieger.ch\/fr\/wp-json\/wp\/v2\/types\/product"}],"replies":[{"embeddable":true,"href":"https:\/\/brieger.ch\/fr\/wp-json\/wp\/v2\/comments?post=65035"}],"wp:featuredmedia":[{"embeddable":true,"href":"https:\/\/brieger.ch\/fr\/wp-json\/wp\/v2\/media\/65037"}],"wp:attachment":[{"href":"https:\/\/brieger.ch\/fr\/wp-json\/wp\/v2\/media?parent=65035"}],"wp:term":[{"taxonomy":"product_brand","embeddable":true,"href":"https:\/\/brieger.ch\/fr\/wp-json\/wp\/v2\/product_brand?post=65035"},{"taxonomy":"product_cat","embeddable":true,"href":"https:\/\/brieger.ch\/fr\/wp-json\/wp\/v2\/product_cat?post=65035"},{"taxonomy":"product_tag","embeddable":true,"href":"https:\/\/brieger.ch\/fr\/wp-json\/wp\/v2\/product_tag?post=65035"},{"taxonomy":"farbe","embeddable":true,"href":"https:\/\/brieger.ch\/fr\/wp-json\/wp\/v2\/farbe?post=65035"},{"taxonomy":"qualitaet","embeddable":true,"href":"https:\/\/brieger.ch\/fr\/wp-json\/wp\/v2\/qualitaet?post=65035"},{"taxonomy":"artikelart","embeddable":true,"href":"https:\/\/brieger.ch\/fr\/wp-json\/wp\/v2\/artikelart?post=65035"},{"taxonomy":"produktstatus","embeddable":true,"href":"https:\/\/brieger.ch\/fr\/wp-json\/wp\/v2\/produktstatus?post=65035"},{"taxonomy":"wellig","embeddable":true,"href":"https:\/\/brieger.ch\/fr\/wp-json\/wp\/v2\/wellig?post=65035"}],"curies":[{"name":"wp","href":"https:\/\/api.w.org\/{rel}","templated":true}]}}