{"id":62919,"date":"2022-02-09T15:13:03","date_gmt":"2022-02-09T14:13:04","guid":{"rendered":"https:\/\/brieger.ch\/?post_type=product&#038;p=62919"},"modified":"2025-06-16T16:45:03","modified_gmt":"2025-06-16T14:45:03","slug":"55381","status":"publish","type":"product","link":"https:\/\/brieger.ch\/fr\/product\/55381\/","title":{"rendered":"Enveloppes matelass\u00e9es en papier light brun"},"content":{"rendered":"<p>Enveloppes matelass\u00e9es light, brun, en papier, dim. ext. 165 x 210 mm., Dim int. 130 x 180 mm<br \/>\nLa pochette et le rembourrage innovant sont en papier kraft robuste. Des soudures particuli\u00e8rement solides garantissent une protection contre l&rsquo;humidit\u00e9 et les d\u00e9chirures.<\/p>\n","protected":false},"excerpt":{"rendered":"<p>Enveloppes matelass\u00e9es light, brun, en papier, dim. ext. 165 x 210 mm., Dim int. 130 x 180 mm<\/p>\n","protected":false},"featured_media":62924,"comment_status":"closed","ping_status":"closed","template":"","meta":{"_searchwp_excluded":""},"product_brand":[],"product_cat":[1186],"product_tag":[],"farbe":[813],"qualitaet":[],"artikelart":[1084],"produktstatus":[418],"wellig":[],"class_list":{"0":"post-62919","1":"product","2":"type-product","3":"status-publish","4":"has-post-thumbnail","6":"product_cat-enveloppes-en-papier","7":"farbe-brun","8":"artikelart-enveloppes-matelassees-brun-en-papier","9":"produktstatus-sale","11":"first","12":"instock","13":"taxable","14":"shipping-taxable","15":"purchasable","16":"product-type-simple"},"tiered_pricing_type":"fixed","tiered_pricing_fixed_rules":{"100":"0.71","150":"0.36"},"tiered_pricing_product_settings":{"layout":"default","base_unit_name":{"singular":null,"plural":null},"default_variation":null},"tiered_pricing_minimum_quantity":50,"tiered_pricing_roles_data":{"galenica-group":{"product_id":62919,"role":"galenica-group","pricing_type":"flat","regular_price":0.3,"sale_price":null,"discount":null,"discount_type":"sale_price","tiered_pricing_type":"fixed","percentage_rules":[],"fixed_rules":[],"minimum":50}},"tiered_pricing_percentage_rules":[],"tiered_pricing_maximum_quantity":null,"tiered_pricing_quantity_step":null,"_links":{"self":[{"href":"https:\/\/brieger.ch\/fr\/wp-json\/wp\/v2\/product\/62919","targetHints":{"allow":["GET"]}}],"collection":[{"href":"https:\/\/brieger.ch\/fr\/wp-json\/wp\/v2\/product"}],"about":[{"href":"https:\/\/brieger.ch\/fr\/wp-json\/wp\/v2\/types\/product"}],"replies":[{"embeddable":true,"href":"https:\/\/brieger.ch\/fr\/wp-json\/wp\/v2\/comments?post=62919"}],"wp:featuredmedia":[{"embeddable":true,"href":"https:\/\/brieger.ch\/fr\/wp-json\/wp\/v2\/media\/62924"}],"wp:attachment":[{"href":"https:\/\/brieger.ch\/fr\/wp-json\/wp\/v2\/media?parent=62919"}],"wp:term":[{"taxonomy":"product_brand","embeddable":true,"href":"https:\/\/brieger.ch\/fr\/wp-json\/wp\/v2\/product_brand?post=62919"},{"taxonomy":"product_cat","embeddable":true,"href":"https:\/\/brieger.ch\/fr\/wp-json\/wp\/v2\/product_cat?post=62919"},{"taxonomy":"product_tag","embeddable":true,"href":"https:\/\/brieger.ch\/fr\/wp-json\/wp\/v2\/product_tag?post=62919"},{"taxonomy":"farbe","embeddable":true,"href":"https:\/\/brieger.ch\/fr\/wp-json\/wp\/v2\/farbe?post=62919"},{"taxonomy":"qualitaet","embeddable":true,"href":"https:\/\/brieger.ch\/fr\/wp-json\/wp\/v2\/qualitaet?post=62919"},{"taxonomy":"artikelart","embeddable":true,"href":"https:\/\/brieger.ch\/fr\/wp-json\/wp\/v2\/artikelart?post=62919"},{"taxonomy":"produktstatus","embeddable":true,"href":"https:\/\/brieger.ch\/fr\/wp-json\/wp\/v2\/produktstatus?post=62919"},{"taxonomy":"wellig","embeddable":true,"href":"https:\/\/brieger.ch\/fr\/wp-json\/wp\/v2\/wellig?post=62919"}],"curies":[{"name":"wp","href":"https:\/\/api.w.org\/{rel}","templated":true}]}}