{"id":62906,"date":"2022-02-09T14:19:32","date_gmt":"2022-02-09T13:19:32","guid":{"rendered":"https:\/\/brieger.ch\/?post_type=product&#038;p=62906"},"modified":"2025-06-16T16:44:58","modified_gmt":"2025-06-16T14:44:58","slug":"81651","status":"publish","type":"product","link":"https:\/\/brieger.ch\/fr\/product\/81651\/","title":{"rendered":"Rubans adh\u00e9sifs Papier"},"content":{"rendered":"<p>Ruban adh\u00e9sif, papier blanc, tesa sp\u00e9cial, Largeur 50 mm \/ Longueur par rouleau 50 m \/ Papier \/ Tesa Pack 4313 \/ Epaisseur total: 107 my \/ Type de masse adh\u00e9sive: caoutchouc synth\u00e9tique<\/p>\n","protected":false},"excerpt":{"rendered":"<p>Rubans adh\u00e9sifs Papier blanc<\/p>\n","protected":false},"featured_media":63123,"comment_status":"closed","ping_status":"closed","template":"","meta":{"_searchwp_excluded":""},"product_brand":[],"product_cat":[785],"product_tag":[],"farbe":[824],"qualitaet":[520],"artikelart":[1003],"produktstatus":[418],"wellig":[],"class_list":{"0":"post-62906","1":"product","2":"type-product","3":"status-publish","4":"has-post-thumbnail","6":"product_cat-rubans-adhesifs-et-derouleurs","7":"farbe-blanc","8":"qualitaet-107-my","9":"artikelart-rubans-adhesifs-papier","10":"produktstatus-sale","12":"first","13":"instock","14":"taxable","15":"shipping-taxable","16":"purchasable","17":"product-type-simple"},"tiered_pricing_type":"fixed","tiered_pricing_fixed_rules":[],"tiered_pricing_product_settings":{"layout":"default","base_unit_name":{"singular":null,"plural":null},"default_variation":null},"tiered_pricing_minimum_quantity":null,"tiered_pricing_roles_data":{"galenica-group":{"product_id":62906,"role":"galenica-group","pricing_type":"flat","regular_price":6.55,"sale_price":null,"discount":null,"discount_type":"sale_price","tiered_pricing_type":"fixed","percentage_rules":[],"fixed_rules":[],"minimum":null}},"tiered_pricing_percentage_rules":[],"tiered_pricing_maximum_quantity":null,"tiered_pricing_quantity_step":null,"_links":{"self":[{"href":"https:\/\/brieger.ch\/fr\/wp-json\/wp\/v2\/product\/62906","targetHints":{"allow":["GET"]}}],"collection":[{"href":"https:\/\/brieger.ch\/fr\/wp-json\/wp\/v2\/product"}],"about":[{"href":"https:\/\/brieger.ch\/fr\/wp-json\/wp\/v2\/types\/product"}],"replies":[{"embeddable":true,"href":"https:\/\/brieger.ch\/fr\/wp-json\/wp\/v2\/comments?post=62906"}],"wp:featuredmedia":[{"embeddable":true,"href":"https:\/\/brieger.ch\/fr\/wp-json\/wp\/v2\/media\/63123"}],"wp:attachment":[{"href":"https:\/\/brieger.ch\/fr\/wp-json\/wp\/v2\/media?parent=62906"}],"wp:term":[{"taxonomy":"product_brand","embeddable":true,"href":"https:\/\/brieger.ch\/fr\/wp-json\/wp\/v2\/product_brand?post=62906"},{"taxonomy":"product_cat","embeddable":true,"href":"https:\/\/brieger.ch\/fr\/wp-json\/wp\/v2\/product_cat?post=62906"},{"taxonomy":"product_tag","embeddable":true,"href":"https:\/\/brieger.ch\/fr\/wp-json\/wp\/v2\/product_tag?post=62906"},{"taxonomy":"farbe","embeddable":true,"href":"https:\/\/brieger.ch\/fr\/wp-json\/wp\/v2\/farbe?post=62906"},{"taxonomy":"qualitaet","embeddable":true,"href":"https:\/\/brieger.ch\/fr\/wp-json\/wp\/v2\/qualitaet?post=62906"},{"taxonomy":"artikelart","embeddable":true,"href":"https:\/\/brieger.ch\/fr\/wp-json\/wp\/v2\/artikelart?post=62906"},{"taxonomy":"produktstatus","embeddable":true,"href":"https:\/\/brieger.ch\/fr\/wp-json\/wp\/v2\/produktstatus?post=62906"},{"taxonomy":"wellig","embeddable":true,"href":"https:\/\/brieger.ch\/fr\/wp-json\/wp\/v2\/wellig?post=62906"}],"curies":[{"name":"wp","href":"https:\/\/api.w.org\/{rel}","templated":true}]}}