{"id":58945,"date":"2021-11-12T09:26:37","date_gmt":"2021-11-12T08:26:38","guid":{"rendered":"https:\/\/brieger.ch\/?post_type=product&#038;p=58945"},"modified":"2025-06-16T16:44:37","modified_gmt":"2025-06-16T14:44:37","slug":"81646","status":"publish","type":"product","link":"https:\/\/brieger.ch\/fr\/product\/81646\/","title":{"rendered":"Tesapack\u00ae BIO &#038; STRONG"},"content":{"rendered":"<p>Tesapack\u00ae BIO &amp; STRONG est un ruban adh\u00e9sif \u00e9cologique. Il impressionne par sa forte adh\u00e9rence pour les colis jusqu&rsquo;\u00e0 30 kg et son mat\u00e9riau transparent fabriqu\u00e9 \u00e0 partir de mati\u00e8res premi\u00e8res renouvelables.<\/p>\n","protected":false},"excerpt":{"rendered":"<p>Forte adh\u00e9rence pour les colis jusqu&rsquo;\u00e0 30 kg et son mat\u00e9riau transparent fabriqu\u00e9 \u00e0 partir de mati\u00e8res premi\u00e8res renouvelables.<\/p>\n","protected":false},"featured_media":58947,"comment_status":"closed","ping_status":"closed","template":"","meta":{"_searchwp_excluded":""},"product_brand":[],"product_cat":[785],"product_tag":[],"farbe":[823],"qualitaet":[1182],"artikelart":[1085,1086],"produktstatus":[418],"wellig":[],"class_list":{"0":"post-58945","1":"product","2":"type-product","3":"status-publish","4":"has-post-thumbnail","6":"product_cat-rubans-adhesifs-et-derouleurs","7":"farbe-transparent-fr","8":"qualitaet-55-my","9":"artikelart-rubans-adhesifs-special","10":"artikelart-rubans-adhesifs-transparent","11":"produktstatus-sale","13":"first","14":"instock","15":"taxable","16":"shipping-taxable","17":"purchasable","18":"product-type-simple"},"tiered_pricing_type":"fixed","tiered_pricing_fixed_rules":[],"tiered_pricing_product_settings":{"layout":"default","base_unit_name":{"singular":null,"plural":null},"default_variation":null},"tiered_pricing_minimum_quantity":null,"tiered_pricing_roles_data":{"galenica-group":{"product_id":58945,"role":"galenica-group","pricing_type":"flat","regular_price":8.42,"sale_price":null,"discount":null,"discount_type":"sale_price","tiered_pricing_type":"fixed","percentage_rules":[],"fixed_rules":[],"minimum":null}},"tiered_pricing_percentage_rules":[],"tiered_pricing_maximum_quantity":null,"tiered_pricing_quantity_step":null,"_links":{"self":[{"href":"https:\/\/brieger.ch\/fr\/wp-json\/wp\/v2\/product\/58945","targetHints":{"allow":["GET"]}}],"collection":[{"href":"https:\/\/brieger.ch\/fr\/wp-json\/wp\/v2\/product"}],"about":[{"href":"https:\/\/brieger.ch\/fr\/wp-json\/wp\/v2\/types\/product"}],"replies":[{"embeddable":true,"href":"https:\/\/brieger.ch\/fr\/wp-json\/wp\/v2\/comments?post=58945"}],"wp:featuredmedia":[{"embeddable":true,"href":"https:\/\/brieger.ch\/fr\/wp-json\/wp\/v2\/media\/58947"}],"wp:attachment":[{"href":"https:\/\/brieger.ch\/fr\/wp-json\/wp\/v2\/media?parent=58945"}],"wp:term":[{"taxonomy":"product_brand","embeddable":true,"href":"https:\/\/brieger.ch\/fr\/wp-json\/wp\/v2\/product_brand?post=58945"},{"taxonomy":"product_cat","embeddable":true,"href":"https:\/\/brieger.ch\/fr\/wp-json\/wp\/v2\/product_cat?post=58945"},{"taxonomy":"product_tag","embeddable":true,"href":"https:\/\/brieger.ch\/fr\/wp-json\/wp\/v2\/product_tag?post=58945"},{"taxonomy":"farbe","embeddable":true,"href":"https:\/\/brieger.ch\/fr\/wp-json\/wp\/v2\/farbe?post=58945"},{"taxonomy":"qualitaet","embeddable":true,"href":"https:\/\/brieger.ch\/fr\/wp-json\/wp\/v2\/qualitaet?post=58945"},{"taxonomy":"artikelart","embeddable":true,"href":"https:\/\/brieger.ch\/fr\/wp-json\/wp\/v2\/artikelart?post=58945"},{"taxonomy":"produktstatus","embeddable":true,"href":"https:\/\/brieger.ch\/fr\/wp-json\/wp\/v2\/produktstatus?post=58945"},{"taxonomy":"wellig","embeddable":true,"href":"https:\/\/brieger.ch\/fr\/wp-json\/wp\/v2\/wellig?post=58945"}],"curies":[{"name":"wp","href":"https:\/\/api.w.org\/{rel}","templated":true}]}}