{"id":57384,"date":"2021-10-12T21:12:44","date_gmt":"2021-10-12T19:12:45","guid":{"rendered":"https:\/\/brieger.ch\/?post_type=product&#038;p=57384"},"modified":"2025-06-16T16:44:17","modified_gmt":"2025-06-16T14:44:17","slug":"31207","status":"publish","type":"product","link":"https:\/\/brieger.ch\/fr\/product\/31207\/","title":{"rendered":"Emballages cadeaux &quot;No\u00ebl&quot; Salutations de No\u00ebl"},"content":{"rendered":"<p>Coffret cadeau pour bouteilles de vin, Voeux de No\u00ebl, 1 bouteille<br \/>\nCoffret cadeau pour bouteilles de vin avec une surface lisse et dor\u00e9e, gaufrage \u00e0 chaud partiel en 3D, int\u00e9rieur teint en noir, avec intercalaires teint\u00e9s noir.<\/p>\n<p>Peut \u00eatre livr\u00e9 sur commande sous les 14 jours ouvrables.<\/p>\n","protected":false},"excerpt":{"rendered":"<p>Coffret cadeau pour bouteilles de vin, Voeux de No\u00ebl, 1 bouteille<br \/>\nCoffret cadeau pour bouteilles de vin avec une surface lisse et dor\u00e9e, gaufrage \u00e0 chaud partiel en 3D, int\u00e9rieur teint en noir, avec intercalaires teint\u00e9s noir.<\/p>\n<p>Peut \u00eatre livr\u00e9 sur commande sous les 14 jours ouvrables.<\/p>\n","protected":false},"featured_media":57386,"comment_status":"closed","ping_status":"closed","template":"","meta":{"_searchwp_excluded":""},"product_brand":[],"product_cat":[781],"product_tag":[],"farbe":[1167],"qualitaet":[142],"artikelart":[1172],"produktstatus":[],"wellig":[],"class_list":{"0":"post-57384","1":"product","2":"type-product","3":"status-publish","4":"has-post-thumbnail","6":"product_cat-emballages-cadeaux","7":"farbe-salutations-de-noel","8":"qualitaet-1-5-mm","9":"artikelart-emballages-cadeaux-noel","11":"first","12":"instock","13":"taxable","14":"shipping-taxable","15":"purchasable","16":"product-type-simple"},"tiered_pricing_type":"fixed","tiered_pricing_fixed_rules":{"50":"3.14","100":"2.99","200":"2.77","500":"2.69","1000":"2.65"},"tiered_pricing_product_settings":{"layout":"default","base_unit_name":{"singular":null,"plural":null},"default_variation":null},"tiered_pricing_minimum_quantity":25,"tiered_pricing_roles_data":{"galenica-group":{"product_id":57384,"role":"galenica-group","pricing_type":"flat","regular_price":2.13,"sale_price":null,"discount":null,"discount_type":"sale_price","tiered_pricing_type":"fixed","percentage_rules":[],"fixed_rules":[],"minimum":25}},"tiered_pricing_percentage_rules":[],"tiered_pricing_maximum_quantity":null,"tiered_pricing_quantity_step":null,"_links":{"self":[{"href":"https:\/\/brieger.ch\/fr\/wp-json\/wp\/v2\/product\/57384","targetHints":{"allow":["GET"]}}],"collection":[{"href":"https:\/\/brieger.ch\/fr\/wp-json\/wp\/v2\/product"}],"about":[{"href":"https:\/\/brieger.ch\/fr\/wp-json\/wp\/v2\/types\/product"}],"replies":[{"embeddable":true,"href":"https:\/\/brieger.ch\/fr\/wp-json\/wp\/v2\/comments?post=57384"}],"wp:featuredmedia":[{"embeddable":true,"href":"https:\/\/brieger.ch\/fr\/wp-json\/wp\/v2\/media\/57386"}],"wp:attachment":[{"href":"https:\/\/brieger.ch\/fr\/wp-json\/wp\/v2\/media?parent=57384"}],"wp:term":[{"taxonomy":"product_brand","embeddable":true,"href":"https:\/\/brieger.ch\/fr\/wp-json\/wp\/v2\/product_brand?post=57384"},{"taxonomy":"product_cat","embeddable":true,"href":"https:\/\/brieger.ch\/fr\/wp-json\/wp\/v2\/product_cat?post=57384"},{"taxonomy":"product_tag","embeddable":true,"href":"https:\/\/brieger.ch\/fr\/wp-json\/wp\/v2\/product_tag?post=57384"},{"taxonomy":"farbe","embeddable":true,"href":"https:\/\/brieger.ch\/fr\/wp-json\/wp\/v2\/farbe?post=57384"},{"taxonomy":"qualitaet","embeddable":true,"href":"https:\/\/brieger.ch\/fr\/wp-json\/wp\/v2\/qualitaet?post=57384"},{"taxonomy":"artikelart","embeddable":true,"href":"https:\/\/brieger.ch\/fr\/wp-json\/wp\/v2\/artikelart?post=57384"},{"taxonomy":"produktstatus","embeddable":true,"href":"https:\/\/brieger.ch\/fr\/wp-json\/wp\/v2\/produktstatus?post=57384"},{"taxonomy":"wellig","embeddable":true,"href":"https:\/\/brieger.ch\/fr\/wp-json\/wp\/v2\/wellig?post=57384"}],"curies":[{"name":"wp","href":"https:\/\/api.w.org\/{rel}","templated":true}]}}