{"id":50728,"date":"2021-04-01T09:41:16","date_gmt":"2021-04-01T07:41:16","guid":{"rendered":"https:\/\/brieger.ch\/?post_type=product&#038;p=50728"},"modified":"2025-06-16T16:43:28","modified_gmt":"2025-06-16T14:43:28","slug":"32286","status":"publish","type":"product","link":"https:\/\/brieger.ch\/fr\/product\/32286\/","title":{"rendered":"Emballages de transport pour bi\u00e8res brun"},"content":{"rendered":"<p>Emballages de transport pour 24 bouteilles de bi\u00e8re de 33cl, avec poign\u00e9es,\u00a0fond automatique et couvercle avec rabats ne n\u00e9cessitant aucun accessoire de fermeture.<\/p>\n","protected":false},"excerpt":{"rendered":"<p>Emballages de transport pour 24 bouteilles de bi\u00e8re de 33cl, avec poign\u00e9es.<\/p>\n","protected":false},"featured_media":50736,"comment_status":"closed","ping_status":"closed","template":"","meta":{"_searchwp_excluded":""},"product_brand":[],"product_cat":[1148,770],"product_tag":[],"farbe":[813],"qualitaet":[201],"artikelart":[967],"produktstatus":[],"wellig":[995],"class_list":{"0":"post-50728","1":"product","2":"type-product","3":"status-publish","4":"has-post-thumbnail","6":"product_cat-bouteilles","7":"product_cat-emballages-pour-bieres","8":"farbe-brun","9":"qualitaet-2-5-mm","10":"artikelart-emballages-de-transport-pour-bieres","11":"wellig-2-cannelure","13":"first","14":"instock","15":"taxable","16":"shipping-taxable","17":"purchasable","18":"product-type-simple"},"tiered_pricing_type":"fixed","tiered_pricing_fixed_rules":{"60":"3.78","100":"3.41","200":"3.08","500":"2.76","720":"2.58","1440":"2.18"},"tiered_pricing_product_settings":{"layout":"default","base_unit_name":{"singular":null,"plural":null},"default_variation":null},"tiered_pricing_minimum_quantity":20,"tiered_pricing_roles_data":{"galenica-group":{"product_id":50728,"role":"galenica-group","pricing_type":"flat","regular_price":1.8,"sale_price":null,"discount":null,"discount_type":"sale_price","tiered_pricing_type":"fixed","percentage_rules":[],"fixed_rules":[],"minimum":20}},"tiered_pricing_percentage_rules":[],"tiered_pricing_maximum_quantity":null,"tiered_pricing_quantity_step":null,"_links":{"self":[{"href":"https:\/\/brieger.ch\/fr\/wp-json\/wp\/v2\/product\/50728","targetHints":{"allow":["GET"]}}],"collection":[{"href":"https:\/\/brieger.ch\/fr\/wp-json\/wp\/v2\/product"}],"about":[{"href":"https:\/\/brieger.ch\/fr\/wp-json\/wp\/v2\/types\/product"}],"replies":[{"embeddable":true,"href":"https:\/\/brieger.ch\/fr\/wp-json\/wp\/v2\/comments?post=50728"}],"wp:featuredmedia":[{"embeddable":true,"href":"https:\/\/brieger.ch\/fr\/wp-json\/wp\/v2\/media\/50736"}],"wp:attachment":[{"href":"https:\/\/brieger.ch\/fr\/wp-json\/wp\/v2\/media?parent=50728"}],"wp:term":[{"taxonomy":"product_brand","embeddable":true,"href":"https:\/\/brieger.ch\/fr\/wp-json\/wp\/v2\/product_brand?post=50728"},{"taxonomy":"product_cat","embeddable":true,"href":"https:\/\/brieger.ch\/fr\/wp-json\/wp\/v2\/product_cat?post=50728"},{"taxonomy":"product_tag","embeddable":true,"href":"https:\/\/brieger.ch\/fr\/wp-json\/wp\/v2\/product_tag?post=50728"},{"taxonomy":"farbe","embeddable":true,"href":"https:\/\/brieger.ch\/fr\/wp-json\/wp\/v2\/farbe?post=50728"},{"taxonomy":"qualitaet","embeddable":true,"href":"https:\/\/brieger.ch\/fr\/wp-json\/wp\/v2\/qualitaet?post=50728"},{"taxonomy":"artikelart","embeddable":true,"href":"https:\/\/brieger.ch\/fr\/wp-json\/wp\/v2\/artikelart?post=50728"},{"taxonomy":"produktstatus","embeddable":true,"href":"https:\/\/brieger.ch\/fr\/wp-json\/wp\/v2\/produktstatus?post=50728"},{"taxonomy":"wellig","embeddable":true,"href":"https:\/\/brieger.ch\/fr\/wp-json\/wp\/v2\/wellig?post=50728"}],"curies":[{"name":"wp","href":"https:\/\/api.w.org\/{rel}","templated":true}]}}