{"id":40802,"date":"2020-08-17T11:48:41","date_gmt":"2020-08-17T10:12:54","guid":{"rendered":"https:\/\/brieger.hundert1.ch\/produkt\/33286\/"},"modified":"2025-06-16T16:42:46","modified_gmt":"2025-06-16T14:42:46","slug":"33286","status":"publish","type":"product","link":"https:\/\/brieger.ch\/fr\/product\/33286\/","title":{"rendered":"Calendrier de l\u2019Avent pour bi\u00e8res"},"content":{"rendered":"<p>Le calendrier de l\u2019Avent pour 24 bi\u00e8res comprend une boxe et une cale qui vous sont livr\u00e9es non mont\u00e9es. Attention : sans contenu<\/p>\n<p><a href=\"https:\/\/brieger.ch\/wp-content\/uploads\/2024\/06\/Brieger-Flyer_Kalender_FR_2024_Digital-1.pdf\" target=\"_blank\" rel=\"noopener\"><img decoding=\"async\" class=\"alignnone wp-image-68762\" src=\"https:\/\/brieger.ch\/wp-content\/uploads\/2024\/06\/Flyer_Kalender_FR_2024_Digital-cover.jpg\" alt=\"\" width=\"400\" height=\"280\" \/><\/a><\/p>\n","protected":false},"excerpt":{"rendered":"<p>Le calendrier de l&rsquo;Avent pour les amoureux de la bi\u00e8re<\/p>\n","protected":false},"featured_media":56396,"comment_status":"closed","ping_status":"closed","template":"","meta":{"_searchwp_excluded":""},"product_brand":[],"product_cat":[770],"product_tag":[],"farbe":[813],"qualitaet":[201],"artikelart":[1126],"produktstatus":[],"wellig":[],"class_list":{"0":"post-40802","1":"product","2":"type-product","3":"status-publish","4":"has-post-thumbnail","6":"product_cat-emballages-pour-bieres","7":"farbe-brun","8":"qualitaet-2-5-mm","9":"artikelart-emballages-pour-bieres","11":"first","12":"instock","13":"taxable","14":"shipping-taxable","15":"purchasable","16":"product-type-simple"},"tiered_pricing_type":"fixed","tiered_pricing_fixed_rules":{"5":"15.63","10":"14.37","50":"11.4","100":"9.62","200":"6.89"},"tiered_pricing_product_settings":{"layout":"default","base_unit_name":{"singular":null,"plural":null},"default_variation":null},"tiered_pricing_minimum_quantity":null,"tiered_pricing_roles_data":{"galenica-group":{"product_id":40802,"role":"galenica-group","pricing_type":"flat","regular_price":5.57,"sale_price":null,"discount":null,"discount_type":"sale_price","tiered_pricing_type":"fixed","percentage_rules":[],"fixed_rules":[],"minimum":null}},"tiered_pricing_percentage_rules":[],"tiered_pricing_maximum_quantity":null,"tiered_pricing_quantity_step":null,"_links":{"self":[{"href":"https:\/\/brieger.ch\/fr\/wp-json\/wp\/v2\/product\/40802","targetHints":{"allow":["GET"]}}],"collection":[{"href":"https:\/\/brieger.ch\/fr\/wp-json\/wp\/v2\/product"}],"about":[{"href":"https:\/\/brieger.ch\/fr\/wp-json\/wp\/v2\/types\/product"}],"replies":[{"embeddable":true,"href":"https:\/\/brieger.ch\/fr\/wp-json\/wp\/v2\/comments?post=40802"}],"wp:featuredmedia":[{"embeddable":true,"href":"https:\/\/brieger.ch\/fr\/wp-json\/wp\/v2\/media\/56396"}],"wp:attachment":[{"href":"https:\/\/brieger.ch\/fr\/wp-json\/wp\/v2\/media?parent=40802"}],"wp:term":[{"taxonomy":"product_brand","embeddable":true,"href":"https:\/\/brieger.ch\/fr\/wp-json\/wp\/v2\/product_brand?post=40802"},{"taxonomy":"product_cat","embeddable":true,"href":"https:\/\/brieger.ch\/fr\/wp-json\/wp\/v2\/product_cat?post=40802"},{"taxonomy":"product_tag","embeddable":true,"href":"https:\/\/brieger.ch\/fr\/wp-json\/wp\/v2\/product_tag?post=40802"},{"taxonomy":"farbe","embeddable":true,"href":"https:\/\/brieger.ch\/fr\/wp-json\/wp\/v2\/farbe?post=40802"},{"taxonomy":"qualitaet","embeddable":true,"href":"https:\/\/brieger.ch\/fr\/wp-json\/wp\/v2\/qualitaet?post=40802"},{"taxonomy":"artikelart","embeddable":true,"href":"https:\/\/brieger.ch\/fr\/wp-json\/wp\/v2\/artikelart?post=40802"},{"taxonomy":"produktstatus","embeddable":true,"href":"https:\/\/brieger.ch\/fr\/wp-json\/wp\/v2\/produktstatus?post=40802"},{"taxonomy":"wellig","embeddable":true,"href":"https:\/\/brieger.ch\/fr\/wp-json\/wp\/v2\/wellig?post=40802"}],"curies":[{"name":"wp","href":"https:\/\/api.w.org\/{rel}","templated":true}]}}