{"id":40466,"date":"2020-07-31T13:43:07","date_gmt":"2020-07-31T13:59:10","guid":{"rendered":"https:\/\/brieger.hundert1.ch\/produkt\/123-29\/"},"modified":"2025-06-18T10:28:08","modified_gmt":"2025-06-18T08:28:08","slug":"87135","status":"publish","type":"product","link":"https:\/\/brieger.ch\/fr\/product\/87135\/","title":{"rendered":"Plaque carton ondul\u00e9 en format bogen \u2013 4 mm, 1000 x 1200 mm"},"content":{"rendered":"<p>Notre plaque en carton est le choix id\u00e9al pour l\u2019emballage, la protection et les projets cr\u00e9atifs. Avec une \u00e9paisseur de 4 mm et un <a href=\"https:\/\/brieger.ch\/fr\/formats-a5-a4-b4-b5\/\" target=\"_blank\" rel=\"noopener\">format<\/a> de plaque carton grand format (1000 x 1200 mm), elle offre stabilit\u00e9 et flexibilit\u00e9 pour diverses utilisations.<\/p>\n<h2>Avantages de notre plaque carton ondul\u00e9 :<\/h2>\n<ul>\n<li>Solution d\u2019emballage optimale \u2013 Prot\u00e8ge efficacement les produits fragiles.<\/li>\n<li>Id\u00e9al pour le bricolage \u2013 Parfait pour des projets cr\u00e9atifs DIY avec enfants et adultes.<\/li>\n<li>Plaque de carton robuste \u2013 Stable et adaptable \u00e0 vos besoins d\u2019emballage sp\u00e9cifiques.<\/li>\n<li>Carton plaque pratique \u2013 Facile \u00e0 <a href=\"https:\/\/brieger.ch\/fr\/accessoires\/decoupes-en-carton\/\" target=\"_blank\" rel=\"noopener\">d\u00e9couper<\/a> et id\u00e9al pour prot\u00e9ger de grandes surfaces.<\/li>\n<li>\u00c9cologique et \u00e9conomique \u2013 Haute qualit\u00e9 et respectueux de l\u2019environnement.<\/li>\n<\/ul>\n<p>Si vous cherchez \u00e0 acheter une plaque en carton, nous vous proposons plusieurs options adapt\u00e9es \u00e0 vos besoins. D\u00e9couvrez la qualit\u00e9 et la polyvalence de notre plaque en carton ondul\u00e9 d\u00e8s maintenant !<\/p>\n","protected":false},"excerpt":{"rendered":"<p>Feuilles de carton ondul\u00e9, brun<br \/>\nAncien Nr. Brieger 123\/29<\/p>\n","protected":false},"featured_media":34425,"comment_status":"closed","ping_status":"closed","template":"","meta":{"_searchwp_excluded":""},"product_brand":[],"product_cat":[791],"product_tag":[],"farbe":[813],"qualitaet":[502],"artikelart":[988],"produktstatus":[],"wellig":[994],"class_list":{"0":"post-40466","1":"product","2":"type-product","3":"status-publish","4":"has-post-thumbnail","6":"product_cat-carton-ondule-en-rouleaux","7":"farbe-brun","8":"qualitaet-4-0-mm","9":"artikelart-feuilles-de-carton-ondule","10":"wellig-1-cannelure","12":"first","13":"instock","14":"taxable","15":"shipping-taxable","16":"purchasable","17":"product-type-simple"},"tiered_pricing_type":"fixed","tiered_pricing_fixed_rules":{"20":"5.02","50":"4.24","100":"3.42","200":"2.85","400":"2.44"},"tiered_pricing_product_settings":{"layout":"default","base_unit_name":{"singular":null,"plural":null},"default_variation":null},"tiered_pricing_minimum_quantity":10,"tiered_pricing_roles_data":{"galenica-group":{"product_id":40466,"role":"galenica-group","pricing_type":"flat","regular_price":2.01,"sale_price":null,"discount":null,"discount_type":"sale_price","tiered_pricing_type":"fixed","percentage_rules":[],"fixed_rules":[],"minimum":10}},"tiered_pricing_percentage_rules":[],"tiered_pricing_maximum_quantity":null,"tiered_pricing_quantity_step":null,"_links":{"self":[{"href":"https:\/\/brieger.ch\/fr\/wp-json\/wp\/v2\/product\/40466","targetHints":{"allow":["GET"]}}],"collection":[{"href":"https:\/\/brieger.ch\/fr\/wp-json\/wp\/v2\/product"}],"about":[{"href":"https:\/\/brieger.ch\/fr\/wp-json\/wp\/v2\/types\/product"}],"replies":[{"embeddable":true,"href":"https:\/\/brieger.ch\/fr\/wp-json\/wp\/v2\/comments?post=40466"}],"wp:featuredmedia":[{"embeddable":true,"href":"https:\/\/brieger.ch\/fr\/wp-json\/wp\/v2\/media\/34425"}],"wp:attachment":[{"href":"https:\/\/brieger.ch\/fr\/wp-json\/wp\/v2\/media?parent=40466"}],"wp:term":[{"taxonomy":"product_brand","embeddable":true,"href":"https:\/\/brieger.ch\/fr\/wp-json\/wp\/v2\/product_brand?post=40466"},{"taxonomy":"product_cat","embeddable":true,"href":"https:\/\/brieger.ch\/fr\/wp-json\/wp\/v2\/product_cat?post=40466"},{"taxonomy":"product_tag","embeddable":true,"href":"https:\/\/brieger.ch\/fr\/wp-json\/wp\/v2\/product_tag?post=40466"},{"taxonomy":"farbe","embeddable":true,"href":"https:\/\/brieger.ch\/fr\/wp-json\/wp\/v2\/farbe?post=40466"},{"taxonomy":"qualitaet","embeddable":true,"href":"https:\/\/brieger.ch\/fr\/wp-json\/wp\/v2\/qualitaet?post=40466"},{"taxonomy":"artikelart","embeddable":true,"href":"https:\/\/brieger.ch\/fr\/wp-json\/wp\/v2\/artikelart?post=40466"},{"taxonomy":"produktstatus","embeddable":true,"href":"https:\/\/brieger.ch\/fr\/wp-json\/wp\/v2\/produktstatus?post=40466"},{"taxonomy":"wellig","embeddable":true,"href":"https:\/\/brieger.ch\/fr\/wp-json\/wp\/v2\/wellig?post=40466"}],"curies":[{"name":"wp","href":"https:\/\/api.w.org\/{rel}","templated":true}]}}