{"id":40458,"date":"2020-07-31T13:42:52","date_gmt":"2020-07-31T13:58:15","guid":{"rendered":"https:\/\/brieger.hundert1.ch\/produkt\/82311\/"},"modified":"2025-06-16T16:42:41","modified_gmt":"2025-06-16T14:42:41","slug":"82311","status":"publish","type":"product","link":"https:\/\/brieger.ch\/fr\/product\/82311\/","title":{"rendered":"D\u00e9coupes en carton, gris Gris"},"content":{"rendered":"<p>D\u00e9coupes en carton, gris, format en mm : A4 210 x 297 &#8211; poids net 35 g &#8211; \u00e9paisseur du carton 0.76 mm &#8211; Qualit\u00e9 550 g\/m2, 1 pi\u00e8ce = 100 d\u00e9coupes,<\/p>\n","protected":false},"excerpt":{"rendered":"<p>D\u00e9coupes en carton, gris<\/p>\n","protected":false},"featured_media":34432,"comment_status":"closed","ping_status":"closed","template":"","meta":{"_searchwp_excluded":""},"product_brand":[],"product_cat":[1217],"product_tag":[],"farbe":[809],"qualitaet":[216],"artikelart":[890],"produktstatus":[],"wellig":[],"class_list":{"0":"post-40458","1":"product","2":"type-product","3":"status-publish","4":"has-post-thumbnail","6":"product_cat-decoupes-en-carton","7":"farbe-gris","8":"qualitaet-550-g-m2","9":"artikelart-decoupes-en-carton-gris","11":"first","12":"instock","13":"taxable","14":"shipping-taxable","15":"purchasable","16":"product-type-simple"},"tiered_pricing_type":"fixed","tiered_pricing_fixed_rules":{"2":"44.8","5":"32.4","10":"27.6","20":"22.8","50":"17.94"},"tiered_pricing_product_settings":{"layout":"default","base_unit_name":{"singular":null,"plural":null},"default_variation":null},"tiered_pricing_minimum_quantity":null,"tiered_pricing_roles_data":{"galenica-group":{"product_id":40458,"role":"galenica-group","pricing_type":"flat","regular_price":14.94,"sale_price":null,"discount":null,"discount_type":"sale_price","tiered_pricing_type":"fixed","percentage_rules":[],"fixed_rules":[],"minimum":null}},"tiered_pricing_percentage_rules":[],"tiered_pricing_maximum_quantity":null,"tiered_pricing_quantity_step":null,"_links":{"self":[{"href":"https:\/\/brieger.ch\/fr\/wp-json\/wp\/v2\/product\/40458","targetHints":{"allow":["GET"]}}],"collection":[{"href":"https:\/\/brieger.ch\/fr\/wp-json\/wp\/v2\/product"}],"about":[{"href":"https:\/\/brieger.ch\/fr\/wp-json\/wp\/v2\/types\/product"}],"replies":[{"embeddable":true,"href":"https:\/\/brieger.ch\/fr\/wp-json\/wp\/v2\/comments?post=40458"}],"wp:featuredmedia":[{"embeddable":true,"href":"https:\/\/brieger.ch\/fr\/wp-json\/wp\/v2\/media\/34432"}],"wp:attachment":[{"href":"https:\/\/brieger.ch\/fr\/wp-json\/wp\/v2\/media?parent=40458"}],"wp:term":[{"taxonomy":"product_brand","embeddable":true,"href":"https:\/\/brieger.ch\/fr\/wp-json\/wp\/v2\/product_brand?post=40458"},{"taxonomy":"product_cat","embeddable":true,"href":"https:\/\/brieger.ch\/fr\/wp-json\/wp\/v2\/product_cat?post=40458"},{"taxonomy":"product_tag","embeddable":true,"href":"https:\/\/brieger.ch\/fr\/wp-json\/wp\/v2\/product_tag?post=40458"},{"taxonomy":"farbe","embeddable":true,"href":"https:\/\/brieger.ch\/fr\/wp-json\/wp\/v2\/farbe?post=40458"},{"taxonomy":"qualitaet","embeddable":true,"href":"https:\/\/brieger.ch\/fr\/wp-json\/wp\/v2\/qualitaet?post=40458"},{"taxonomy":"artikelart","embeddable":true,"href":"https:\/\/brieger.ch\/fr\/wp-json\/wp\/v2\/artikelart?post=40458"},{"taxonomy":"produktstatus","embeddable":true,"href":"https:\/\/brieger.ch\/fr\/wp-json\/wp\/v2\/produktstatus?post=40458"},{"taxonomy":"wellig","embeddable":true,"href":"https:\/\/brieger.ch\/fr\/wp-json\/wp\/v2\/wellig?post=40458"}],"curies":[{"name":"wp","href":"https:\/\/api.w.org\/{rel}","templated":true}]}}