{"id":40441,"date":"2020-07-31T13:42:19","date_gmt":"2020-07-31T13:57:22","guid":{"rendered":"https:\/\/brieger.hundert1.ch\/produkt\/369-34\/"},"modified":"2025-06-16T16:42:26","modified_gmt":"2025-06-16T14:42:26","slug":"65121","status":"publish","type":"product","link":"https:\/\/brieger.ch\/fr\/product\/65121\/","title":{"rendered":"Boxes de d\u00e9m\u00e9nagement simples brun"},"content":{"rendered":"<p>Boxes de d\u00e9m\u00e9nagement unique, notice de montage imprim\u00e9e sur la boxe, fond facile \u00e0 monter<\/p>\n","protected":false},"excerpt":{"rendered":"<p>Boxes de d\u00e9m\u00e9nagement Economy<br \/>\nAncien Nr. Brieger 369\/34<\/p>\n","protected":false},"featured_media":88246,"comment_status":"closed","ping_status":"closed","template":"","meta":{"_searchwp_excluded":""},"product_brand":[],"product_cat":[807],"product_tag":[],"farbe":[813],"qualitaet":[502],"artikelart":[899],"produktstatus":[],"wellig":[994],"class_list":{"0":"post-40441","1":"product","2":"type-product","3":"status-publish","4":"has-post-thumbnail","6":"product_cat-boxes-de-demenagement","7":"farbe-brun","8":"qualitaet-4-0-mm","9":"artikelart-boxes-de-demenagement-simple","10":"wellig-1-cannelure","12":"first","13":"instock","14":"taxable","15":"shipping-taxable","16":"purchasable","17":"product-type-simple"},"tiered_pricing_type":"fixed","tiered_pricing_fixed_rules":{"20":"7.13","30":"6.73","50":"5.99","100":"4.91","200":"4.3","400":"4.24"},"tiered_pricing_product_settings":{"layout":"default","base_unit_name":{"singular":null,"plural":null},"default_variation":null},"tiered_pricing_minimum_quantity":10,"tiered_pricing_roles_data":{"galenica-group":{"product_id":40441,"role":"galenica-group","pricing_type":"flat","regular_price":3.43,"sale_price":null,"discount":null,"discount_type":"sale_price","tiered_pricing_type":"fixed","percentage_rules":[],"fixed_rules":[],"minimum":10}},"tiered_pricing_percentage_rules":[],"tiered_pricing_maximum_quantity":null,"tiered_pricing_quantity_step":null,"_links":{"self":[{"href":"https:\/\/brieger.ch\/fr\/wp-json\/wp\/v2\/product\/40441","targetHints":{"allow":["GET"]}}],"collection":[{"href":"https:\/\/brieger.ch\/fr\/wp-json\/wp\/v2\/product"}],"about":[{"href":"https:\/\/brieger.ch\/fr\/wp-json\/wp\/v2\/types\/product"}],"replies":[{"embeddable":true,"href":"https:\/\/brieger.ch\/fr\/wp-json\/wp\/v2\/comments?post=40441"}],"wp:featuredmedia":[{"embeddable":true,"href":"https:\/\/brieger.ch\/fr\/wp-json\/wp\/v2\/media\/88246"}],"wp:attachment":[{"href":"https:\/\/brieger.ch\/fr\/wp-json\/wp\/v2\/media?parent=40441"}],"wp:term":[{"taxonomy":"product_brand","embeddable":true,"href":"https:\/\/brieger.ch\/fr\/wp-json\/wp\/v2\/product_brand?post=40441"},{"taxonomy":"product_cat","embeddable":true,"href":"https:\/\/brieger.ch\/fr\/wp-json\/wp\/v2\/product_cat?post=40441"},{"taxonomy":"product_tag","embeddable":true,"href":"https:\/\/brieger.ch\/fr\/wp-json\/wp\/v2\/product_tag?post=40441"},{"taxonomy":"farbe","embeddable":true,"href":"https:\/\/brieger.ch\/fr\/wp-json\/wp\/v2\/farbe?post=40441"},{"taxonomy":"qualitaet","embeddable":true,"href":"https:\/\/brieger.ch\/fr\/wp-json\/wp\/v2\/qualitaet?post=40441"},{"taxonomy":"artikelart","embeddable":true,"href":"https:\/\/brieger.ch\/fr\/wp-json\/wp\/v2\/artikelart?post=40441"},{"taxonomy":"produktstatus","embeddable":true,"href":"https:\/\/brieger.ch\/fr\/wp-json\/wp\/v2\/produktstatus?post=40441"},{"taxonomy":"wellig","embeddable":true,"href":"https:\/\/brieger.ch\/fr\/wp-json\/wp\/v2\/wellig?post=40441"}],"curies":[{"name":"wp","href":"https:\/\/api.w.org\/{rel}","templated":true}]}}