{"id":40337,"date":"2020-07-31T13:39:36","date_gmt":"2020-07-31T13:52:31","guid":{"rendered":"https:\/\/brieger.hundert1.ch\/produkt\/46117\/"},"modified":"2025-06-18T12:04:25","modified_gmt":"2025-06-18T10:04:25","slug":"46117","status":"publish","type":"product","link":"https:\/\/brieger.ch\/fr\/product\/46117\/","title":{"rendered":"VARIVEL A5 \u2013 Emballage hauteur variable pour vos envois compacts"},"content":{"rendered":"<p>Cet emballage sans bande autocollante au format A5 (217 x 155 mm) est con\u00e7u pour s\u2019adapter \u00e0 des hauteurs de contenu comprises entre 20 et 60 mm. Il convient parfaitement \u00e0 l\u2019envoi de petits objets, documents, brochures ou \u00e9chantillon de marchandise. L\u00e9ger (105 g), compact et fonctionnel, il optimise vos exp\u00e9ditions tout en r\u00e9duisant l\u2019espace de stockage.<\/p>\n<p>Fabriqu\u00e9 \u00e0 partir de carton ondul\u00e9, il s\u2019agit d\u2019un emballage \u00e9cologique qui respecte vos exigences logistiques tout en contribuant \u00e0 la r\u00e9duction de l\u2019empreinte carbone. Sur demande, l\u2019emballage peut \u00eatre imprim\u00e9 selon vos besoins pour renforcer l\u2019image de votre marque.<\/p>\n<h2>Avantages et domaines d\u2019application des emballages universels VARIVEL<\/h2>\n<ul>\n<li>Hauteur variable \u2013 de 20 \u00e0 60mm pour diff\u00e9rents contenus<\/li>\n<li><a href=\"https:\/\/brieger.ch\/fr\/a5\/\" target=\"_blank\" rel=\"noopener\">Format A5<\/a> \u2013 id\u00e9al pour les petits envois<\/li>\n<li>Durabilit\u00e9 \u2013 emballage 100% <a href=\"https:\/\/fsc-schweiz.ch\/ueber-fsc\/unsere-labels\/\" target=\"_blank\" rel=\"noopener\">\u00e9cologique<\/a> \u00e0 base de mat\u00e9riaux recycl\u00e9s<\/li>\n<li>Impression personnalisable \u2013 pour un envoi professionnel<\/li>\n<li>Gain de place \u2013 livr\u00e9 \u00e0 plat, facile \u00e0 d\u00e9plier<\/li>\n<\/ul>\n<p>Si vous chercher un emballage de format A5 \u00e0 hauteur variable, flexible dans son utilisation, stable et durable. Varivel vous offre la solution ad\u00e9quate \u2013 en tant <a href=\"https:\/\/brieger.ch\/fr\/emballages-postaux\/emballages-universels\/\" target=\"_blank\" rel=\"noopener\">qu\u2019emballage universel<\/a> pour les processus d\u2019exp\u00e9dition modernes.<\/p>\n","protected":false},"excerpt":{"rendered":"<p>L\u2019emballage universel Varivel, varier la hauteur, sans fermetures autocollantes, brun<\/p>\n","protected":false},"featured_media":34245,"comment_status":"closed","ping_status":"closed","template":"","meta":{"_searchwp_excluded":""},"product_brand":[],"product_cat":[801],"product_tag":[],"farbe":[813],"qualitaet":[144],"artikelart":[884],"produktstatus":[418],"wellig":[994],"class_list":{"0":"post-40337","1":"product","2":"type-product","3":"status-publish","4":"has-post-thumbnail","6":"product_cat-lemballage-universel","7":"farbe-brun","8":"qualitaet-3-0-mm","9":"artikelart-lemballage-universel-varivel-varier-la-hauteur-sans-fermetures-autocollantes","10":"produktstatus-sale","11":"wellig-1-cannelure","13":"first","14":"instock","15":"taxable","16":"shipping-taxable","17":"purchasable","18":"product-type-simple"},"tiered_pricing_type":"fixed","tiered_pricing_fixed_rules":[],"tiered_pricing_product_settings":{"layout":"default","base_unit_name":{"singular":null,"plural":null},"default_variation":null},"tiered_pricing_minimum_quantity":50,"tiered_pricing_roles_data":{"galenica-group":{"product_id":40337,"role":"galenica-group","pricing_type":"flat","regular_price":0.66,"sale_price":null,"discount":null,"discount_type":"sale_price","tiered_pricing_type":"fixed","percentage_rules":[],"fixed_rules":[],"minimum":25}},"tiered_pricing_percentage_rules":[],"tiered_pricing_maximum_quantity":null,"tiered_pricing_quantity_step":null,"_links":{"self":[{"href":"https:\/\/brieger.ch\/fr\/wp-json\/wp\/v2\/product\/40337","targetHints":{"allow":["GET"]}}],"collection":[{"href":"https:\/\/brieger.ch\/fr\/wp-json\/wp\/v2\/product"}],"about":[{"href":"https:\/\/brieger.ch\/fr\/wp-json\/wp\/v2\/types\/product"}],"replies":[{"embeddable":true,"href":"https:\/\/brieger.ch\/fr\/wp-json\/wp\/v2\/comments?post=40337"}],"wp:featuredmedia":[{"embeddable":true,"href":"https:\/\/brieger.ch\/fr\/wp-json\/wp\/v2\/media\/34245"}],"wp:attachment":[{"href":"https:\/\/brieger.ch\/fr\/wp-json\/wp\/v2\/media?parent=40337"}],"wp:term":[{"taxonomy":"product_brand","embeddable":true,"href":"https:\/\/brieger.ch\/fr\/wp-json\/wp\/v2\/product_brand?post=40337"},{"taxonomy":"product_cat","embeddable":true,"href":"https:\/\/brieger.ch\/fr\/wp-json\/wp\/v2\/product_cat?post=40337"},{"taxonomy":"product_tag","embeddable":true,"href":"https:\/\/brieger.ch\/fr\/wp-json\/wp\/v2\/product_tag?post=40337"},{"taxonomy":"farbe","embeddable":true,"href":"https:\/\/brieger.ch\/fr\/wp-json\/wp\/v2\/farbe?post=40337"},{"taxonomy":"qualitaet","embeddable":true,"href":"https:\/\/brieger.ch\/fr\/wp-json\/wp\/v2\/qualitaet?post=40337"},{"taxonomy":"artikelart","embeddable":true,"href":"https:\/\/brieger.ch\/fr\/wp-json\/wp\/v2\/artikelart?post=40337"},{"taxonomy":"produktstatus","embeddable":true,"href":"https:\/\/brieger.ch\/fr\/wp-json\/wp\/v2\/produktstatus?post=40337"},{"taxonomy":"wellig","embeddable":true,"href":"https:\/\/brieger.ch\/fr\/wp-json\/wp\/v2\/wellig?post=40337"}],"curies":[{"name":"wp","href":"https:\/\/api.w.org\/{rel}","templated":true}]}}