{"id":40329,"date":"2020-07-31T13:39:22","date_gmt":"2020-07-31T13:52:31","guid":{"rendered":"https:\/\/brieger.hundert1.ch\/produkt\/44240\/"},"modified":"2025-07-11T16:25:14","modified_gmt":"2025-07-11T14:25:14","slug":"44240","status":"publish","type":"product","link":"https:\/\/brieger.ch\/fr\/product\/44240\/","title":{"rendered":"Emballage universel VARITOP 330 x 270 x 0-100 mm \u2013 r\u00e9glable, robuste et autocollant"},"content":{"rendered":"<p>Cet emballage universel au <a href=\"https:\/\/brieger.ch\/fr\/formats-a5-a4-b4-b5\/\" target=\"_blank\" rel=\"noopener\">format<\/a> 330 x 270 x 0-100 mm est con\u00e7u pour r\u00e9pondre aux exigences de flexibilit\u00e9 dans l\u2019exp\u00e9dition.<\/p>\n<p>Gr\u00e2ce \u00e0 une hauteur variable allant jusqu\u2019\u00e0 100 mm, il s\u2019adapte facilement \u00e0 diff\u00e9rents contenus. Sa <a href=\"https:\/\/brieger.ch\/fr\/boites\/boxes-avec-fermeture-autocollantes\/\" target=\"_blank\" rel=\"noopener\">fermeture autocollante<\/a> int\u00e9gr\u00e9e permet une mise sous pli rapide et fiable \u2013 sans ruban adh\u00e9sif suppl\u00e9mentaire.<\/p>\n<h2>Avantages de VARITOP l\u2019emballage universel avec fermeture autocollante<\/h2>\n<ul>\n<li>Cet emballage intelligent offre de nombreux b\u00e9n\u00e9fices, tant pour le commerce en ligne que pour les bureaux ou les besoins individuels.<\/li>\n<li>Hauteur de remplissage r\u00e9glable de 0 \u00e0 100 mm<\/li>\n<li><a href=\"https:\/\/brieger.ch\/fr\/boites\/boxes-avec-fermeture-autocollantes\/\" target=\"_blank\" rel=\"noopener\">Fermeture autocollante<\/a> pour une exp\u00e9dition rapide et s\u00e9curis\u00e9e<\/li>\n<li>En carton ondul\u00e9 robuste pour une excellente protection<\/li>\n<li>Surface blanche \u2013 propre, professionnelle et personnalisable<\/li>\n<li>Poids l\u00e9ger (244 g) \u2013 pour des \u00e9conomies de port<\/li>\n<li>Id\u00e9al pour documents, brochures, petites pi\u00e8ces d\u00e9tach\u00e9es, etc.<\/li>\n<li>Quantit\u00e9 minimum de commande : 25 unit\u00e9s, pour d\u2019\u00e9ventuels petits envois<\/li>\n<\/ul>\n","protected":false},"excerpt":{"rendered":"<p>L\u2019emballage universel VARITOP, varier la hauteur, avec 2 fermetures autocollantes, blanc<\/p>\n","protected":false},"featured_media":34229,"comment_status":"closed","ping_status":"closed","template":"","meta":{"_searchwp_excluded":""},"product_brand":[],"product_cat":[801],"product_tag":[],"farbe":[824],"qualitaet":[144],"artikelart":[882],"produktstatus":[],"wellig":[994],"class_list":{"0":"post-40329","1":"product","2":"type-product","3":"status-publish","4":"has-post-thumbnail","6":"product_cat-lemballage-universel","7":"farbe-blanc","8":"qualitaet-3-0-mm","9":"artikelart-lemballage-universel-varitop-varier-la-hauteur-avec-2-fermetures-autocollantes","10":"wellig-1-cannelure","12":"first","13":"instock","14":"taxable","15":"shipping-taxable","16":"purchasable","17":"product-type-simple"},"tiered_pricing_type":"fixed","tiered_pricing_fixed_rules":{"50":"3.18","100":"2.73","200":"2.26","500":"1.67","1000":"1.61"},"tiered_pricing_product_settings":{"layout":"default","base_unit_name":{"singular":null,"plural":null},"default_variation":null},"tiered_pricing_minimum_quantity":25,"tiered_pricing_roles_data":{"galenica-group":{"product_id":40329,"role":"galenica-group","pricing_type":"flat","regular_price":1.33,"sale_price":null,"discount":null,"discount_type":"sale_price","tiered_pricing_type":"fixed","percentage_rules":[],"fixed_rules":[],"minimum":25}},"tiered_pricing_percentage_rules":[],"tiered_pricing_maximum_quantity":null,"tiered_pricing_quantity_step":null,"_links":{"self":[{"href":"https:\/\/brieger.ch\/fr\/wp-json\/wp\/v2\/product\/40329","targetHints":{"allow":["GET"]}}],"collection":[{"href":"https:\/\/brieger.ch\/fr\/wp-json\/wp\/v2\/product"}],"about":[{"href":"https:\/\/brieger.ch\/fr\/wp-json\/wp\/v2\/types\/product"}],"replies":[{"embeddable":true,"href":"https:\/\/brieger.ch\/fr\/wp-json\/wp\/v2\/comments?post=40329"}],"wp:featuredmedia":[{"embeddable":true,"href":"https:\/\/brieger.ch\/fr\/wp-json\/wp\/v2\/media\/34229"}],"wp:attachment":[{"href":"https:\/\/brieger.ch\/fr\/wp-json\/wp\/v2\/media?parent=40329"}],"wp:term":[{"taxonomy":"product_brand","embeddable":true,"href":"https:\/\/brieger.ch\/fr\/wp-json\/wp\/v2\/product_brand?post=40329"},{"taxonomy":"product_cat","embeddable":true,"href":"https:\/\/brieger.ch\/fr\/wp-json\/wp\/v2\/product_cat?post=40329"},{"taxonomy":"product_tag","embeddable":true,"href":"https:\/\/brieger.ch\/fr\/wp-json\/wp\/v2\/product_tag?post=40329"},{"taxonomy":"farbe","embeddable":true,"href":"https:\/\/brieger.ch\/fr\/wp-json\/wp\/v2\/farbe?post=40329"},{"taxonomy":"qualitaet","embeddable":true,"href":"https:\/\/brieger.ch\/fr\/wp-json\/wp\/v2\/qualitaet?post=40329"},{"taxonomy":"artikelart","embeddable":true,"href":"https:\/\/brieger.ch\/fr\/wp-json\/wp\/v2\/artikelart?post=40329"},{"taxonomy":"produktstatus","embeddable":true,"href":"https:\/\/brieger.ch\/fr\/wp-json\/wp\/v2\/produktstatus?post=40329"},{"taxonomy":"wellig","embeddable":true,"href":"https:\/\/brieger.ch\/fr\/wp-json\/wp\/v2\/wellig?post=40329"}],"curies":[{"name":"wp","href":"https:\/\/api.w.org\/{rel}","templated":true}]}}