{"id":40328,"date":"2020-07-31T13:39:22","date_gmt":"2020-07-31T13:52:31","guid":{"rendered":"https:\/\/brieger.hundert1.ch\/produkt\/44239\/"},"modified":"2026-03-30T08:28:40","modified_gmt":"2026-03-30T06:28:40","slug":"44739","status":"publish","type":"product","link":"https:\/\/brieger.ch\/fr\/product\/44739\/","title":{"rendered":"Emballage VARITOP \u2013 Une solution d\u2019exp\u00e9dition adaptable et s\u00e9curis\u00e9e"},"content":{"rendered":"<p>L\u2019emballage VARITOP est id\u00e9al pour exp\u00e9dier des contenus de hauteurs vari\u00e9es en toute s\u00e9curit\u00e9. Gr\u00e2ce \u00e0 ses dimensions de 325 x 250 mm et \u00e0 sa hauteur r\u00e9glable de 0 \u00e0 100 mm, il s\u2019ajuste parfaitement au volume de vos envois \u2013 sans espace perdu.<\/p>\n<p>\u00c9quip\u00e9 de deux bandes <a href=\"https:\/\/brieger.ch\/fr\/boites\/boxes-avec-fermeture-autocollantes\/\" target=\"_blank\" rel=\"noopener\">autocollantes<\/a>, il se ferme rapidement et solidement, sans <a href=\"https:\/\/brieger.ch\/fr\/accessoires\/rubans-adhesifs-et-derouleurs\/\" target=\"_blank\" rel=\"noopener\">ruban adh\u00e9sif<\/a> suppl\u00e9mentaire. Sa construction solide prot\u00e8ge efficacement contre les chocs et l\u2019humidit\u00e9, ce qui en fait une solution id\u00e9ale pour des livres, des catalogues, des pi\u00e8ces d\u00e9tach\u00e9es ou des documents sensibles.<\/p>\n<h2>Avantages et utilisations des emballages universels VARITOP<\/h2>\n<ul>\n<li>Hauteur ajustable \u2013 de 0 \u00e0 100 mm pour un emballage sur mesure<\/li>\n<li>Fermeture s\u00e9curis\u00e9e \u2013 gr\u00e2ce \u00e0 2 bandes autocollantes int\u00e9gr\u00e9es -aller, retour<\/li>\n<li>Respectueux de l\u2019environnement \u2013 mat\u00e9riaux recyclable et durable<\/li>\n<li>Personnalisable \u2013 impression possible pour un envoi \u00e0 votre image<\/li>\n<li>Polyvalent \u2013 id\u00e9al pour documents, brochures, objets plats ou fragiles et plus encore<\/li>\n<\/ul>\n<p>Si vous recherchez des emballages universels fiables et professionnels, la gamme VARITOP est la solution id\u00e9ale pour tous vos besoins <a href=\"https:\/\/brieger.ch\/fr\/emballages-postaux\/boites-dexpedition\/\" target=\"_blank\" rel=\"noopener\">d\u2019exp\u00e9dition<\/a>. Commandez d\u00e8s aujourd\u2019hui pour exp\u00e9dier efficacement et en toute s\u00e9curit\u00e9.<\/p>\n","protected":false},"excerpt":{"rendered":"<p>L\u2019emballage universel VARITOP, varier la hauteur, avec 2 fermetures autocollantes, blanc<\/p>\n","protected":false},"featured_media":34229,"comment_status":"closed","ping_status":"closed","template":"","meta":{"_searchwp_excluded":""},"product_brand":[],"product_cat":[801],"product_tag":[],"farbe":[824],"qualitaet":[221],"artikelart":[882],"produktstatus":[],"wellig":[994],"class_list":{"0":"post-40328","1":"product","2":"type-product","3":"status-publish","4":"has-post-thumbnail","6":"product_cat-lemballage-universel","7":"farbe-blanc","8":"qualitaet-2-2-mm","9":"artikelart-lemballage-universel-varitop-varier-la-hauteur-avec-2-fermetures-autocollantes","10":"wellig-1-cannelure","12":"first","13":"instock","14":"taxable","15":"shipping-taxable","16":"purchasable","17":"product-type-simple"},"tiered_pricing_type":"fixed","tiered_pricing_fixed_rules":{"50":"3.06","100":"2.65","200":"2.2","600":"1.6","1200":"1.51","1800":"1.44"},"tiered_pricing_product_settings":{"layout":"default","base_unit_name":{"singular":null,"plural":null},"default_variation":null},"tiered_pricing_minimum_quantity":25,"tiered_pricing_roles_data":{"galenica-group":{"product_id":40328,"role":"galenica-group","pricing_type":"flat","regular_price":1.16,"sale_price":null,"discount":null,"discount_type":"sale_price","tiered_pricing_type":"fixed","percentage_rules":[],"fixed_rules":[],"minimum":25}},"tiered_pricing_percentage_rules":[],"tiered_pricing_maximum_quantity":null,"tiered_pricing_quantity_step":null,"_links":{"self":[{"href":"https:\/\/brieger.ch\/fr\/wp-json\/wp\/v2\/product\/40328","targetHints":{"allow":["GET"]}}],"collection":[{"href":"https:\/\/brieger.ch\/fr\/wp-json\/wp\/v2\/product"}],"about":[{"href":"https:\/\/brieger.ch\/fr\/wp-json\/wp\/v2\/types\/product"}],"replies":[{"embeddable":true,"href":"https:\/\/brieger.ch\/fr\/wp-json\/wp\/v2\/comments?post=40328"}],"wp:featuredmedia":[{"embeddable":true,"href":"https:\/\/brieger.ch\/fr\/wp-json\/wp\/v2\/media\/34229"}],"wp:attachment":[{"href":"https:\/\/brieger.ch\/fr\/wp-json\/wp\/v2\/media?parent=40328"}],"wp:term":[{"taxonomy":"product_brand","embeddable":true,"href":"https:\/\/brieger.ch\/fr\/wp-json\/wp\/v2\/product_brand?post=40328"},{"taxonomy":"product_cat","embeddable":true,"href":"https:\/\/brieger.ch\/fr\/wp-json\/wp\/v2\/product_cat?post=40328"},{"taxonomy":"product_tag","embeddable":true,"href":"https:\/\/brieger.ch\/fr\/wp-json\/wp\/v2\/product_tag?post=40328"},{"taxonomy":"farbe","embeddable":true,"href":"https:\/\/brieger.ch\/fr\/wp-json\/wp\/v2\/farbe?post=40328"},{"taxonomy":"qualitaet","embeddable":true,"href":"https:\/\/brieger.ch\/fr\/wp-json\/wp\/v2\/qualitaet?post=40328"},{"taxonomy":"artikelart","embeddable":true,"href":"https:\/\/brieger.ch\/fr\/wp-json\/wp\/v2\/artikelart?post=40328"},{"taxonomy":"produktstatus","embeddable":true,"href":"https:\/\/brieger.ch\/fr\/wp-json\/wp\/v2\/produktstatus?post=40328"},{"taxonomy":"wellig","embeddable":true,"href":"https:\/\/brieger.ch\/fr\/wp-json\/wp\/v2\/wellig?post=40328"}],"curies":[{"name":"wp","href":"https:\/\/api.w.org\/{rel}","templated":true}]}}