{"id":40325,"date":"2020-07-31T13:39:22","date_gmt":"2020-07-31T13:52:31","guid":{"rendered":"https:\/\/brieger.hundert1.ch\/produkt\/44230\/"},"modified":"2026-03-30T08:25:07","modified_gmt":"2026-03-30T06:25:07","slug":"44730","status":"publish","type":"product","link":"https:\/\/brieger.ch\/fr\/product\/44730\/","title":{"rendered":"Emballage universel VARITOP A4 \u2013 flexible, s\u00e9curis\u00e9, pr\u00eat \u00e0 l\u2019envoi"},"content":{"rendered":"<p>L\u2019emballage universel VARITOP au<a href=\"https:\/\/brieger.ch\/fr\/formats-a5-a4-b4-b5\/\" target=\"_blank\" rel=\"noopener\"> format A4<\/a> (305 x 215 x 0-75 mm) combine flexibilit\u00e9, solidit\u00e9 et confort. Gr\u00e2ce \u00e0 une hauteur variable jusqu\u2019\u00e0 75 mm, il s\u2019adapte \u00e0 diff\u00e9rents types de contenus \u2013 brochures, documents ou petits objets. Deux <a href=\"https:\/\/brieger.ch\/fr\/boites\/boxes-avec-fermeture-autocollantes\/\" target=\"_blank\" rel=\"noopener\">fermetures autocollantes<\/a> assurent une fermeture rapide et fiable, sans mat\u00e9riel d\u2019emballage suppl\u00e9mentaire.<\/p>\n<h2>Avantages de l\u2019emballage universel VARITOP avec fermeture autocollante<\/h2>\n<ul>\n<li>Une solution d\u2019exp\u00e9dition pens\u00e9e pour les professionnels \u2013 polyvalente, durable et fonctionnelle.<\/li>\n<li>Hauteur variable de 0 \u00e0 75 mm pour divers contenu<\/li>\n<li>Deux fermetures autocollantes pour une s\u00e9curit\u00e9 renforc\u00e9e et un gain de temps ou pour un aller-retour<\/li>\n<li><a href=\"https:\/\/brieger.ch\/fr\/formats-a5-a4-b4-b5\/\" target=\"_blank\" rel=\"noopener\">Format A4<\/a> \u2013 id\u00e9al pour dossiers, brochures, documents<\/li>\n<li>Mat\u00e9riau blanc et robuste \u2013 aspect professionnel et imprimable<\/li>\n<li>Poids l\u00e9ger (197 g) \u2013 pour des frais de port r\u00e9duits<\/li>\n<li>Quantit\u00e9 minimale de commande : 25 unit\u00e9s, pour d\u2019\u00e9ventuels petits envois<\/li>\n<\/ul>\n","protected":false},"excerpt":{"rendered":"<p>L\u2019emballage universel VARITOP, varier la hauteur, avec 2 fermetures autocollantes, blanc<\/p>\n","protected":false},"featured_media":34229,"comment_status":"closed","ping_status":"closed","template":"","meta":{"_searchwp_excluded":""},"product_brand":[],"product_cat":[801],"product_tag":[],"farbe":[824],"qualitaet":[221],"artikelart":[882],"produktstatus":[],"wellig":[994],"class_list":{"0":"post-40325","1":"product","2":"type-product","3":"status-publish","4":"has-post-thumbnail","6":"product_cat-lemballage-universel","7":"farbe-blanc","8":"qualitaet-2-2-mm","9":"artikelart-lemballage-universel-varitop-varier-la-hauteur-avec-2-fermetures-autocollantes","10":"wellig-1-cannelure","12":"first","13":"instock","14":"taxable","15":"shipping-taxable","16":"purchasable","17":"product-type-simple"},"tiered_pricing_type":"fixed","tiered_pricing_fixed_rules":{"50":"2.77","100":"2.32","200":"2","500":"1.55","600":"1.39","1200":"1.31"},"tiered_pricing_product_settings":{"layout":"default","base_unit_name":{"singular":null,"plural":null},"default_variation":null},"tiered_pricing_minimum_quantity":25,"tiered_pricing_roles_data":{"galenica-group":{"product_id":40325,"role":"galenica-group","pricing_type":"flat","regular_price":1.08,"sale_price":null,"discount":null,"discount_type":"sale_price","tiered_pricing_type":"fixed","percentage_rules":[],"fixed_rules":[],"minimum":25}},"tiered_pricing_percentage_rules":[],"tiered_pricing_maximum_quantity":null,"tiered_pricing_quantity_step":null,"_links":{"self":[{"href":"https:\/\/brieger.ch\/fr\/wp-json\/wp\/v2\/product\/40325","targetHints":{"allow":["GET"]}}],"collection":[{"href":"https:\/\/brieger.ch\/fr\/wp-json\/wp\/v2\/product"}],"about":[{"href":"https:\/\/brieger.ch\/fr\/wp-json\/wp\/v2\/types\/product"}],"replies":[{"embeddable":true,"href":"https:\/\/brieger.ch\/fr\/wp-json\/wp\/v2\/comments?post=40325"}],"wp:featuredmedia":[{"embeddable":true,"href":"https:\/\/brieger.ch\/fr\/wp-json\/wp\/v2\/media\/34229"}],"wp:attachment":[{"href":"https:\/\/brieger.ch\/fr\/wp-json\/wp\/v2\/media?parent=40325"}],"wp:term":[{"taxonomy":"product_brand","embeddable":true,"href":"https:\/\/brieger.ch\/fr\/wp-json\/wp\/v2\/product_brand?post=40325"},{"taxonomy":"product_cat","embeddable":true,"href":"https:\/\/brieger.ch\/fr\/wp-json\/wp\/v2\/product_cat?post=40325"},{"taxonomy":"product_tag","embeddable":true,"href":"https:\/\/brieger.ch\/fr\/wp-json\/wp\/v2\/product_tag?post=40325"},{"taxonomy":"farbe","embeddable":true,"href":"https:\/\/brieger.ch\/fr\/wp-json\/wp\/v2\/farbe?post=40325"},{"taxonomy":"qualitaet","embeddable":true,"href":"https:\/\/brieger.ch\/fr\/wp-json\/wp\/v2\/qualitaet?post=40325"},{"taxonomy":"artikelart","embeddable":true,"href":"https:\/\/brieger.ch\/fr\/wp-json\/wp\/v2\/artikelart?post=40325"},{"taxonomy":"produktstatus","embeddable":true,"href":"https:\/\/brieger.ch\/fr\/wp-json\/wp\/v2\/produktstatus?post=40325"},{"taxonomy":"wellig","embeddable":true,"href":"https:\/\/brieger.ch\/fr\/wp-json\/wp\/v2\/wellig?post=40325"}],"curies":[{"name":"wp","href":"https:\/\/api.w.org\/{rel}","templated":true}]}}