{"id":40322,"date":"2020-07-31T13:39:22","date_gmt":"2020-07-31T13:52:31","guid":{"rendered":"https:\/\/brieger.hundert1.ch\/produkt\/44220\/"},"modified":"2025-06-18T12:02:41","modified_gmt":"2025-06-18T10:02:41","slug":"44220","status":"publish","type":"product","link":"https:\/\/brieger.ch\/fr\/product\/44220\/","title":{"rendered":"Carton Varitop \u2013 Emballage flexible, s\u00fbr et efficace"},"content":{"rendered":"<p>L\u2019emballage universel Varitop avec fermeture autocollante est con\u00e7u pour s\u2019adapter \u00e0 une grande vari\u00e9t\u00e9 de produits. Gr\u00e2ce \u00e0 sa hauteur ajustable, il optimise le volume utilis\u00e9 et prot\u00e8ge efficacement le contenu lors du transport. La fermeture autocollante int\u00e9gr\u00e9e permet une fermeture rapide et s\u00fbre, sans avoir recours \u00e0 du ruban adh\u00e9sif suppl\u00e9mentaire, ce qui rend le processus d\u2019emballage nettement plus efficace.<\/p>\n<p>Fabriqu\u00e9 en carton ondul\u00e9 robuste, le Varitop assure une protection fiable contre les chocs et l\u2019humidit\u00e9. Il est parfaitement adapt\u00e9 \u00e0 l\u2019envoi d\u2019\u00e9chantillons, de documents, de petits produits ou de retours. L\u2019emballage Varitop permet non seulement d\u2019\u00e9conomiser de l\u2019espace de stockage, mais aussi de r\u00e9duire le nombre de format de carton n\u00e9cessaire dans votre entreprise \u2013 une v\u00e9ritable solution tout-en-un pour vos besoins d\u2019exp\u00e9dition.<\/p>\n<p>Qu&rsquo;il s&rsquo;agisse d&rsquo;un carton \u00e0 hauteur variable ou d&rsquo;une <a href=\"https:\/\/brieger.ch\/fr\/emballages-postaux\/boites-dexpedition\/\" target=\"_blank\" rel=\"noopener\">bo\u00eete d&rsquo;exp\u00e9dition<\/a> pratique avec fermeture autocollante, cet emballage allie flexibilit\u00e9, s\u00e9curit\u00e9 et durabilit\u00e9 en un seul produit.<\/p>\n<h2>Avantages et caract\u00e9ristiques de l\u2019emballage universel Varitop :<\/h2>\n<ul>\n<li>Hauteur variable &#8211; s\u2019adapte facilement \u00e0 la taille du contenu<\/li>\n<li>Fermeture autocollante \u2013 gain de temps et s\u00e9curit\u00e9 renforc\u00e9e<\/li>\n<li>Facilit\u00e9 de montage \u2013 id\u00e9al pour <a href=\"https:\/\/brieger.ch\/fr\/e-commerce\/\" target=\"_blank\" rel=\"noopener\">le e-commerce<\/a>, la vente par correspondance et la logistique<\/li>\n<li>Carton solide \u2013 prot\u00e8ge efficacement le contenu pendant le transport<\/li>\n<li>Gain de place &#8211; r\u00e9duit les co\u00fbts de stockage gr\u00e2ce \u00e0 moins de r\u00e9f\u00e9rence de carton<\/li>\n<li>Respectueux de l\u2019environnement \u2013 fabriqu\u00e9 \u00e0 partir de mat\u00e9riaux recyclables<\/li>\n<li>Solution polyvalente \u2013 convient pour une large gamme de produits et de documents<\/li>\n<\/ul>\n","protected":false},"excerpt":{"rendered":"<p>L\u2019emballage universel VARITOP, varier la hauteur, avec 2 fermetures autocollantes, blanc, 54\/80<\/p>\n","protected":false},"featured_media":34229,"comment_status":"closed","ping_status":"closed","template":"","meta":{"_searchwp_excluded":""},"product_brand":[],"product_cat":[801],"product_tag":[],"farbe":[824],"qualitaet":[142],"artikelart":[882],"produktstatus":[],"wellig":[],"class_list":{"0":"post-40322","1":"product","2":"type-product","3":"status-publish","4":"has-post-thumbnail","6":"product_cat-lemballage-universel","7":"farbe-blanc","8":"qualitaet-1-5-mm","9":"artikelart-lemballage-universel-varitop-varier-la-hauteur-avec-2-fermetures-autocollantes","11":"first","12":"instock","13":"taxable","14":"shipping-taxable","15":"purchasable","16":"product-type-simple"},"tiered_pricing_type":"fixed","tiered_pricing_fixed_rules":{"50":"2.29","100":"1.86","200":"1.6","500":"1.22","1000":"1.04","1500":"1"},"tiered_pricing_product_settings":{"layout":"default","base_unit_name":{"singular":null,"plural":null},"default_variation":null},"tiered_pricing_minimum_quantity":25,"tiered_pricing_roles_data":{"galenica-group":{"product_id":40322,"role":"galenica-group","pricing_type":"flat","regular_price":0.81,"sale_price":null,"discount":null,"discount_type":"sale_price","tiered_pricing_type":"fixed","percentage_rules":[],"fixed_rules":[],"minimum":25}},"tiered_pricing_percentage_rules":[],"tiered_pricing_maximum_quantity":null,"tiered_pricing_quantity_step":null,"_links":{"self":[{"href":"https:\/\/brieger.ch\/fr\/wp-json\/wp\/v2\/product\/40322","targetHints":{"allow":["GET"]}}],"collection":[{"href":"https:\/\/brieger.ch\/fr\/wp-json\/wp\/v2\/product"}],"about":[{"href":"https:\/\/brieger.ch\/fr\/wp-json\/wp\/v2\/types\/product"}],"replies":[{"embeddable":true,"href":"https:\/\/brieger.ch\/fr\/wp-json\/wp\/v2\/comments?post=40322"}],"wp:featuredmedia":[{"embeddable":true,"href":"https:\/\/brieger.ch\/fr\/wp-json\/wp\/v2\/media\/34229"}],"wp:attachment":[{"href":"https:\/\/brieger.ch\/fr\/wp-json\/wp\/v2\/media?parent=40322"}],"wp:term":[{"taxonomy":"product_brand","embeddable":true,"href":"https:\/\/brieger.ch\/fr\/wp-json\/wp\/v2\/product_brand?post=40322"},{"taxonomy":"product_cat","embeddable":true,"href":"https:\/\/brieger.ch\/fr\/wp-json\/wp\/v2\/product_cat?post=40322"},{"taxonomy":"product_tag","embeddable":true,"href":"https:\/\/brieger.ch\/fr\/wp-json\/wp\/v2\/product_tag?post=40322"},{"taxonomy":"farbe","embeddable":true,"href":"https:\/\/brieger.ch\/fr\/wp-json\/wp\/v2\/farbe?post=40322"},{"taxonomy":"qualitaet","embeddable":true,"href":"https:\/\/brieger.ch\/fr\/wp-json\/wp\/v2\/qualitaet?post=40322"},{"taxonomy":"artikelart","embeddable":true,"href":"https:\/\/brieger.ch\/fr\/wp-json\/wp\/v2\/artikelart?post=40322"},{"taxonomy":"produktstatus","embeddable":true,"href":"https:\/\/brieger.ch\/fr\/wp-json\/wp\/v2\/produktstatus?post=40322"},{"taxonomy":"wellig","embeddable":true,"href":"https:\/\/brieger.ch\/fr\/wp-json\/wp\/v2\/wellig?post=40322"}],"curies":[{"name":"wp","href":"https:\/\/api.w.org\/{rel}","templated":true}]}}