{"id":40314,"date":"2020-07-31T13:39:06","date_gmt":"2020-07-31T13:51:34","guid":{"rendered":"https:\/\/brieger.hundert1.ch\/produkt\/45321\/"},"modified":"2025-08-28T14:11:45","modified_gmt":"2025-08-28T12:11:45","slug":"45321","status":"publish","type":"product","link":"https:\/\/brieger.ch\/fr\/product\/45321\/","title":{"rendered":"Emballage universel VARIFIX brun \u2013 adaptable, l\u00e9ger et pratique au quotidien"},"content":{"rendered":"<p><a href=\"https:\/\/brieger.ch\/fr\/emballages-postaux\/emballages-universels\/\" target=\"_blank\" rel=\"noopener\">L\u2019emballage universel<\/a> de la gamme <a href=\"https:\/\/brieger.ch\/fr\/varifix\/\" target=\"_blank\" rel=\"noopener\">VARIFIX<\/a> est parfaitement adapt\u00e9 \u00e0 l\u2019envoi quotidien de produits de petite et moyenne taille. Avec des dimensions de 245 x 165 mm et une hauteur flexible jusqu\u2019\u00e0 70 mm il offre suffisamment de place pour les contenus les plus divers. La fermeture autocollante assure une manipulation rapide et propre.<\/p>\n<h2>Les avantages de cet emballage universel avec fermeture autocollante<\/h2>\n<p>Un emballage simple et fiable pour des envois optimis\u00e9s.<\/p>\n<ul>\n<li><strong>Hauteur variable jusqu\u2019\u00e0 70 mm<\/strong> \u2013 pour diff\u00e9rents volumes<\/li>\n<li><strong>Fermeture autocollante<\/strong> \u2013 fermeture rapide et propre<\/li>\n<li><strong>Dimensions 245 x 165 mm<\/strong> \u2013 id\u00e9al pour des pi\u00e8ces, des accessoires et des \u00e9chantillons<\/li>\n<li><strong><a href=\"https:\/\/fsc-schweiz.ch\/\" target=\"_blank\" rel=\"noopener\">Carton ondul\u00e9 FSC<\/a> brun<\/strong> \u2013 solide, \u00e9cologique et personnalisable<\/li>\n<li><strong>Poids net<\/strong> : seulement 80 g \u2013 \u00e9conomique pour l\u2019exp\u00e9dition<\/li>\n<li><strong>Quantit\u00e9 minimale de commande<\/strong>: 50 pi\u00e8ces \u2013 pratique pour de petits envois r\u00e9guliers<\/li>\n<\/ul>\n","protected":false},"excerpt":{"rendered":"<p>L\u2019emballage universel Varifix, varier la hauteur, avec 1 fermeture autocollante, brun, Economy<\/p>\n","protected":false},"featured_media":93912,"comment_status":"closed","ping_status":"closed","template":"","meta":{"_searchwp_excluded":""},"product_brand":[],"product_cat":[801,1155],"product_tag":[],"farbe":[813],"qualitaet":[142],"artikelart":[883],"produktstatus":[],"wellig":[],"class_list":{"0":"post-40314","1":"product","2":"type-product","3":"status-publish","4":"has-post-thumbnail","6":"product_cat-lemballage-universel","7":"product_cat-varifix-fr","8":"farbe-brun","9":"qualitaet-1-5-mm","10":"artikelart-lemballage-universel-varifix-varier-la-hauteur-avec-1-fermetures-autocollantes","12":"first","13":"instock","14":"taxable","15":"shipping-taxable","16":"purchasable","17":"product-type-simple"},"tiered_pricing_type":"fixed","tiered_pricing_fixed_rules":{"100":"1.17","200":"0.99","500":"0.78","1000":"0.63","2000":"0.58"},"tiered_pricing_product_settings":{"layout":"default","base_unit_name":{"singular":null,"plural":null},"default_variation":null},"tiered_pricing_minimum_quantity":50,"tiered_pricing_roles_data":{"galenica-group":{"product_id":40314,"role":"galenica-group","pricing_type":"flat","regular_price":0.46,"sale_price":null,"discount":null,"discount_type":"sale_price","tiered_pricing_type":"fixed","percentage_rules":[],"fixed_rules":[],"minimum":50}},"tiered_pricing_percentage_rules":[],"tiered_pricing_maximum_quantity":null,"tiered_pricing_quantity_step":null,"_links":{"self":[{"href":"https:\/\/brieger.ch\/fr\/wp-json\/wp\/v2\/product\/40314","targetHints":{"allow":["GET"]}}],"collection":[{"href":"https:\/\/brieger.ch\/fr\/wp-json\/wp\/v2\/product"}],"about":[{"href":"https:\/\/brieger.ch\/fr\/wp-json\/wp\/v2\/types\/product"}],"replies":[{"embeddable":true,"href":"https:\/\/brieger.ch\/fr\/wp-json\/wp\/v2\/comments?post=40314"}],"wp:featuredmedia":[{"embeddable":true,"href":"https:\/\/brieger.ch\/fr\/wp-json\/wp\/v2\/media\/93912"}],"wp:attachment":[{"href":"https:\/\/brieger.ch\/fr\/wp-json\/wp\/v2\/media?parent=40314"}],"wp:term":[{"taxonomy":"product_brand","embeddable":true,"href":"https:\/\/brieger.ch\/fr\/wp-json\/wp\/v2\/product_brand?post=40314"},{"taxonomy":"product_cat","embeddable":true,"href":"https:\/\/brieger.ch\/fr\/wp-json\/wp\/v2\/product_cat?post=40314"},{"taxonomy":"product_tag","embeddable":true,"href":"https:\/\/brieger.ch\/fr\/wp-json\/wp\/v2\/product_tag?post=40314"},{"taxonomy":"farbe","embeddable":true,"href":"https:\/\/brieger.ch\/fr\/wp-json\/wp\/v2\/farbe?post=40314"},{"taxonomy":"qualitaet","embeddable":true,"href":"https:\/\/brieger.ch\/fr\/wp-json\/wp\/v2\/qualitaet?post=40314"},{"taxonomy":"artikelart","embeddable":true,"href":"https:\/\/brieger.ch\/fr\/wp-json\/wp\/v2\/artikelart?post=40314"},{"taxonomy":"produktstatus","embeddable":true,"href":"https:\/\/brieger.ch\/fr\/wp-json\/wp\/v2\/produktstatus?post=40314"},{"taxonomy":"wellig","embeddable":true,"href":"https:\/\/brieger.ch\/fr\/wp-json\/wp\/v2\/wellig?post=40314"}],"curies":[{"name":"wp","href":"https:\/\/api.w.org\/{rel}","templated":true}]}}