{"id":40309,"date":"2020-07-31T13:38:50","date_gmt":"2020-07-31T13:51:34","guid":{"rendered":"https:\/\/brieger.hundert1.ch\/produkt\/45238\/"},"modified":"2025-08-20T16:31:23","modified_gmt":"2025-08-20T14:31:23","slug":"45238","status":"publish","type":"product","link":"https:\/\/brieger.ch\/fr\/product\/45238\/","title":{"rendered":"Emballage universel VARIFIX blanc \u2013 grand, solide, adaptable"},"content":{"rendered":"<p>Cet <a href=\"https:\/\/brieger.ch\/fr\/emballages-postaux\/emballages-universels\/\" target=\"_blank\" rel=\"noopener\">emballage universel<\/a> grand format et carr\u00e9 de la gamme <a href=\"https:\/\/brieger.ch\/fr\/varifix\/\" target=\"_blank\" rel=\"noopener\">VARIFIX<\/a> est id\u00e9al pour des livres, du textile, des ocuments ou ensembles de produits. Sa finition blanche donne une impression professionnelle et soign\u00e9e, tout en prot\u00e9geant efficacement le contenu.<\/p>\n<h2>Emballage universel avec fermeture autocollante \u2013 un emballage solide et efficace<\/h2>\n<p>Avec un format de 315 \u00d7 315 mm et une hauteur variable de 0 \u00e0 80 mm, cet emballage s\u2019adapte \u00e0 une grande vari\u00e9t\u00e9 de contenus. Le carton <a href=\"https:\/\/brieger.ch\/fr\/couleurs-blanc\/\" target=\"_blank\" rel=\"noopener\">blanc<\/a> (245 g) offre une grande stabilit\u00e9 et peut \u00eatre imprim\u00e9 individuellement. La fermeture autocollante int\u00e9gr\u00e9e permet une pr\u00e9paration rapide et s\u00e9curis\u00e9e \u2013 parfaite pour l\u2019exp\u00e9dition, le stockage ou la pr\u00e9sentations produits.<\/p>\n<h3>Avantages en un coup d\u2019\u0153il :<\/h3>\n<ul>\n<li><a href=\"https:\/\/brieger.ch\/fr\/formats-a5-a4-b4-b5\/\" target=\"_blank\" rel=\"noopener\">Format<\/a> carr\u00e9 : 315 \u00d7 315 mm, hauteur de 0 \u00e0 80 mm<\/li>\n<li>Carton blanc robuste (poids net de 245 g)<\/li>\n<li>Fermeture autocollante incluse<\/li>\n<li>Imprimable pour une image de marque coh\u00e9rente<\/li>\n<li>Quantit\u00e9 minimale de commande : 25 pi\u00e8ces, lot de 25<\/li>\n<\/ul>\n","protected":false},"excerpt":{"rendered":"<p>L\u2019emballage universel Varifix, varier la hauteur, avec 1 fermeture autocollante, blanc<\/p>\n","protected":false},"featured_media":34216,"comment_status":"closed","ping_status":"closed","template":"","meta":{"_searchwp_excluded":""},"product_brand":[],"product_cat":[801,1155],"product_tag":[],"farbe":[824],"qualitaet":[144],"artikelart":[883],"produktstatus":[],"wellig":[994],"class_list":{"0":"post-40309","1":"product","2":"type-product","3":"status-publish","4":"has-post-thumbnail","6":"product_cat-lemballage-universel","7":"product_cat-varifix-fr","8":"farbe-blanc","9":"qualitaet-3-0-mm","10":"artikelart-lemballage-universel-varifix-varier-la-hauteur-avec-1-fermetures-autocollantes","11":"wellig-1-cannelure","13":"first","14":"instock","15":"taxable","16":"shipping-taxable","17":"purchasable","18":"product-type-simple"},"tiered_pricing_type":"fixed","tiered_pricing_fixed_rules":{"50":"3.4","100":"3.32","200":"2.92","500":"2.2","1000":"2.14"},"tiered_pricing_product_settings":{"layout":"default","base_unit_name":{"singular":null,"plural":null},"default_variation":null},"tiered_pricing_minimum_quantity":25,"tiered_pricing_roles_data":{"galenica-group":{"product_id":40309,"role":"galenica-group","pricing_type":"flat","regular_price":2.03,"sale_price":null,"discount":null,"discount_type":"sale_price","tiered_pricing_type":"fixed","percentage_rules":[],"fixed_rules":[],"minimum":25}},"tiered_pricing_percentage_rules":[],"tiered_pricing_maximum_quantity":null,"tiered_pricing_quantity_step":null,"_links":{"self":[{"href":"https:\/\/brieger.ch\/fr\/wp-json\/wp\/v2\/product\/40309","targetHints":{"allow":["GET"]}}],"collection":[{"href":"https:\/\/brieger.ch\/fr\/wp-json\/wp\/v2\/product"}],"about":[{"href":"https:\/\/brieger.ch\/fr\/wp-json\/wp\/v2\/types\/product"}],"replies":[{"embeddable":true,"href":"https:\/\/brieger.ch\/fr\/wp-json\/wp\/v2\/comments?post=40309"}],"wp:featuredmedia":[{"embeddable":true,"href":"https:\/\/brieger.ch\/fr\/wp-json\/wp\/v2\/media\/34216"}],"wp:attachment":[{"href":"https:\/\/brieger.ch\/fr\/wp-json\/wp\/v2\/media?parent=40309"}],"wp:term":[{"taxonomy":"product_brand","embeddable":true,"href":"https:\/\/brieger.ch\/fr\/wp-json\/wp\/v2\/product_brand?post=40309"},{"taxonomy":"product_cat","embeddable":true,"href":"https:\/\/brieger.ch\/fr\/wp-json\/wp\/v2\/product_cat?post=40309"},{"taxonomy":"product_tag","embeddable":true,"href":"https:\/\/brieger.ch\/fr\/wp-json\/wp\/v2\/product_tag?post=40309"},{"taxonomy":"farbe","embeddable":true,"href":"https:\/\/brieger.ch\/fr\/wp-json\/wp\/v2\/farbe?post=40309"},{"taxonomy":"qualitaet","embeddable":true,"href":"https:\/\/brieger.ch\/fr\/wp-json\/wp\/v2\/qualitaet?post=40309"},{"taxonomy":"artikelart","embeddable":true,"href":"https:\/\/brieger.ch\/fr\/wp-json\/wp\/v2\/artikelart?post=40309"},{"taxonomy":"produktstatus","embeddable":true,"href":"https:\/\/brieger.ch\/fr\/wp-json\/wp\/v2\/produktstatus?post=40309"},{"taxonomy":"wellig","embeddable":true,"href":"https:\/\/brieger.ch\/fr\/wp-json\/wp\/v2\/wellig?post=40309"}],"curies":[{"name":"wp","href":"https:\/\/api.w.org\/{rel}","templated":true}]}}