{"id":40308,"date":"2020-07-31T13:38:50","date_gmt":"2020-07-31T13:51:34","guid":{"rendered":"https:\/\/brieger.hundert1.ch\/produkt\/45230\/"},"modified":"2025-07-11T15:52:54","modified_gmt":"2025-07-11T13:52:54","slug":"45230","status":"publish","type":"product","link":"https:\/\/brieger.ch\/fr\/product\/45230\/","title":{"rendered":"Emballage universel VARIFIX A4 \u2013 compact, s\u00fbr et efficace"},"content":{"rendered":"<p>L\u2019emballage universel VARIFIX au <a href=\"https:\/\/brieger.ch\/fr\/formats-a5-a4-b4-b5\/\" target=\"_blank\" rel=\"noopener\">format A4<\/a> (305 x 215 x 0-60 mm) est con\u00e7u pour les contenus plats ou de hauteur moyenne. Gr\u00e2ce \u00e0 sa hauteur r\u00e9glable jusqu\u2019\u00e0 60 mm et sa fermeture autocollante int\u00e9gr\u00e9e, il garantit un envoi rapide, s\u00e9curis\u00e9 et sans effort. Parfait pour les boutiques en ligne, les services administratifs ou les exp\u00e9ditions quotidiennes.<\/p>\n<h2>Avantages de l\u2019emballage universel VARIFIX avec fermeture autocollante<\/h2>\n<ul>\n<li style=\"text-align: left;\">Une protection fiable et une manipulation facile \u2013 l\u2019id\u00e9al pour l\u2019exp\u00e9dition au quotidien.<\/li>\n<li style=\"text-align: left;\">Hauteur r\u00e9glable de 0 \u00e0 60 mm \u2013 s\u2019adapte \u00e0 votre contenu<\/li>\n<li style=\"text-align: left;\"><a href=\"https:\/\/brieger.ch\/fr\/boites\/boxes-avec-fermeture-autocollantes\/\" target=\"_blank\" rel=\"noopener\">Fermeture autocollante<\/a> \u2013 pas besoin de ruban adh\u00e9sif<\/li>\n<li style=\"text-align: left;\"><a href=\"https:\/\/brieger.ch\/fr\/formats-a5-a4-b4-b5\/\" target=\"_blank\" rel=\"noopener\">Format A4<\/a> \u2013 id\u00e9al pour livres, documents, pi\u00e8ces d\u00e9tach\u00e9es<\/li>\n<li style=\"text-align: left;\">Mat\u00e9riau blanc \u2013 neutre et personnalisable<\/li>\n<li style=\"text-align: left;\">Ultra l\u00e9ger (150 g) \u2013 pour des frais de port r\u00e9duits<\/li>\n<li style=\"text-align: left;\">Commande minimale : 25 unit\u00e9s, id\u00e9al pour petites entreprises<\/li>\n<\/ul>\n","protected":false},"excerpt":{"rendered":"<p>L\u2019emballage universel Varifix, varier la hauteur, avec 1 fermeture autocollante, blanc<\/p>\n","protected":false},"featured_media":34216,"comment_status":"closed","ping_status":"closed","template":"","meta":{"_searchwp_excluded":""},"product_brand":[],"product_cat":[801,1155],"product_tag":[],"farbe":[824],"qualitaet":[144],"artikelart":[883],"produktstatus":[],"wellig":[994],"class_list":{"0":"post-40308","1":"product","2":"type-product","3":"status-publish","4":"has-post-thumbnail","6":"product_cat-lemballage-universel","7":"product_cat-varifix-fr","8":"farbe-blanc","9":"qualitaet-3-0-mm","10":"artikelart-lemballage-universel-varifix-varier-la-hauteur-avec-1-fermetures-autocollantes","11":"wellig-1-cannelure","13":"first","14":"instock","15":"taxable","16":"shipping-taxable","17":"purchasable","18":"product-type-simple"},"tiered_pricing_type":"fixed","tiered_pricing_fixed_rules":{"50":"2.44","100":"2.27","200":"2.04","500":"1.62","800":"1.41","1600":"1.36"},"tiered_pricing_product_settings":{"layout":"default","base_unit_name":{"singular":null,"plural":null},"default_variation":null},"tiered_pricing_minimum_quantity":25,"tiered_pricing_roles_data":{"galenica-group":{"product_id":40308,"role":"galenica-group","pricing_type":"flat","regular_price":1.12,"sale_price":null,"discount":null,"discount_type":"sale_price","tiered_pricing_type":"fixed","percentage_rules":[],"fixed_rules":[],"minimum":25}},"tiered_pricing_percentage_rules":[],"tiered_pricing_maximum_quantity":null,"tiered_pricing_quantity_step":null,"_links":{"self":[{"href":"https:\/\/brieger.ch\/fr\/wp-json\/wp\/v2\/product\/40308","targetHints":{"allow":["GET"]}}],"collection":[{"href":"https:\/\/brieger.ch\/fr\/wp-json\/wp\/v2\/product"}],"about":[{"href":"https:\/\/brieger.ch\/fr\/wp-json\/wp\/v2\/types\/product"}],"replies":[{"embeddable":true,"href":"https:\/\/brieger.ch\/fr\/wp-json\/wp\/v2\/comments?post=40308"}],"wp:featuredmedia":[{"embeddable":true,"href":"https:\/\/brieger.ch\/fr\/wp-json\/wp\/v2\/media\/34216"}],"wp:attachment":[{"href":"https:\/\/brieger.ch\/fr\/wp-json\/wp\/v2\/media?parent=40308"}],"wp:term":[{"taxonomy":"product_brand","embeddable":true,"href":"https:\/\/brieger.ch\/fr\/wp-json\/wp\/v2\/product_brand?post=40308"},{"taxonomy":"product_cat","embeddable":true,"href":"https:\/\/brieger.ch\/fr\/wp-json\/wp\/v2\/product_cat?post=40308"},{"taxonomy":"product_tag","embeddable":true,"href":"https:\/\/brieger.ch\/fr\/wp-json\/wp\/v2\/product_tag?post=40308"},{"taxonomy":"farbe","embeddable":true,"href":"https:\/\/brieger.ch\/fr\/wp-json\/wp\/v2\/farbe?post=40308"},{"taxonomy":"qualitaet","embeddable":true,"href":"https:\/\/brieger.ch\/fr\/wp-json\/wp\/v2\/qualitaet?post=40308"},{"taxonomy":"artikelart","embeddable":true,"href":"https:\/\/brieger.ch\/fr\/wp-json\/wp\/v2\/artikelart?post=40308"},{"taxonomy":"produktstatus","embeddable":true,"href":"https:\/\/brieger.ch\/fr\/wp-json\/wp\/v2\/produktstatus?post=40308"},{"taxonomy":"wellig","embeddable":true,"href":"https:\/\/brieger.ch\/fr\/wp-json\/wp\/v2\/wellig?post=40308"}],"curies":[{"name":"wp","href":"https:\/\/api.w.org\/{rel}","templated":true}]}}