{"id":40287,"date":"2020-07-31T13:38:20","date_gmt":"2020-07-31T13:50:36","guid":{"rendered":"https:\/\/brieger.hundert1.ch\/produkt\/45131\/"},"modified":"2025-07-11T16:01:08","modified_gmt":"2025-07-11T14:01:08","slug":"45131","status":"publish","type":"product","link":"https:\/\/brieger.ch\/fr\/product\/45131\/","title":{"rendered":"Carton VARIFIX \u2013 L\u2019emballage universel avec fermeture pratique"},"content":{"rendered":"<p>L\u2019emballage universel <a href=\"https:\/\/brieger.ch\/fr\/varifix\/\" target=\"_blank\" rel=\"noopener\">VARIFIX<\/a> avec fermeture autocollante est la solution id\u00e9ale pour l\u2019exp\u00e9dition s\u00fbre, rapide et professionnelle d\u2019une grande vari\u00e9t\u00e9 de produits. Gr\u00e2ce \u00e0 sa conception astucieuse en carton ondul\u00e9 robuste, il offre une protection optimale et est parfait pour l\u2019exp\u00e9dition de marchandises, de documents ou de retours.<\/p>\n<p><a href=\"https:\/\/brieger.ch\/fr\/boites\/boxes-avec-fermeture-autocollantes\/\" target=\"_blank\" rel=\"noopener\">La fermeture autocollante<\/a> int\u00e9gr\u00e9e permet de fermer l\u2019emballage en un seul geste, sans ruban adh\u00e9sif, ce qui simplifie et acc\u00e9l\u00e8re le processus logistique.<\/p>\n<p>Con\u00e7u en carton ondul\u00e9 robuste, il prot\u00e8ge efficacement le contenu contre les chocs et l\u2019humidit\u00e9. La bande d\u2019arrachage int\u00e9gr\u00e9e permet une ouverture rapide et propre, sans outils. Ce carton est livr\u00e9 \u00e0 plat, ce qui r\u00e9duit les besoins en espace de stockage et facilite la manutention.<\/p>\n<p>Le carton <a href=\"https:\/\/brieger.ch\/fr\/varifix\/\" target=\"_blank\" rel=\"noopener\">VARIFIX<\/a> allie solidit\u00e9, rapidit\u00e9 et praticit\u00e9 pour les besoins quotidiens en emballage.<\/p>\n<h2>Avantages et caract\u00e9ristiques du carton VARIFIX :<\/h2>\n<ul>\n<li>Format optimis\u00e9 \u2013 id\u00e9al pour les articles plats et les envois standards<\/li>\n<li>Fermeture autocollante \u2013 rapide, s\u00e9curis\u00e9e, sans ruban n\u00e9cessaire<\/li>\n<li>Ouverture facile \u2013 gr\u00e2ce \u00e0 la bande d\u2019arrachage int\u00e9gr\u00e9e<\/li>\n<li>Carton ondul\u00e9 solide \u2013 excellente <a href=\"https:\/\/brieger.ch\/fr\/accessoires\/decoupes-coins-de-protection\/\" target=\"_blank\" rel=\"noopener\">protection<\/a> pendant le transport<\/li>\n<li>Livr\u00e9 \u00e0 plat \u2013 \u00e9conomie d\u2019espace en entrep\u00f4t<\/li>\n<li>Solution \u00e9cologique \u2013 recyclable et respectueuse de l\u2019environnement<\/li>\n<li>Utilisation universelle \u2013 parfait pour les produits, les catalogues, les pi\u00e8ces de rechange ou les documents<\/li>\n<\/ul>\n<p>&nbsp;<\/p>\n<div id=\"gtx-trans\" style=\"position: absolute; left: 275px; top: 411.812px;\">\n<div class=\"gtx-trans-icon\"><\/div>\n<\/div>\n","protected":false},"excerpt":{"rendered":"<p>L\u2019emballage universel Varifix, varier la hauteur, avec 1 fermeture autocollante, brun<\/p>\n","protected":false},"featured_media":34179,"comment_status":"closed","ping_status":"closed","template":"","meta":{"_searchwp_excluded":""},"product_brand":[],"product_cat":[801,1155],"product_tag":[],"farbe":[813],"qualitaet":[144],"artikelart":[883],"produktstatus":[],"wellig":[994],"class_list":{"0":"post-40287","1":"product","2":"type-product","3":"status-publish","4":"has-post-thumbnail","6":"product_cat-lemballage-universel","7":"product_cat-varifix-fr","8":"farbe-brun","9":"qualitaet-3-0-mm","10":"artikelart-lemballage-universel-varifix-varier-la-hauteur-avec-1-fermetures-autocollantes","11":"wellig-1-cannelure","13":"first","14":"instock","15":"taxable","16":"shipping-taxable","17":"purchasable","18":"product-type-simple"},"tiered_pricing_type":"fixed","tiered_pricing_fixed_rules":{"50":"1.99","100":"1.69","200":"1.4","500":"1.14","800":"0.89","1600":"0.87"},"tiered_pricing_product_settings":{"layout":"default","base_unit_name":{"singular":null,"plural":null},"default_variation":null},"tiered_pricing_minimum_quantity":25,"tiered_pricing_roles_data":{"galenica-group":{"product_id":40287,"role":"galenica-group","pricing_type":"flat","regular_price":0.71,"sale_price":null,"discount":null,"discount_type":"sale_price","tiered_pricing_type":"fixed","percentage_rules":[],"fixed_rules":[],"minimum":25}},"tiered_pricing_percentage_rules":[],"tiered_pricing_maximum_quantity":null,"tiered_pricing_quantity_step":null,"_links":{"self":[{"href":"https:\/\/brieger.ch\/fr\/wp-json\/wp\/v2\/product\/40287","targetHints":{"allow":["GET"]}}],"collection":[{"href":"https:\/\/brieger.ch\/fr\/wp-json\/wp\/v2\/product"}],"about":[{"href":"https:\/\/brieger.ch\/fr\/wp-json\/wp\/v2\/types\/product"}],"replies":[{"embeddable":true,"href":"https:\/\/brieger.ch\/fr\/wp-json\/wp\/v2\/comments?post=40287"}],"wp:featuredmedia":[{"embeddable":true,"href":"https:\/\/brieger.ch\/fr\/wp-json\/wp\/v2\/media\/34179"}],"wp:attachment":[{"href":"https:\/\/brieger.ch\/fr\/wp-json\/wp\/v2\/media?parent=40287"}],"wp:term":[{"taxonomy":"product_brand","embeddable":true,"href":"https:\/\/brieger.ch\/fr\/wp-json\/wp\/v2\/product_brand?post=40287"},{"taxonomy":"product_cat","embeddable":true,"href":"https:\/\/brieger.ch\/fr\/wp-json\/wp\/v2\/product_cat?post=40287"},{"taxonomy":"product_tag","embeddable":true,"href":"https:\/\/brieger.ch\/fr\/wp-json\/wp\/v2\/product_tag?post=40287"},{"taxonomy":"farbe","embeddable":true,"href":"https:\/\/brieger.ch\/fr\/wp-json\/wp\/v2\/farbe?post=40287"},{"taxonomy":"qualitaet","embeddable":true,"href":"https:\/\/brieger.ch\/fr\/wp-json\/wp\/v2\/qualitaet?post=40287"},{"taxonomy":"artikelart","embeddable":true,"href":"https:\/\/brieger.ch\/fr\/wp-json\/wp\/v2\/artikelart?post=40287"},{"taxonomy":"produktstatus","embeddable":true,"href":"https:\/\/brieger.ch\/fr\/wp-json\/wp\/v2\/produktstatus?post=40287"},{"taxonomy":"wellig","embeddable":true,"href":"https:\/\/brieger.ch\/fr\/wp-json\/wp\/v2\/wellig?post=40287"}],"curies":[{"name":"wp","href":"https:\/\/api.w.org\/{rel}","templated":true}]}}