{"id":40285,"date":"2020-07-31T13:38:20","date_gmt":"2020-07-31T13:50:36","guid":{"rendered":"https:\/\/brieger.hundert1.ch\/produkt\/45127\/"},"modified":"2025-08-20T19:16:15","modified_gmt":"2025-08-20T17:16:15","slug":"45127","status":"publish","type":"product","link":"https:\/\/brieger.ch\/fr\/product\/45127\/","title":{"rendered":"Emballage universel VARIFIX brun, avec 1 fermeture autocollante"},"content":{"rendered":"<p>Cet <a href=\"https:\/\/brieger.ch\/fr\/emballages-postaux\/emballages-universels\/\" target=\"_blank\" rel=\"noopener\">emballage universel<\/a> <a href=\"https:\/\/brieger.ch\/fr\/varifix\/\" target=\"_blank\" rel=\"noopener\">VARIFIX<\/a> au format 275 x 245 mm est con\u00e7u pour l\u2019exp\u00e9dition de marchandise de taille moyenne.. Gr\u00e2ce \u00e0 sa hauteur r\u00e9glable jusqu\u2019\u00e0 60 mm, il s\u2019adapte facilement \u00e0 votre contenu. La <a href=\"https:\/\/brieger.ch\/fr\/boites\/boxes-avec-fermeture-autocollantes\/\" target=\"_blank\" rel=\"noopener\">fermeture autocollante<\/a> int\u00e9gr\u00e9e simplifie la pr\u00e9paration et s\u00e9curise le transport sans utiliser de bande adh\u00e9sive.<\/p>\n<h2>Les avantages de cet emballage universel avec fermeture autocollante<\/h2>\n<ul>\n<li>Un emballage rapide et facile \u00e0 fermer et pour l\u2019exp\u00e9dition.<\/li>\n<li>Hauteur r\u00e9glable jusqu\u2019\u00e0 60 mm \u2013 pour s\u2019adapter \u00e0 vos produits<\/li>\n<li>Fermeture autocollante \u2013 rapide, propre et efficace<\/li>\n<li>Dimensions 275 x 245 mm \u2013 id\u00e9al pour brochures, \u00e9chantillons, et autres produits plats<\/li>\n<li>Carton ondul\u00e9 <a href=\"https:\/\/fsc-schweiz.ch\/\" target=\"_blank\" rel=\"noopener\">FSC<\/a> brun \u2013 r\u00e9sistant, recyclable et personnalisable<\/li>\n<li>Poids : 160 g \u2013 bon \u00e9quilibre entre l\u00e9g\u00e8ret\u00e9 et solidit\u00e9<\/li>\n<li>Commande minimale : 25 unit\u00e9s \u2013 adapt\u00e9 aux s\u00e9ries petites et moyennes<\/li>\n<\/ul>\n","protected":false},"excerpt":{"rendered":"<p>L\u2019emballage universel Varifix, varier la hauteur, avec 1 fermeture autocollante, brun<\/p>\n","protected":false},"featured_media":34179,"comment_status":"closed","ping_status":"closed","template":"","meta":{"_searchwp_excluded":""},"product_brand":[],"product_cat":[801,1155],"product_tag":[],"farbe":[813],"qualitaet":[144],"artikelart":[883],"produktstatus":[],"wellig":[994],"class_list":{"0":"post-40285","1":"product","2":"type-product","3":"status-publish","4":"has-post-thumbnail","6":"product_cat-lemballage-universel","7":"product_cat-varifix-fr","8":"farbe-brun","9":"qualitaet-3-0-mm","10":"artikelart-lemballage-universel-varifix-varier-la-hauteur-avec-1-fermetures-autocollantes","11":"wellig-1-cannelure","13":"first","14":"instock","15":"taxable","16":"shipping-taxable","17":"purchasable","18":"product-type-simple"},"tiered_pricing_type":"fixed","tiered_pricing_fixed_rules":{"50":"2.5","100":"2.36","200":"2.02","500":"1.6","800":"1.39"},"tiered_pricing_product_settings":{"layout":"default","base_unit_name":{"singular":null,"plural":null},"default_variation":null},"tiered_pricing_minimum_quantity":25,"tiered_pricing_roles_data":{"galenica-group":{"product_id":40285,"role":"galenica-group","pricing_type":"flat","regular_price":1.15,"sale_price":null,"discount":null,"discount_type":"sale_price","tiered_pricing_type":"fixed","percentage_rules":[],"fixed_rules":[],"minimum":25}},"tiered_pricing_percentage_rules":[],"tiered_pricing_maximum_quantity":null,"tiered_pricing_quantity_step":null,"_links":{"self":[{"href":"https:\/\/brieger.ch\/fr\/wp-json\/wp\/v2\/product\/40285","targetHints":{"allow":["GET"]}}],"collection":[{"href":"https:\/\/brieger.ch\/fr\/wp-json\/wp\/v2\/product"}],"about":[{"href":"https:\/\/brieger.ch\/fr\/wp-json\/wp\/v2\/types\/product"}],"replies":[{"embeddable":true,"href":"https:\/\/brieger.ch\/fr\/wp-json\/wp\/v2\/comments?post=40285"}],"wp:featuredmedia":[{"embeddable":true,"href":"https:\/\/brieger.ch\/fr\/wp-json\/wp\/v2\/media\/34179"}],"wp:attachment":[{"href":"https:\/\/brieger.ch\/fr\/wp-json\/wp\/v2\/media?parent=40285"}],"wp:term":[{"taxonomy":"product_brand","embeddable":true,"href":"https:\/\/brieger.ch\/fr\/wp-json\/wp\/v2\/product_brand?post=40285"},{"taxonomy":"product_cat","embeddable":true,"href":"https:\/\/brieger.ch\/fr\/wp-json\/wp\/v2\/product_cat?post=40285"},{"taxonomy":"product_tag","embeddable":true,"href":"https:\/\/brieger.ch\/fr\/wp-json\/wp\/v2\/product_tag?post=40285"},{"taxonomy":"farbe","embeddable":true,"href":"https:\/\/brieger.ch\/fr\/wp-json\/wp\/v2\/farbe?post=40285"},{"taxonomy":"qualitaet","embeddable":true,"href":"https:\/\/brieger.ch\/fr\/wp-json\/wp\/v2\/qualitaet?post=40285"},{"taxonomy":"artikelart","embeddable":true,"href":"https:\/\/brieger.ch\/fr\/wp-json\/wp\/v2\/artikelart?post=40285"},{"taxonomy":"produktstatus","embeddable":true,"href":"https:\/\/brieger.ch\/fr\/wp-json\/wp\/v2\/produktstatus?post=40285"},{"taxonomy":"wellig","embeddable":true,"href":"https:\/\/brieger.ch\/fr\/wp-json\/wp\/v2\/wellig?post=40285"}],"curies":[{"name":"wp","href":"https:\/\/api.w.org\/{rel}","templated":true}]}}