{"id":40281,"date":"2020-07-31T13:38:04","date_gmt":"2020-07-31T13:49:34","guid":{"rendered":"https:\/\/brieger.hundert1.ch\/produkt\/45121\/"},"modified":"2025-07-11T17:28:10","modified_gmt":"2025-07-11T15:28:10","slug":"45121","status":"publish","type":"product","link":"https:\/\/brieger.ch\/fr\/product\/45121\/","title":{"rendered":"Emballage universel avec fermeture autocollante \u2013 Carton VARIFIX 245 x 165 x 30\u201370 mm, brun"},"content":{"rendered":"<p>Cet emballage VARIFIX au format 245 x 165 x 30\u201370 mm est id\u00e9al pour des retours, l\u2019envoi de pi\u00e8ces d\u00e9tach\u00e9es, d\u2019accessoires de livres ou d\u2019\u00e9chantillons. Gr\u00e2ce \u00e0 sa <a href=\"https:\/\/brieger.ch\/fr\/boites\/boxes-avec-fermeture-autocollantes\/\" target=\"_blank\" rel=\"noopener\">fermeture autocollante<\/a> int\u00e9gr\u00e9e, il permet un conditionnement rapide et sans<a href=\"https:\/\/brieger.ch\/fr\/accessoires\/rubans-adhesifs-et-derouleurs\/\" target=\"_blank\" rel=\"noopener\"> ruban adh\u00e9sif.<\/a> La bande d\u2019arrachage assure une ouverture facile et propre par le destinataire.<\/p>\n<p>Fabriqu\u00e9 en carton ondul\u00e9, ce mod\u00e8le offre une <a href=\"https:\/\/brieger.ch\/fr\/accessoires\/decoupes-coins-de-protection\/\" target=\"_blank\" rel=\"noopener\">protection<\/a> fiable contre les chocs. Livr\u00e9 \u00e0 plat, il permet un stockage efficace en entrep\u00f4t. Une solution logistique flexible et respectueuse de l\u2019environnement.<\/p>\n<h2>Avantages et caract\u00e9ristiques du Carton VARIFIX 245 x 165 x 30\u201370 mm :<\/h2>\n<ul>\n<li>Format optimis\u00e9 pour articles de hauteur moyenne<\/li>\n<li><a href=\"https:\/\/brieger.ch\/fr\/boites\/boxes-avec-fermeture-autocollantes\/\" target=\"_blank\" rel=\"noopener\">Fermeture autocollante<\/a> int\u00e9gr\u00e9e \u2013 rapide, propre et s\u00e9curis\u00e9e<\/li>\n<li>Bande d\u2019arrachage pour une ouverture facile<\/li>\n<li>Carton ondul\u00e9 r\u00e9sistant pour un transport s\u00e9curis\u00e9<\/li>\n<li>Emballage livr\u00e9 \u00e0 plat \u2013 gain de place lors du stockage<\/li>\n<li>Bords renforc\u00e9s pour une meilleure tenue lat\u00e9rale<\/li>\n<li>Mat\u00e9riau recyclable<a href=\"https:\/\/fsc-schweiz.ch\/ueber-fsc\/unsere-labels\/\" target=\"_blank\" rel=\"noopener\"> FSC<\/a> \u2013 solution d\u2019exp\u00e9dition \u00e9cologique<\/li>\n<li>Convient \u00e0 de nombreux usages \u2013 <a href=\"https:\/\/brieger.ch\/fr\/e-commerce\/\" target=\"_blank\" rel=\"noopener\">e-commerce<\/a>, logistique, bureaux, livres ou retours<\/li>\n<\/ul>\n<div id=\"gtx-trans\" style=\"position: absolute; left: 335px; top: 88px;\">\n<div class=\"gtx-trans-icon\"><\/div>\n<\/div>\n","protected":false},"excerpt":{"rendered":"<p>L\u2019emballage universel Varifix, varier la hauteur, avec 1 fermeture autocollante, brun<\/p>\n","protected":false},"featured_media":34179,"comment_status":"closed","ping_status":"closed","template":"","meta":{"_searchwp_excluded":""},"product_brand":[],"product_cat":[801,1155],"product_tag":[],"farbe":[813],"qualitaet":[144],"artikelart":[883],"produktstatus":[],"wellig":[994],"class_list":{"0":"post-40281","1":"product","2":"type-product","3":"status-publish","4":"has-post-thumbnail","6":"product_cat-lemballage-universel","7":"product_cat-varifix-fr","8":"farbe-brun","9":"qualitaet-3-0-mm","10":"artikelart-lemballage-universel-varifix-varier-la-hauteur-avec-1-fermetures-autocollantes","11":"wellig-1-cannelure","13":"first","14":"instock","15":"taxable","16":"shipping-taxable","17":"purchasable","18":"product-type-simple"},"tiered_pricing_type":"fixed","tiered_pricing_fixed_rules":{"50":"1.77","100":"1.6","200":"1.36","300":"1.23","500":"1.06","1000":"0.84"},"tiered_pricing_product_settings":{"layout":"default","base_unit_name":{"singular":null,"plural":null},"default_variation":null},"tiered_pricing_minimum_quantity":25,"tiered_pricing_roles_data":{"galenica-group":{"product_id":40281,"role":"galenica-group","pricing_type":"flat","regular_price":0.7,"sale_price":null,"discount":null,"discount_type":"sale_price","tiered_pricing_type":"fixed","percentage_rules":[],"fixed_rules":[],"minimum":25}},"tiered_pricing_percentage_rules":[],"tiered_pricing_maximum_quantity":null,"tiered_pricing_quantity_step":null,"_links":{"self":[{"href":"https:\/\/brieger.ch\/fr\/wp-json\/wp\/v2\/product\/40281","targetHints":{"allow":["GET"]}}],"collection":[{"href":"https:\/\/brieger.ch\/fr\/wp-json\/wp\/v2\/product"}],"about":[{"href":"https:\/\/brieger.ch\/fr\/wp-json\/wp\/v2\/types\/product"}],"replies":[{"embeddable":true,"href":"https:\/\/brieger.ch\/fr\/wp-json\/wp\/v2\/comments?post=40281"}],"wp:featuredmedia":[{"embeddable":true,"href":"https:\/\/brieger.ch\/fr\/wp-json\/wp\/v2\/media\/34179"}],"wp:attachment":[{"href":"https:\/\/brieger.ch\/fr\/wp-json\/wp\/v2\/media?parent=40281"}],"wp:term":[{"taxonomy":"product_brand","embeddable":true,"href":"https:\/\/brieger.ch\/fr\/wp-json\/wp\/v2\/product_brand?post=40281"},{"taxonomy":"product_cat","embeddable":true,"href":"https:\/\/brieger.ch\/fr\/wp-json\/wp\/v2\/product_cat?post=40281"},{"taxonomy":"product_tag","embeddable":true,"href":"https:\/\/brieger.ch\/fr\/wp-json\/wp\/v2\/product_tag?post=40281"},{"taxonomy":"farbe","embeddable":true,"href":"https:\/\/brieger.ch\/fr\/wp-json\/wp\/v2\/farbe?post=40281"},{"taxonomy":"qualitaet","embeddable":true,"href":"https:\/\/brieger.ch\/fr\/wp-json\/wp\/v2\/qualitaet?post=40281"},{"taxonomy":"artikelart","embeddable":true,"href":"https:\/\/brieger.ch\/fr\/wp-json\/wp\/v2\/artikelart?post=40281"},{"taxonomy":"produktstatus","embeddable":true,"href":"https:\/\/brieger.ch\/fr\/wp-json\/wp\/v2\/produktstatus?post=40281"},{"taxonomy":"wellig","embeddable":true,"href":"https:\/\/brieger.ch\/fr\/wp-json\/wp\/v2\/wellig?post=40281"}],"curies":[{"name":"wp","href":"https:\/\/api.w.org\/{rel}","templated":true}]}}