{"id":40277,"date":"2020-07-31T13:38:04","date_gmt":"2020-07-31T13:49:34","guid":{"rendered":"https:\/\/brieger.hundert1.ch\/produkt\/45117\/"},"modified":"2026-03-30T08:31:53","modified_gmt":"2026-03-30T06:31:53","slug":"45717","status":"publish","type":"product","link":"https:\/\/brieger.ch\/fr\/product\/45717\/","title":{"rendered":"Emballage universel avec fermeture autocollante \u2013 Carton VARIFIX 217 x 155 x 20\u201360 mm, brun"},"content":{"rendered":"<p>Cet emballage avec fermeture autocollante au <a href=\"https:\/\/brieger.ch\/fr\/formats-a5-a4-b4-b5\/\" target=\"_blank\" rel=\"noopener\">format A5<\/a> est con\u00e7u pour prot\u00e9ger des \u00e9l\u00e9ments sensibles comme les composants \u00e9lectroniques, les manuels d\u2019instructions ou les petits accessoires. La hauteur variable de 20 \u00e0 60 mm permet une utilisation flexible en fonction de l\u2019\u00e9paisseur du produit Gr\u00e2ce \u00e0 la fermeture autocollante, vous emballez rapidement sans ruban adh\u00e9sif. La bande d\u2019arrachage permet une ouverture facile.<\/p>\n<p>Le carton ondul\u00e9 rigide assure une excellente tenue m\u00eame lors de longs transports. Compact \u00e0 la livraison, il s\u2019adapte facilement \u00e0 vos besoins de stockage.<\/p>\n<h2>Avantages et caract\u00e9ristiques du VARIFIX 217 x 155 x 20\u201360 mm :<\/h2>\n<ul>\n<li>Parfait pour les contenus au f<a href=\"https:\/\/brieger.ch\/fr\/formats-a5-a4-b4-b5\/\" target=\"_blank\" rel=\"noopener\">ormat A5,<\/a> les livres et les articles techniques l\u00e9gers<\/li>\n<li>Fermeture autocollante int\u00e9gr\u00e9e \u2013 rapide, propre et s\u00e9curis\u00e9e<\/li>\n<li>Bande d\u2019arrachage pour une ouverture facile<\/li>\n<li>Carton ondul\u00e9 robuste \u2013 prot\u00e8ge contre les impacts et les pliures<\/li>\n<li>Couleur neutre adapt\u00e9e \u00e0 tous les environnements professionnels<\/li>\n<li>Forme compacte, livr\u00e9e \u00e0 plat \u2013 gain de place et montage rapide<\/li>\n<li>Mat\u00e9riau recyclable <a href=\"https:\/\/fsc-schweiz.ch\/ueber-fsc\/unsere-labels\/\" target=\"_blank\" rel=\"noopener\">FSC<\/a> \u2013 solution d\u2019exp\u00e9dition \u00e9cologique<\/li>\n<li>Convient \u00e0 de nombreux usages \u2013 <a href=\"https:\/\/brieger.ch\/fr\/e-commerce\/\" target=\"_blank\" rel=\"noopener\">e-commerce<\/a>, logistique, bureaux ou retours<\/li>\n<\/ul>\n","protected":false},"excerpt":{"rendered":"<p>L\u2019emballage universel Varifix, varier la hauteur, avec 1 fermeture autocollante, brun<\/p>\n","protected":false},"featured_media":34179,"comment_status":"closed","ping_status":"closed","template":"","meta":{"_searchwp_excluded":""},"product_brand":[],"product_cat":[801,1155],"product_tag":[],"farbe":[813],"qualitaet":[221],"artikelart":[883],"produktstatus":[],"wellig":[994],"class_list":{"0":"post-40277","1":"product","2":"type-product","3":"status-publish","4":"has-post-thumbnail","6":"product_cat-lemballage-universel","7":"product_cat-varifix-fr","8":"farbe-brun","9":"qualitaet-2-2-mm","10":"artikelart-lemballage-universel-varifix-varier-la-hauteur-avec-1-fermetures-autocollantes","11":"wellig-1-cannelure","13":"first","14":"instock","15":"taxable","16":"shipping-taxable","17":"purchasable","18":"product-type-simple"},"tiered_pricing_type":"fixed","tiered_pricing_fixed_rules":{"50":"1.29","100":"1.19","200":"1.07","500":"0.91","1800":"0.75"},"tiered_pricing_product_settings":{"layout":"default","base_unit_name":{"singular":null,"plural":null},"default_variation":null},"tiered_pricing_minimum_quantity":25,"tiered_pricing_roles_data":{"galenica-group":{"product_id":40277,"role":"galenica-group","pricing_type":"flat","regular_price":0.6,"sale_price":null,"discount":null,"discount_type":"sale_price","tiered_pricing_type":"fixed","percentage_rules":[],"fixed_rules":[],"minimum":25}},"tiered_pricing_percentage_rules":[],"tiered_pricing_maximum_quantity":null,"tiered_pricing_quantity_step":null,"_links":{"self":[{"href":"https:\/\/brieger.ch\/fr\/wp-json\/wp\/v2\/product\/40277","targetHints":{"allow":["GET"]}}],"collection":[{"href":"https:\/\/brieger.ch\/fr\/wp-json\/wp\/v2\/product"}],"about":[{"href":"https:\/\/brieger.ch\/fr\/wp-json\/wp\/v2\/types\/product"}],"replies":[{"embeddable":true,"href":"https:\/\/brieger.ch\/fr\/wp-json\/wp\/v2\/comments?post=40277"}],"wp:featuredmedia":[{"embeddable":true,"href":"https:\/\/brieger.ch\/fr\/wp-json\/wp\/v2\/media\/34179"}],"wp:attachment":[{"href":"https:\/\/brieger.ch\/fr\/wp-json\/wp\/v2\/media?parent=40277"}],"wp:term":[{"taxonomy":"product_brand","embeddable":true,"href":"https:\/\/brieger.ch\/fr\/wp-json\/wp\/v2\/product_brand?post=40277"},{"taxonomy":"product_cat","embeddable":true,"href":"https:\/\/brieger.ch\/fr\/wp-json\/wp\/v2\/product_cat?post=40277"},{"taxonomy":"product_tag","embeddable":true,"href":"https:\/\/brieger.ch\/fr\/wp-json\/wp\/v2\/product_tag?post=40277"},{"taxonomy":"farbe","embeddable":true,"href":"https:\/\/brieger.ch\/fr\/wp-json\/wp\/v2\/farbe?post=40277"},{"taxonomy":"qualitaet","embeddable":true,"href":"https:\/\/brieger.ch\/fr\/wp-json\/wp\/v2\/qualitaet?post=40277"},{"taxonomy":"artikelart","embeddable":true,"href":"https:\/\/brieger.ch\/fr\/wp-json\/wp\/v2\/artikelart?post=40277"},{"taxonomy":"produktstatus","embeddable":true,"href":"https:\/\/brieger.ch\/fr\/wp-json\/wp\/v2\/produktstatus?post=40277"},{"taxonomy":"wellig","embeddable":true,"href":"https:\/\/brieger.ch\/fr\/wp-json\/wp\/v2\/wellig?post=40277"}],"curies":[{"name":"wp","href":"https:\/\/api.w.org\/{rel}","templated":true}]}}