{"id":40188,"date":"2020-07-31T13:35:53","date_gmt":"2020-07-31T13:45:57","guid":{"rendered":"https:\/\/brieger.hundert1.ch\/produkt\/64679\/"},"modified":"2025-06-16T16:38:53","modified_gmt":"2025-06-16T14:38:53","slug":"64679","status":"publish","type":"product","link":"https:\/\/brieger.ch\/fr\/product\/64679\/","title":{"rendered":"Boxes t\u00e9lescopiques avec fond automatique brun"},"content":{"rendered":"<p>Boxes t\u00e9lescopiques avec fond automatique, brun, 1-cannelure, Norm A4, hauteur de remplissage peut \u00eatre ajust\u00e9e individuellement, avec perforations pour mieux enlever le contenu<\/p>\n","protected":false},"excerpt":{"rendered":"<p>Boxes t\u00e9lescopiques avec fond automatique, brun<\/p>\n","protected":false},"featured_media":34020,"comment_status":"closed","ping_status":"closed","template":"","meta":{"_searchwp_excluded":""},"product_brand":[],"product_cat":[797],"product_tag":[],"farbe":[813],"qualitaet":[144],"artikelart":[950],"produktstatus":[],"wellig":[994],"class_list":{"0":"post-40188","1":"product","2":"type-product","3":"status-publish","4":"has-post-thumbnail","6":"product_cat-boxes-telescopiques","7":"farbe-brun","8":"qualitaet-3-0-mm","9":"artikelart-boxes-telescopiques-avec-fond-automatique","10":"wellig-1-cannelure","12":"first","13":"instock","14":"taxable","15":"shipping-taxable","16":"purchasable","17":"product-type-simple"},"tiered_pricing_type":"fixed","tiered_pricing_fixed_rules":{"100":"3.33","200":"2.82","500":"2.51","720":"2.29"},"tiered_pricing_product_settings":{"layout":"default","base_unit_name":{"singular":null,"plural":null},"default_variation":null},"tiered_pricing_minimum_quantity":40,"tiered_pricing_roles_data":{"galenica-group":{"product_id":40188,"role":"galenica-group","pricing_type":"flat","regular_price":1.89,"sale_price":null,"discount":null,"discount_type":"sale_price","tiered_pricing_type":"fixed","percentage_rules":[],"fixed_rules":[],"minimum":40}},"tiered_pricing_percentage_rules":[],"tiered_pricing_maximum_quantity":null,"tiered_pricing_quantity_step":null,"_links":{"self":[{"href":"https:\/\/brieger.ch\/fr\/wp-json\/wp\/v2\/product\/40188","targetHints":{"allow":["GET"]}}],"collection":[{"href":"https:\/\/brieger.ch\/fr\/wp-json\/wp\/v2\/product"}],"about":[{"href":"https:\/\/brieger.ch\/fr\/wp-json\/wp\/v2\/types\/product"}],"replies":[{"embeddable":true,"href":"https:\/\/brieger.ch\/fr\/wp-json\/wp\/v2\/comments?post=40188"}],"wp:featuredmedia":[{"embeddable":true,"href":"https:\/\/brieger.ch\/fr\/wp-json\/wp\/v2\/media\/34020"}],"wp:attachment":[{"href":"https:\/\/brieger.ch\/fr\/wp-json\/wp\/v2\/media?parent=40188"}],"wp:term":[{"taxonomy":"product_brand","embeddable":true,"href":"https:\/\/brieger.ch\/fr\/wp-json\/wp\/v2\/product_brand?post=40188"},{"taxonomy":"product_cat","embeddable":true,"href":"https:\/\/brieger.ch\/fr\/wp-json\/wp\/v2\/product_cat?post=40188"},{"taxonomy":"product_tag","embeddable":true,"href":"https:\/\/brieger.ch\/fr\/wp-json\/wp\/v2\/product_tag?post=40188"},{"taxonomy":"farbe","embeddable":true,"href":"https:\/\/brieger.ch\/fr\/wp-json\/wp\/v2\/farbe?post=40188"},{"taxonomy":"qualitaet","embeddable":true,"href":"https:\/\/brieger.ch\/fr\/wp-json\/wp\/v2\/qualitaet?post=40188"},{"taxonomy":"artikelart","embeddable":true,"href":"https:\/\/brieger.ch\/fr\/wp-json\/wp\/v2\/artikelart?post=40188"},{"taxonomy":"produktstatus","embeddable":true,"href":"https:\/\/brieger.ch\/fr\/wp-json\/wp\/v2\/produktstatus?post=40188"},{"taxonomy":"wellig","embeddable":true,"href":"https:\/\/brieger.ch\/fr\/wp-json\/wp\/v2\/wellig?post=40188"}],"curies":[{"name":"wp","href":"https:\/\/api.w.org\/{rel}","templated":true}]}}