{"id":40018,"date":"2020-07-31T13:31:32","date_gmt":"2020-07-31T13:37:39","guid":{"rendered":"https:\/\/brieger.hundert1.ch\/produkt\/33521\/"},"modified":"2026-03-17T16:48:06","modified_gmt":"2026-03-17T15:48:06","slug":"33521","status":"publish","type":"product","link":"https:\/\/brieger.ch\/fr\/product\/33521\/","title":{"rendered":"\u00c9l\u00e9gant emballage bouteille de vin VinoPac blanc pour un transport s\u00e9curis\u00e9"},"content":{"rendered":"<p><a href=\"https:\/\/brieger.ch\/fr\/bouteilles\/emballages-portatifs\/\" target=\"_blank\" rel=\"noopener\">L\u2019emballage bouteille<\/a> de vin VinoPac blanc de Brieger est le choix id\u00e9al si vous souhaitez emballer une bouteille de vin de mani\u00e8re originale et s\u00e9curis\u00e9e. Cet emballage haut de gamme est sp\u00e9cialement con\u00e7u pour les <a href=\"https:\/\/brieger.ch\/fr\/bouteilles\/\" target=\"_blank\" rel=\"noopener\">bouteilles<\/a> d\u2019un volume de 7 \u00e0 7,5 dl, d\u2019une hauteur maximale de 29 cm et d\u2019un diam\u00e8tre pouvant atteindre 8 cm.<\/p>\n<h2>Avantages de l\u2019emballage bouteille de vin VinoPac blanc :<\/h2>\n<ul>\n<li>Transport s\u00e9curis\u00e9 : Construction robuste garantissant une protection optimale de la <a href=\"https:\/\/brieger.ch\/fr\/bouteilles\/\" target=\"_blank\" rel=\"noopener\">bouteille<\/a><\/li>\n<li>Design \u00e9l\u00e9gant : Finition blanche pour une pr\u00e9sentation raffin\u00e9e<\/li>\n<li>Praticit\u00e9 : Fond automatique et cale int\u00e9rieure inclus pour une meilleure stabilit\u00e9<\/li>\n<li>Polyvalence : Id\u00e9al pour les <a href=\"https:\/\/brieger.ch\/fr\/cadeaux\/emballages-cadeaux\/\" target=\"_blank\" rel=\"noopener\">cadeaux<\/a>, l\u2019envoi aux clients ou un usage personnel<\/li>\n<li>Qualit\u00e9 premium : Faites confiance \u00e0 la marque reconnue Brieger<\/li>\n<\/ul>\n<p>Gr\u00e2ce \u00e0 sa conception bien pens\u00e9e, cet emballage bouteille de vin assure que votre bouteille arrive intacte \u00e0 destination. Son apparence soign\u00e9e ajoute une touche d\u2019\u00e9l\u00e9gance, renfor\u00e7ant l\u2019impact visuel de votre envoi. Choisissez le VinoPac blanc et emballez votre <a href=\"https:\/\/brieger.ch\/fr\/bouteilles\/\" target=\"_blank\" rel=\"noopener\">bouteille<\/a> de vin de mani\u00e8re originale et s\u00fbre !<\/p>\n<div id=\"gtx-trans\" style=\"position: absolute; left: 235px; top: 219.812px;\">\n<div class=\"gtx-trans-icon\"><\/div>\n<\/div>\n","protected":false},"excerpt":{"rendered":"<p>Emballages d&rsquo;exp\u00e9dition postale VinoPac blanc<\/p>\n","protected":false},"featured_media":33829,"comment_status":"closed","ping_status":"closed","template":"","meta":{"_searchwp_excluded":""},"product_brand":[],"product_cat":[792],"product_tag":[],"farbe":[824],"qualitaet":[146],"artikelart":[924],"produktstatus":[],"wellig":[995],"class_list":{"0":"post-40018","1":"product","2":"type-product","3":"status-publish","4":"has-post-thumbnail","6":"product_cat-emballages-dexpedition-postale","7":"farbe-blanc","8":"qualitaet-4-5-mm","9":"artikelart-emballages-dexpedition-postale-vinopac-blanc","10":"wellig-2-cannelure","12":"first","13":"instock","14":"taxable","15":"shipping-taxable","16":"purchasable","17":"product-type-simple"},"tiered_pricing_type":"fixed","tiered_pricing_fixed_rules":{"20":"3.11","50":"2.64","100":"2.22","200":"2","500":"1.84","900":"1.72"},"tiered_pricing_product_settings":{"layout":"default","base_unit_name":{"singular":null,"plural":null},"default_variation":null},"tiered_pricing_minimum_quantity":10,"tiered_pricing_roles_data":{"galenica-group":{"product_id":40018,"role":"galenica-group","pricing_type":"flat","regular_price":1.42,"sale_price":null,"discount":null,"discount_type":"sale_price","tiered_pricing_type":"fixed","percentage_rules":[],"fixed_rules":[],"minimum":10}},"tiered_pricing_percentage_rules":[],"tiered_pricing_maximum_quantity":null,"tiered_pricing_quantity_step":null,"_links":{"self":[{"href":"https:\/\/brieger.ch\/fr\/wp-json\/wp\/v2\/product\/40018","targetHints":{"allow":["GET"]}}],"collection":[{"href":"https:\/\/brieger.ch\/fr\/wp-json\/wp\/v2\/product"}],"about":[{"href":"https:\/\/brieger.ch\/fr\/wp-json\/wp\/v2\/types\/product"}],"replies":[{"embeddable":true,"href":"https:\/\/brieger.ch\/fr\/wp-json\/wp\/v2\/comments?post=40018"}],"wp:featuredmedia":[{"embeddable":true,"href":"https:\/\/brieger.ch\/fr\/wp-json\/wp\/v2\/media\/33829"}],"wp:attachment":[{"href":"https:\/\/brieger.ch\/fr\/wp-json\/wp\/v2\/media?parent=40018"}],"wp:term":[{"taxonomy":"product_brand","embeddable":true,"href":"https:\/\/brieger.ch\/fr\/wp-json\/wp\/v2\/product_brand?post=40018"},{"taxonomy":"product_cat","embeddable":true,"href":"https:\/\/brieger.ch\/fr\/wp-json\/wp\/v2\/product_cat?post=40018"},{"taxonomy":"product_tag","embeddable":true,"href":"https:\/\/brieger.ch\/fr\/wp-json\/wp\/v2\/product_tag?post=40018"},{"taxonomy":"farbe","embeddable":true,"href":"https:\/\/brieger.ch\/fr\/wp-json\/wp\/v2\/farbe?post=40018"},{"taxonomy":"qualitaet","embeddable":true,"href":"https:\/\/brieger.ch\/fr\/wp-json\/wp\/v2\/qualitaet?post=40018"},{"taxonomy":"artikelart","embeddable":true,"href":"https:\/\/brieger.ch\/fr\/wp-json\/wp\/v2\/artikelart?post=40018"},{"taxonomy":"produktstatus","embeddable":true,"href":"https:\/\/brieger.ch\/fr\/wp-json\/wp\/v2\/produktstatus?post=40018"},{"taxonomy":"wellig","embeddable":true,"href":"https:\/\/brieger.ch\/fr\/wp-json\/wp\/v2\/wellig?post=40018"}],"curies":[{"name":"wp","href":"https:\/\/api.w.org\/{rel}","templated":true}]}}