{"id":40015,"date":"2020-07-31T13:31:32","date_gmt":"2020-07-31T13:37:39","guid":{"rendered":"https:\/\/brieger.hundert1.ch\/produkt\/33533\/"},"modified":"2025-06-16T16:36:30","modified_gmt":"2025-06-16T14:36:30","slug":"33533","status":"publish","type":"product","link":"https:\/\/brieger.ch\/fr\/product\/33533\/","title":{"rendered":"Emballages d&#039;exp\u00e9dition postale VinoPac blanc blanc"},"content":{"rendered":"<p>Emballages d&rsquo;exp\u00e9dition postale VinoPac blanc, pour 3 bouteilles de 7dl \u00e0 1l \/ max. 32.5 cm et max. \u00d8 9 cm \/ avec 1 pi\u00e8ce int\u00e9rieure \/ fond automatique<\/p>\n","protected":false},"excerpt":{"rendered":"<p>Emballages d&rsquo;exp\u00e9dition postale VinoPac blanc<\/p>\n","protected":false},"featured_media":33829,"comment_status":"closed","ping_status":"closed","template":"","meta":{"_searchwp_excluded":""},"product_brand":[],"product_cat":[792],"product_tag":[],"farbe":[824],"qualitaet":[146],"artikelart":[924],"produktstatus":[],"wellig":[995],"class_list":{"0":"post-40015","1":"product","2":"type-product","3":"status-publish","4":"has-post-thumbnail","6":"product_cat-emballages-dexpedition-postale","7":"farbe-blanc","8":"qualitaet-4-5-mm","9":"artikelart-emballages-dexpedition-postale-vinopac-blanc","10":"wellig-2-cannelure","12":"first","13":"instock","14":"taxable","15":"shipping-taxable","16":"purchasable","17":"product-type-simple"},"tiered_pricing_type":"fixed","tiered_pricing_fixed_rules":{"20":"6.56","50":"5.57","100":"5.06","280":"4.86","560":"4.45","1120":"4.18"},"tiered_pricing_product_settings":{"layout":"default","base_unit_name":{"singular":null,"plural":null},"default_variation":null},"tiered_pricing_minimum_quantity":10,"tiered_pricing_roles_data":{"galenica-group":{"product_id":40015,"role":"galenica-group","pricing_type":"flat","regular_price":3.45,"sale_price":null,"discount":null,"discount_type":"sale_price","tiered_pricing_type":"fixed","percentage_rules":[],"fixed_rules":[],"minimum":10}},"tiered_pricing_percentage_rules":[],"tiered_pricing_maximum_quantity":null,"tiered_pricing_quantity_step":null,"_links":{"self":[{"href":"https:\/\/brieger.ch\/fr\/wp-json\/wp\/v2\/product\/40015","targetHints":{"allow":["GET"]}}],"collection":[{"href":"https:\/\/brieger.ch\/fr\/wp-json\/wp\/v2\/product"}],"about":[{"href":"https:\/\/brieger.ch\/fr\/wp-json\/wp\/v2\/types\/product"}],"replies":[{"embeddable":true,"href":"https:\/\/brieger.ch\/fr\/wp-json\/wp\/v2\/comments?post=40015"}],"wp:featuredmedia":[{"embeddable":true,"href":"https:\/\/brieger.ch\/fr\/wp-json\/wp\/v2\/media\/33829"}],"wp:attachment":[{"href":"https:\/\/brieger.ch\/fr\/wp-json\/wp\/v2\/media?parent=40015"}],"wp:term":[{"taxonomy":"product_brand","embeddable":true,"href":"https:\/\/brieger.ch\/fr\/wp-json\/wp\/v2\/product_brand?post=40015"},{"taxonomy":"product_cat","embeddable":true,"href":"https:\/\/brieger.ch\/fr\/wp-json\/wp\/v2\/product_cat?post=40015"},{"taxonomy":"product_tag","embeddable":true,"href":"https:\/\/brieger.ch\/fr\/wp-json\/wp\/v2\/product_tag?post=40015"},{"taxonomy":"farbe","embeddable":true,"href":"https:\/\/brieger.ch\/fr\/wp-json\/wp\/v2\/farbe?post=40015"},{"taxonomy":"qualitaet","embeddable":true,"href":"https:\/\/brieger.ch\/fr\/wp-json\/wp\/v2\/qualitaet?post=40015"},{"taxonomy":"artikelart","embeddable":true,"href":"https:\/\/brieger.ch\/fr\/wp-json\/wp\/v2\/artikelart?post=40015"},{"taxonomy":"produktstatus","embeddable":true,"href":"https:\/\/brieger.ch\/fr\/wp-json\/wp\/v2\/produktstatus?post=40015"},{"taxonomy":"wellig","embeddable":true,"href":"https:\/\/brieger.ch\/fr\/wp-json\/wp\/v2\/wellig?post=40015"}],"curies":[{"name":"wp","href":"https:\/\/api.w.org\/{rel}","templated":true}]}}