{"id":40002,"date":"2020-07-31T13:31:14","date_gmt":"2020-07-31T13:37:39","guid":{"rendered":"https:\/\/brieger.hundert1.ch\/produkt\/33632\/"},"modified":"2026-03-17T16:46:25","modified_gmt":"2026-03-17T15:46:25","slug":"33632","status":"publish","type":"product","link":"https:\/\/brieger.ch\/fr\/product\/33632\/","title":{"rendered":"Emballage pour vin VinoPac brun pour deux bouteilles \u2013 la solution bien pens\u00e9e pour savourer le vin avec style"},"content":{"rendered":"<p>Emballage pour vin VinoPac brun de Brieger est id\u00e9al pour l\u2019envoi s\u00fbr et fiable de deux bouteilles de vin Con\u00e7u pour des bouteilles de 7 dl \u00e0 1 l, d\u2019une hauteur maximale de 32,5 cm et d\u2019un diam\u00e8tre allant jusqu\u2019\u00e0 90 mm , cet emballage offre une protection maximale tout en s\u2019adaptant aux formats d\u2019exp\u00e9dition standardis\u00e9s.<\/p>\n<p>L\u2019insert inclus permet de maintenir fermement les deux bouteilles s\u00e9par\u00e9es, r\u00e9duisant ainsi le risque de choc ou de casse pendant le transport. Fabriqu\u00e9 en carton ondul\u00e9 brun, cet emballage bouteille de vin est \u00e0 la fois solide et respectueux de l\u2019environnement.<\/p>\n<h2>Avantages de l\u2019emballage pour vin VinoPac brun :<\/h2>\n<ul>\n<li>Emballage pour bouteilles de vin s\u00fbr &amp; \u00e9cologique pour l\u2019exp\u00e9dition \u2013 VinoPac brun avec garniture stable pour 2 bouteilles de 7 dl \u00e0 1 l. Commandez d\u00e8s maintenant chez Brieger !<\/li>\n<li><a href=\"https:\/\/brieger.ch\/fr\/bouteilles\/protections-pour-bouteilles\/\" target=\"_blank\" rel=\"noopener\">Protection<\/a> fiable lors de l\u2019exp\u00e9dition : la construction robuste et antichoc emp\u00eache le bris de verre et les dommages de transport<\/li>\n<li>Mat\u00e9riau durable : fabriqu\u00e9 en carton ondul\u00e9 FSC brun respectueux de l\u2019environnement \u2013 recyclable et stable<\/li>\n<li>Solution efficace pour 2 bouteilles : Inclus un insert sur mesure pour un maintien s\u00fbr des deux bouteilles<\/li>\n<li>Id\u00e9al pour diff\u00e9rents types de bouteilles: Pour bouteilles de 7 dl \u00e0 1 l avec forme variable<\/li>\n<li>Rapidement pr\u00eat \u00e0 l&#8217;emploi : montage simple, aucun mat\u00e9riel d&#8217;emballage suppl\u00e9mentaire n\u00e9cessaire<\/li>\n<li>Qualit\u00e9 de confiance Brieger : des d\u00e9cennies d&rsquo;exp\u00e9rience dans le d\u00e9veloppement d&rsquo;<a href=\"https:\/\/brieger.ch\/fr\/bouteilles\/emballages-dexpedition-postale\/\" target=\"_blank\" rel=\"noopener\">emballages d&rsquo;exp\u00e9dition<\/a><\/li>\n<\/ul>\n<p>Avec <a href=\"https:\/\/brieger.ch\/fr\/bouteilles\/emballages-dexpedition-postale\/\" target=\"_blank\" rel=\"noopener\">l&#8217;emballage d&rsquo;exp\u00e9dition<\/a> postale VinoPac brun, vous optez pour une solution d&#8217;emballage bien pens\u00e9e qui non seulement prot\u00e8ge vos bouteilles de mani\u00e8re fiable, mais qui s\u00e9duit en m\u00eame temps visuellement par son aspect brun sobre et naturel.<\/p>\n<p>Parfait pour l&rsquo;envoi de cadeaux aux clients, d&rsquo;abonnements \u00e0 des vins ou de produits \u00e0 marque de distributeur.<\/p>\n","protected":false},"excerpt":{"rendered":"<p>Emballages d&rsquo;exp\u00e9dition postale VinoPac brun<\/p>\n","protected":false},"featured_media":41878,"comment_status":"closed","ping_status":"closed","template":"","meta":{"_searchwp_excluded":""},"product_brand":[],"product_cat":[792],"product_tag":[],"farbe":[813],"qualitaet":[146],"artikelart":[921],"produktstatus":[],"wellig":[995],"class_list":{"0":"post-40002","1":"product","2":"type-product","3":"status-publish","4":"has-post-thumbnail","6":"product_cat-emballages-dexpedition-postale","7":"farbe-brun","8":"qualitaet-4-5-mm","9":"artikelart-emballages-dexpedition-postale-vinopac-brun","10":"wellig-2-cannelure","12":"first","13":"instock","14":"taxable","15":"shipping-taxable","16":"purchasable","17":"product-type-simple"},"tiered_pricing_type":"fixed","tiered_pricing_fixed_rules":{"50":"3","100":"2.65","200":"2.44","500":"2.15"},"tiered_pricing_product_settings":{"layout":"default","base_unit_name":{"singular":null,"plural":null},"default_variation":null},"tiered_pricing_minimum_quantity":25,"tiered_pricing_roles_data":{"galenica-group":{"product_id":40002,"role":"galenica-group","pricing_type":"flat","regular_price":1.78,"sale_price":null,"discount":null,"discount_type":"sale_price","tiered_pricing_type":"fixed","percentage_rules":[],"fixed_rules":[],"minimum":25}},"tiered_pricing_percentage_rules":[],"tiered_pricing_maximum_quantity":null,"tiered_pricing_quantity_step":null,"_links":{"self":[{"href":"https:\/\/brieger.ch\/fr\/wp-json\/wp\/v2\/product\/40002","targetHints":{"allow":["GET"]}}],"collection":[{"href":"https:\/\/brieger.ch\/fr\/wp-json\/wp\/v2\/product"}],"about":[{"href":"https:\/\/brieger.ch\/fr\/wp-json\/wp\/v2\/types\/product"}],"replies":[{"embeddable":true,"href":"https:\/\/brieger.ch\/fr\/wp-json\/wp\/v2\/comments?post=40002"}],"wp:featuredmedia":[{"embeddable":true,"href":"https:\/\/brieger.ch\/fr\/wp-json\/wp\/v2\/media\/41878"}],"wp:attachment":[{"href":"https:\/\/brieger.ch\/fr\/wp-json\/wp\/v2\/media?parent=40002"}],"wp:term":[{"taxonomy":"product_brand","embeddable":true,"href":"https:\/\/brieger.ch\/fr\/wp-json\/wp\/v2\/product_brand?post=40002"},{"taxonomy":"product_cat","embeddable":true,"href":"https:\/\/brieger.ch\/fr\/wp-json\/wp\/v2\/product_cat?post=40002"},{"taxonomy":"product_tag","embeddable":true,"href":"https:\/\/brieger.ch\/fr\/wp-json\/wp\/v2\/product_tag?post=40002"},{"taxonomy":"farbe","embeddable":true,"href":"https:\/\/brieger.ch\/fr\/wp-json\/wp\/v2\/farbe?post=40002"},{"taxonomy":"qualitaet","embeddable":true,"href":"https:\/\/brieger.ch\/fr\/wp-json\/wp\/v2\/qualitaet?post=40002"},{"taxonomy":"artikelart","embeddable":true,"href":"https:\/\/brieger.ch\/fr\/wp-json\/wp\/v2\/artikelart?post=40002"},{"taxonomy":"produktstatus","embeddable":true,"href":"https:\/\/brieger.ch\/fr\/wp-json\/wp\/v2\/produktstatus?post=40002"},{"taxonomy":"wellig","embeddable":true,"href":"https:\/\/brieger.ch\/fr\/wp-json\/wp\/v2\/wellig?post=40002"}],"curies":[{"name":"wp","href":"https:\/\/api.w.org\/{rel}","templated":true}]}}