{"id":39962,"date":"2020-07-31T13:30:06","date_gmt":"2020-07-31T13:35:59","guid":{"rendered":"https:\/\/brieger.hundert1.ch\/produkt\/66191\/"},"modified":"2025-06-16T16:35:44","modified_gmt":"2025-06-16T14:35:44","slug":"66191","status":"publish","type":"product","link":"https:\/\/brieger.ch\/fr\/product\/66191\/","title":{"rendered":"Boxes d&#039;exp\u00e9dition pour plusieurs classeurs brun"},"content":{"rendered":"<p>Boxes d&rsquo;exp\u00e9dition brun, pour 4-6 classeurs avec fermeture autocollante, fond automatique et poign\u00e9es<\/p>\n","protected":false},"excerpt":{"rendered":"<p>Boxes d&rsquo;exp\u00e9dition brun, pour 4-6 classeurs avec fermeture autocollante<\/p>\n","protected":false},"featured_media":33822,"comment_status":"closed","ping_status":"closed","template":"","meta":{"_searchwp_excluded":""},"product_brand":[],"product_cat":[789],"product_tag":[],"farbe":[813],"qualitaet":[146],"artikelart":[976],"produktstatus":[],"wellig":[995],"class_list":{"0":"post-39962","1":"product","2":"type-product","3":"status-publish","4":"has-post-thumbnail","6":"product_cat-emballages-pour-classeurs","7":"farbe-brun","8":"qualitaet-4-5-mm","9":"artikelart-boxes-dexpedition-pour-plusieurs-classeurs","10":"wellig-2-cannelure","12":"first","13":"instock","14":"taxable","15":"shipping-taxable","16":"purchasable","17":"product-type-simple"},"tiered_pricing_type":"fixed","tiered_pricing_fixed_rules":{"30":"5.29","50":"4.94","100":"4.19","240":"3.45","480":"3.37"},"tiered_pricing_product_settings":{"layout":"default","base_unit_name":{"singular":null,"plural":null},"default_variation":null},"tiered_pricing_minimum_quantity":10,"tiered_pricing_roles_data":{"galenica-group":{"product_id":39962,"role":"galenica-group","pricing_type":"flat","regular_price":2.78,"sale_price":null,"discount":null,"discount_type":"sale_price","tiered_pricing_type":"fixed","percentage_rules":[],"fixed_rules":[],"minimum":10}},"tiered_pricing_percentage_rules":[],"tiered_pricing_maximum_quantity":null,"tiered_pricing_quantity_step":null,"_links":{"self":[{"href":"https:\/\/brieger.ch\/fr\/wp-json\/wp\/v2\/product\/39962","targetHints":{"allow":["GET"]}}],"collection":[{"href":"https:\/\/brieger.ch\/fr\/wp-json\/wp\/v2\/product"}],"about":[{"href":"https:\/\/brieger.ch\/fr\/wp-json\/wp\/v2\/types\/product"}],"replies":[{"embeddable":true,"href":"https:\/\/brieger.ch\/fr\/wp-json\/wp\/v2\/comments?post=39962"}],"wp:featuredmedia":[{"embeddable":true,"href":"https:\/\/brieger.ch\/fr\/wp-json\/wp\/v2\/media\/33822"}],"wp:attachment":[{"href":"https:\/\/brieger.ch\/fr\/wp-json\/wp\/v2\/media?parent=39962"}],"wp:term":[{"taxonomy":"product_brand","embeddable":true,"href":"https:\/\/brieger.ch\/fr\/wp-json\/wp\/v2\/product_brand?post=39962"},{"taxonomy":"product_cat","embeddable":true,"href":"https:\/\/brieger.ch\/fr\/wp-json\/wp\/v2\/product_cat?post=39962"},{"taxonomy":"product_tag","embeddable":true,"href":"https:\/\/brieger.ch\/fr\/wp-json\/wp\/v2\/product_tag?post=39962"},{"taxonomy":"farbe","embeddable":true,"href":"https:\/\/brieger.ch\/fr\/wp-json\/wp\/v2\/farbe?post=39962"},{"taxonomy":"qualitaet","embeddable":true,"href":"https:\/\/brieger.ch\/fr\/wp-json\/wp\/v2\/qualitaet?post=39962"},{"taxonomy":"artikelart","embeddable":true,"href":"https:\/\/brieger.ch\/fr\/wp-json\/wp\/v2\/artikelart?post=39962"},{"taxonomy":"produktstatus","embeddable":true,"href":"https:\/\/brieger.ch\/fr\/wp-json\/wp\/v2\/produktstatus?post=39962"},{"taxonomy":"wellig","embeddable":true,"href":"https:\/\/brieger.ch\/fr\/wp-json\/wp\/v2\/wellig?post=39962"}],"curies":[{"name":"wp","href":"https:\/\/api.w.org\/{rel}","templated":true}]}}