{"id":39961,"date":"2020-07-31T13:29:51","date_gmt":"2020-07-31T13:35:02","guid":{"rendered":"https:\/\/brieger.hundert1.ch\/produkt\/66180\/"},"modified":"2025-06-16T16:35:43","modified_gmt":"2025-06-16T14:35:43","slug":"66180","status":"publish","type":"product","link":"https:\/\/brieger.ch\/fr\/product\/66180\/","title":{"rendered":"Emballages pour classeurs avec 2 fermetures autocollantes brun"},"content":{"rendered":"<p>Emballages pour A4 classeurs jusqu&rsquo;\u00e0 2.5 kg, avec 2 fermetures autocollantes, brun, bande d&rsquo;arrachage, une deuxi\u00e8me bande autocollante comme s\u00e9curit\u00e9<\/p>\n","protected":false},"excerpt":{"rendered":"<p>Emballages pour A4 classeurs avec 2 fermetures autocollantes brun<\/p>\n","protected":false},"featured_media":33819,"comment_status":"closed","ping_status":"closed","template":"","meta":{"_searchwp_excluded":""},"product_brand":[],"product_cat":[789],"product_tag":[],"farbe":[813],"qualitaet":[144],"artikelart":[908],"produktstatus":[],"wellig":[994],"class_list":{"0":"post-39961","1":"product","2":"type-product","3":"status-publish","4":"has-post-thumbnail","6":"product_cat-emballages-pour-classeurs","7":"farbe-brun","8":"qualitaet-3-0-mm","9":"artikelart-emballages-pour-classeurs-avec-2-fermetures-autocollantes","10":"wellig-1-cannelure","12":"first","13":"instock","14":"taxable","15":"shipping-taxable","16":"purchasable","17":"product-type-simple"},"tiered_pricing_type":"fixed","tiered_pricing_fixed_rules":{"50":"1.84","100":"1.68","200":"1.57","300":"1.45","500":"1.24","1000":"1.16"},"tiered_pricing_product_settings":{"layout":"default","base_unit_name":{"singular":null,"plural":null},"default_variation":null},"tiered_pricing_minimum_quantity":25,"tiered_pricing_roles_data":{"galenica-group":{"product_id":39961,"role":"galenica-group","pricing_type":"flat","regular_price":0.96,"sale_price":null,"discount":null,"discount_type":"sale_price","tiered_pricing_type":"fixed","percentage_rules":[],"fixed_rules":[],"minimum":25}},"tiered_pricing_percentage_rules":[],"tiered_pricing_maximum_quantity":null,"tiered_pricing_quantity_step":null,"_links":{"self":[{"href":"https:\/\/brieger.ch\/fr\/wp-json\/wp\/v2\/product\/39961","targetHints":{"allow":["GET"]}}],"collection":[{"href":"https:\/\/brieger.ch\/fr\/wp-json\/wp\/v2\/product"}],"about":[{"href":"https:\/\/brieger.ch\/fr\/wp-json\/wp\/v2\/types\/product"}],"replies":[{"embeddable":true,"href":"https:\/\/brieger.ch\/fr\/wp-json\/wp\/v2\/comments?post=39961"}],"wp:featuredmedia":[{"embeddable":true,"href":"https:\/\/brieger.ch\/fr\/wp-json\/wp\/v2\/media\/33819"}],"wp:attachment":[{"href":"https:\/\/brieger.ch\/fr\/wp-json\/wp\/v2\/media?parent=39961"}],"wp:term":[{"taxonomy":"product_brand","embeddable":true,"href":"https:\/\/brieger.ch\/fr\/wp-json\/wp\/v2\/product_brand?post=39961"},{"taxonomy":"product_cat","embeddable":true,"href":"https:\/\/brieger.ch\/fr\/wp-json\/wp\/v2\/product_cat?post=39961"},{"taxonomy":"product_tag","embeddable":true,"href":"https:\/\/brieger.ch\/fr\/wp-json\/wp\/v2\/product_tag?post=39961"},{"taxonomy":"farbe","embeddable":true,"href":"https:\/\/brieger.ch\/fr\/wp-json\/wp\/v2\/farbe?post=39961"},{"taxonomy":"qualitaet","embeddable":true,"href":"https:\/\/brieger.ch\/fr\/wp-json\/wp\/v2\/qualitaet?post=39961"},{"taxonomy":"artikelart","embeddable":true,"href":"https:\/\/brieger.ch\/fr\/wp-json\/wp\/v2\/artikelart?post=39961"},{"taxonomy":"produktstatus","embeddable":true,"href":"https:\/\/brieger.ch\/fr\/wp-json\/wp\/v2\/produktstatus?post=39961"},{"taxonomy":"wellig","embeddable":true,"href":"https:\/\/brieger.ch\/fr\/wp-json\/wp\/v2\/wellig?post=39961"}],"curies":[{"name":"wp","href":"https:\/\/api.w.org\/{rel}","templated":true}]}}