{"id":39957,"date":"2020-07-31T13:29:51","date_gmt":"2020-07-31T13:35:02","guid":{"rendered":"https:\/\/brieger.hundert1.ch\/produkt\/66175\/"},"modified":"2025-06-16T16:35:41","modified_gmt":"2025-06-16T14:35:41","slug":"798-4","status":"publish","type":"product","link":"https:\/\/brieger.ch\/fr\/product\/798-4\/","title":{"rendered":"Fourres d&#039;exp\u00e9dition pour classeurs brun"},"content":{"rendered":"<p>Fourres d&rsquo;exp\u00e9dition pour classeurs, brun, pour classeur vide ou l\u00e9ger, avec languette de fermeture<\/p>\n","protected":false},"excerpt":{"rendered":"<p>Fourres d&rsquo;exp\u00e9dition pour classeurs, brun<br \/>\nAncien Nr.: 798\/4<\/p>\n","protected":false},"featured_media":88173,"comment_status":"closed","ping_status":"closed","template":"","meta":{"_searchwp_excluded":""},"product_brand":[],"product_cat":[789],"product_tag":[],"farbe":[813],"qualitaet":[502],"artikelart":[897],"produktstatus":[],"wellig":[994],"class_list":{"0":"post-39957","1":"product","2":"type-product","3":"status-publish","4":"has-post-thumbnail","6":"product_cat-emballages-pour-classeurs","7":"farbe-brun","8":"qualitaet-4-0-mm","9":"artikelart-fourres-dexpedition-pour-classeurs","10":"wellig-1-cannelure","12":"first","13":"instock","14":"taxable","15":"shipping-taxable","16":"purchasable","17":"product-type-simple"},"tiered_pricing_type":"fixed","tiered_pricing_fixed_rules":{"25":"4.53","50":"3.61","100":"2.99","200":"2.55","400":"2.08"},"tiered_pricing_product_settings":{"layout":"default","base_unit_name":{"singular":null,"plural":null},"default_variation":null},"tiered_pricing_minimum_quantity":10,"tiered_pricing_roles_data":{"galenica-group":{"product_id":39957,"role":"galenica-group","pricing_type":"flat","regular_price":1.72,"sale_price":null,"discount":null,"discount_type":"sale_price","tiered_pricing_type":"fixed","percentage_rules":[],"fixed_rules":[],"minimum":10}},"tiered_pricing_percentage_rules":[],"tiered_pricing_maximum_quantity":null,"tiered_pricing_quantity_step":null,"_links":{"self":[{"href":"https:\/\/brieger.ch\/fr\/wp-json\/wp\/v2\/product\/39957","targetHints":{"allow":["GET"]}}],"collection":[{"href":"https:\/\/brieger.ch\/fr\/wp-json\/wp\/v2\/product"}],"about":[{"href":"https:\/\/brieger.ch\/fr\/wp-json\/wp\/v2\/types\/product"}],"replies":[{"embeddable":true,"href":"https:\/\/brieger.ch\/fr\/wp-json\/wp\/v2\/comments?post=39957"}],"wp:featuredmedia":[{"embeddable":true,"href":"https:\/\/brieger.ch\/fr\/wp-json\/wp\/v2\/media\/88173"}],"wp:attachment":[{"href":"https:\/\/brieger.ch\/fr\/wp-json\/wp\/v2\/media?parent=39957"}],"wp:term":[{"taxonomy":"product_brand","embeddable":true,"href":"https:\/\/brieger.ch\/fr\/wp-json\/wp\/v2\/product_brand?post=39957"},{"taxonomy":"product_cat","embeddable":true,"href":"https:\/\/brieger.ch\/fr\/wp-json\/wp\/v2\/product_cat?post=39957"},{"taxonomy":"product_tag","embeddable":true,"href":"https:\/\/brieger.ch\/fr\/wp-json\/wp\/v2\/product_tag?post=39957"},{"taxonomy":"farbe","embeddable":true,"href":"https:\/\/brieger.ch\/fr\/wp-json\/wp\/v2\/farbe?post=39957"},{"taxonomy":"qualitaet","embeddable":true,"href":"https:\/\/brieger.ch\/fr\/wp-json\/wp\/v2\/qualitaet?post=39957"},{"taxonomy":"artikelart","embeddable":true,"href":"https:\/\/brieger.ch\/fr\/wp-json\/wp\/v2\/artikelart?post=39957"},{"taxonomy":"produktstatus","embeddable":true,"href":"https:\/\/brieger.ch\/fr\/wp-json\/wp\/v2\/produktstatus?post=39957"},{"taxonomy":"wellig","embeddable":true,"href":"https:\/\/brieger.ch\/fr\/wp-json\/wp\/v2\/wellig?post=39957"}],"curies":[{"name":"wp","href":"https:\/\/api.w.org\/{rel}","templated":true}]}}