{"id":39940,"date":"2020-07-31T13:29:23","date_gmt":"2020-07-31T13:34:04","guid":{"rendered":"https:\/\/brieger.hundert1.ch\/produkt\/52554\/"},"modified":"2025-06-16T16:35:21","modified_gmt":"2025-06-16T14:35:21","slug":"52554","status":"publish","type":"product","link":"https:\/\/brieger.ch\/fr\/product\/52554\/","title":{"rendered":"Enveloppes en carton ondul\u00e9 noir"},"content":{"rendered":"<p>Enveloppes en carton ondul\u00e9 noire, avec bande d&rsquo;arrachage pour contenu jusqu&rsquo;\u00e0 20 mm<\/p>\n","protected":false},"excerpt":{"rendered":"<p>Enveloppes en carton ondul\u00e9 noir, avec bande d&rsquo;arrachage pour contenu jusqu&rsquo;\u00e0 20 mm<\/p>\n","protected":false},"featured_media":34741,"comment_status":"closed","ping_status":"closed","template":"","meta":{"_searchwp_excluded":""},"product_brand":[],"product_cat":[786,1075],"product_tag":[],"farbe":[822],"qualitaet":[142],"artikelart":[836],"produktstatus":[],"wellig":[],"class_list":{"0":"post-39940","1":"product","2":"type-product","3":"status-publish","4":"has-post-thumbnail","6":"product_cat-enveloppes","7":"product_cat-ligne-noire-fr","8":"farbe-noir","9":"qualitaet-1-5-mm","10":"artikelart-enveloppes-en-carton-ondule","12":"first","13":"instock","14":"taxable","15":"shipping-taxable","16":"purchasable","17":"product-type-simple"},"tiered_pricing_type":"fixed","tiered_pricing_fixed_rules":{"100":"1.69","500":"1.23","1000":"1","2000":"0.91"},"tiered_pricing_product_settings":{"layout":"default","base_unit_name":{"singular":null,"plural":null},"default_variation":null},"tiered_pricing_minimum_quantity":50,"tiered_pricing_roles_data":{"galenica-group":{"product_id":39940,"role":"galenica-group","pricing_type":"flat","regular_price":0.75,"sale_price":null,"discount":null,"discount_type":"sale_price","tiered_pricing_type":"fixed","percentage_rules":[],"fixed_rules":[],"minimum":50}},"tiered_pricing_percentage_rules":[],"tiered_pricing_maximum_quantity":null,"tiered_pricing_quantity_step":null,"_links":{"self":[{"href":"https:\/\/brieger.ch\/fr\/wp-json\/wp\/v2\/product\/39940","targetHints":{"allow":["GET"]}}],"collection":[{"href":"https:\/\/brieger.ch\/fr\/wp-json\/wp\/v2\/product"}],"about":[{"href":"https:\/\/brieger.ch\/fr\/wp-json\/wp\/v2\/types\/product"}],"replies":[{"embeddable":true,"href":"https:\/\/brieger.ch\/fr\/wp-json\/wp\/v2\/comments?post=39940"}],"wp:featuredmedia":[{"embeddable":true,"href":"https:\/\/brieger.ch\/fr\/wp-json\/wp\/v2\/media\/34741"}],"wp:attachment":[{"href":"https:\/\/brieger.ch\/fr\/wp-json\/wp\/v2\/media?parent=39940"}],"wp:term":[{"taxonomy":"product_brand","embeddable":true,"href":"https:\/\/brieger.ch\/fr\/wp-json\/wp\/v2\/product_brand?post=39940"},{"taxonomy":"product_cat","embeddable":true,"href":"https:\/\/brieger.ch\/fr\/wp-json\/wp\/v2\/product_cat?post=39940"},{"taxonomy":"product_tag","embeddable":true,"href":"https:\/\/brieger.ch\/fr\/wp-json\/wp\/v2\/product_tag?post=39940"},{"taxonomy":"farbe","embeddable":true,"href":"https:\/\/brieger.ch\/fr\/wp-json\/wp\/v2\/farbe?post=39940"},{"taxonomy":"qualitaet","embeddable":true,"href":"https:\/\/brieger.ch\/fr\/wp-json\/wp\/v2\/qualitaet?post=39940"},{"taxonomy":"artikelart","embeddable":true,"href":"https:\/\/brieger.ch\/fr\/wp-json\/wp\/v2\/artikelart?post=39940"},{"taxonomy":"produktstatus","embeddable":true,"href":"https:\/\/brieger.ch\/fr\/wp-json\/wp\/v2\/produktstatus?post=39940"},{"taxonomy":"wellig","embeddable":true,"href":"https:\/\/brieger.ch\/fr\/wp-json\/wp\/v2\/wellig?post=39940"}],"curies":[{"name":"wp","href":"https:\/\/api.w.org\/{rel}","templated":true}]}}