{"id":39924,"date":"2020-07-31T13:29:08","date_gmt":"2020-07-31T13:34:04","guid":{"rendered":"https:\/\/brieger.hundert1.ch\/produkt\/52452\/"},"modified":"2025-07-14T13:19:54","modified_gmt":"2025-07-14T11:19:54","slug":"52452","status":"publish","type":"product","link":"https:\/\/brieger.ch\/fr\/product\/52452\/","title":{"rendered":"Enveloppe en carton ondul\u00e9 B5, BRIMAIL \u2013 Exp\u00e9dition s\u00e9curis\u00e9e au format paysage"},"content":{"rendered":"<p><a href=\"https:\/\/brieger.ch\/fr\/emballages-postaux\/enveloppes\/\" target=\"_blank\" rel=\"noopener\">L\u2019enveloppe<\/a> BRIMAIL au format 250 x 176 mm constitue une solution fiable pour l\u2019exp\u00e9dition de documents, brochures ou articles plats de taille <a href=\"https:\/\/brieger.ch\/fr\/formats-a5-a4-b4-b5\/\" target=\"_blank\" rel=\"noopener\">A5<\/a>. Gr\u00e2ce \u00e0 sa structure solide en carton ondul\u00e9, vos envois restent bien prot\u00e9g\u00e9s tout au long du transport.<\/p>\n<p>La bande d\u2019arrachage int\u00e9gr\u00e9e assure une ouverture propre pour le destinataire &#8211; id\u00e9ale pour le courrier professionnel ou le mat\u00e9riel de marketing. Son faible poids de 45 g optimise vos co\u00fbts d\u2019envoi. Cette enveloppe est recyclable et peut \u00eatre imprim\u00e9e selon vos besoins, pour une meilleure visibilit\u00e9.<\/p>\n<h2>Avantages et utilisations des enveloppes en carton ondul\u00e9 BRIMAIL<\/h2>\n<ul>\n<li>Format paysage compact \u2013 id\u00e9al pour un remplissage facilit\u00e9<\/li>\n<li>Bonne r\u00e9sistance \u2013 prot\u00e8ge contre les pressions ext\u00e9rieures<\/li>\n<li>Bande d\u2019arrachage \u2013 ouverture facile et s\u00e9curis\u00e9e<\/li>\n<li>Poids l\u00e9ger \u2013 \u00e9conomique \u00e0 l\u2019exp\u00e9dition<\/li>\n<li>Mat\u00e9riau <a href=\"https:\/\/fsc-schweiz.ch\/ueber-fsc\/unsere-labels\/\" target=\"_blank\" rel=\"noopener\">FSC<\/a> respectueux de l\u2019environnement \u2013 recyclable<\/li>\n<li>Impression personnalis\u00e9e \u2013 adapt\u00e9e \u00e0 votre image de marque<\/li>\n<\/ul>\n<p>Si vous souhaitez acheter une enveloppe en carton ondul\u00e9 alliant qualit\u00e9, fonctionnalit\u00e9 et durabilit\u00e9, le format <a href=\"https:\/\/brieger.ch\/fr\/formats-a5-a4-b4-b5\/\" target=\"_blank\" rel=\"noopener\">B5<\/a> BRIMAIL est un excellent choix.<\/p>\n","protected":false},"excerpt":{"rendered":"<p>Enveloppes en carton ondul\u00e9 format paysage brun, avec bande d&rsquo;arrachage pour contenu jusqu&rsquo;\u00e0 20 mm<\/p>\n","protected":false},"featured_media":34732,"comment_status":"closed","ping_status":"closed","template":"","meta":{"_searchwp_excluded":""},"product_brand":[],"product_cat":[786],"product_tag":[],"farbe":[813],"qualitaet":[142],"artikelart":[836],"produktstatus":[],"wellig":[],"class_list":{"0":"post-39924","1":"product","2":"type-product","3":"status-publish","4":"has-post-thumbnail","6":"product_cat-enveloppes","7":"farbe-brun","8":"qualitaet-1-5-mm","9":"artikelart-enveloppes-en-carton-ondule","11":"first","12":"instock","13":"taxable","14":"shipping-taxable","15":"purchasable","16":"product-type-simple"},"tiered_pricing_type":"fixed","tiered_pricing_fixed_rules":{"100":"0.96","200":"0.75","500":"0.57","1000":"0.45","2000":"0.41","4800":"0.37"},"tiered_pricing_product_settings":{"layout":"default","base_unit_name":{"singular":null,"plural":null},"default_variation":null},"tiered_pricing_minimum_quantity":50,"tiered_pricing_roles_data":{"galenica-group":{"product_id":39924,"role":"galenica-group","pricing_type":"flat","regular_price":0.31,"sale_price":null,"discount":null,"discount_type":"sale_price","tiered_pricing_type":"fixed","percentage_rules":[],"fixed_rules":[],"minimum":50}},"tiered_pricing_percentage_rules":[],"tiered_pricing_maximum_quantity":null,"tiered_pricing_quantity_step":null,"_links":{"self":[{"href":"https:\/\/brieger.ch\/fr\/wp-json\/wp\/v2\/product\/39924","targetHints":{"allow":["GET"]}}],"collection":[{"href":"https:\/\/brieger.ch\/fr\/wp-json\/wp\/v2\/product"}],"about":[{"href":"https:\/\/brieger.ch\/fr\/wp-json\/wp\/v2\/types\/product"}],"replies":[{"embeddable":true,"href":"https:\/\/brieger.ch\/fr\/wp-json\/wp\/v2\/comments?post=39924"}],"wp:featuredmedia":[{"embeddable":true,"href":"https:\/\/brieger.ch\/fr\/wp-json\/wp\/v2\/media\/34732"}],"wp:attachment":[{"href":"https:\/\/brieger.ch\/fr\/wp-json\/wp\/v2\/media?parent=39924"}],"wp:term":[{"taxonomy":"product_brand","embeddable":true,"href":"https:\/\/brieger.ch\/fr\/wp-json\/wp\/v2\/product_brand?post=39924"},{"taxonomy":"product_cat","embeddable":true,"href":"https:\/\/brieger.ch\/fr\/wp-json\/wp\/v2\/product_cat?post=39924"},{"taxonomy":"product_tag","embeddable":true,"href":"https:\/\/brieger.ch\/fr\/wp-json\/wp\/v2\/product_tag?post=39924"},{"taxonomy":"farbe","embeddable":true,"href":"https:\/\/brieger.ch\/fr\/wp-json\/wp\/v2\/farbe?post=39924"},{"taxonomy":"qualitaet","embeddable":true,"href":"https:\/\/brieger.ch\/fr\/wp-json\/wp\/v2\/qualitaet?post=39924"},{"taxonomy":"artikelart","embeddable":true,"href":"https:\/\/brieger.ch\/fr\/wp-json\/wp\/v2\/artikelart?post=39924"},{"taxonomy":"produktstatus","embeddable":true,"href":"https:\/\/brieger.ch\/fr\/wp-json\/wp\/v2\/produktstatus?post=39924"},{"taxonomy":"wellig","embeddable":true,"href":"https:\/\/brieger.ch\/fr\/wp-json\/wp\/v2\/wellig?post=39924"}],"curies":[{"name":"wp","href":"https:\/\/api.w.org\/{rel}","templated":true}]}}