{"id":39902,"date":"2020-07-31T13:28:41","date_gmt":"2020-07-31T13:33:11","guid":{"rendered":"https:\/\/brieger.hundert1.ch\/produkt\/52145\/"},"modified":"2026-03-06T09:58:19","modified_gmt":"2026-03-06T08:58:19","slug":"52145","status":"publish","type":"product","link":"https:\/\/brieger.ch\/fr\/product\/52145\/","title":{"rendered":"Enveloppe en carton ondul\u00e9 B4, BRIMAIL \u2013 Exp\u00e9dition s\u00e9curis\u00e9e pour vos documents"},"content":{"rendered":"<p>Une enveloppe en carton ondul\u00e9 offre une <a href=\"https:\/\/brieger.ch\/fr\/accessoires\/decoupes-coins-de-protection\/\" target=\"_blank\" rel=\"noopener\">protection<\/a> id\u00e9ale pour les documents importants et les marchandises. Gr\u00e2ce \u00e0 sa structure en carton ondul\u00e9 r\u00e9sistant, vos envois restent intacts et parfaitement prot\u00e9g\u00e9s. Que ce soit pour des dossiers professionnels ou des lettres personnelles, cette solution d\u2019emballage garantit une <a href=\"https:\/\/brieger.ch\/fr\/accessoires\/decoupes-coins-de-protection\/\" target=\"_blank\" rel=\"noopener\">protection<\/a> optimale contre les plis et les dommages.<\/p>\n<p><a href=\"https:\/\/brieger.ch\/fr\/emballages-postaux\/enveloppes\/\" target=\"_blank\" rel=\"noopener\">Les enveloppes<\/a> en carton ondul\u00e9 BRIMAIL sont polyvalentes et s\u2019adaptent \u00e0 divers besoins d\u2019exp\u00e9dition. Solides et r\u00e9sistantes, elles sont dot\u00e9es d\u2019un m\u00e9canisme de fermeture s\u00e9curis\u00e9 pour un transport fiable.<\/p>\n<h2>Avantages et utilisations des enveloppes en carton ondul\u00e9 BRIMAIL<\/h2>\n<ul>\n<li>Grande r\u00e9sistance \u2013 Protection contre les pressions ext\u00e9rieures et l\u2019humidit\u00e9<\/li>\n<li>Formats vari\u00e9s \u2013 Diff\u00e9rentes tailles d\u2019enveloppes en carton ondul\u00e9 pour r\u00e9pondre \u00e0 tous vos besoins<\/li>\n<li>Facilit\u00e9 d\u2019utilisation \u2013 Remplissage simple et fermeture s\u00e9curis\u00e9e<\/li>\n<li>Solution d\u2019emballage \u00e9cologique \u2013 <a href=\"https:\/\/fsc-schweiz.ch\/ueber-fsc\/unsere-labels\/\" target=\"_blank\" rel=\"noopener\">Mat\u00e9riaux FSC<\/a> respectueux de l\u2019environnement pour un envoi durable<\/li>\n<li>Utilisation universelle \u2013 Id\u00e9ale pour les documents, catalogues ou marchandises<\/li>\n<\/ul>\n<p>Si vous souhaitez acheter une enveloppe en carton ondul\u00e9, vous optez pour une solution d\u2019exp\u00e9dition s\u00fbre et pratique. Choisissez le format d\u2019enveloppe en carton ondul\u00e9 qui correspond \u00e0 vos besoins et envoyez vos documents en toute s\u00e9curit\u00e9 et avec professionnalisme.<\/p>\n","protected":false},"excerpt":{"rendered":"<p>Enveloppes en carton ondul\u00e9 brun, avec bande d&rsquo;arrachage pour contenu jusqu&rsquo;\u00e0 20 mm<\/p>\n","protected":false},"featured_media":33725,"comment_status":"closed","ping_status":"closed","template":"","meta":{"_searchwp_excluded":""},"product_brand":[],"product_cat":[786],"product_tag":[],"farbe":[813],"qualitaet":[142],"artikelart":[836],"produktstatus":[],"wellig":[],"class_list":{"0":"post-39902","1":"product","2":"type-product","3":"status-publish","4":"has-post-thumbnail","6":"product_cat-enveloppes","7":"farbe-brun","8":"qualitaet-1-5-mm","9":"artikelart-enveloppes-en-carton-ondule","11":"first","12":"instock","13":"featured","14":"taxable","15":"shipping-taxable","16":"purchasable","17":"product-type-simple"},"tiered_pricing_type":"fixed","tiered_pricing_fixed_rules":{"100":"1.17","200":"0.96","500":"0.73","1000":"0.57","2400":"0.53","4800":"0.52"},"tiered_pricing_product_settings":{"layout":"default","base_unit_name":{"singular":null,"plural":null},"default_variation":null},"tiered_pricing_minimum_quantity":50,"tiered_pricing_roles_data":{"galenica-group":{"product_id":39902,"role":"galenica-group","pricing_type":"flat","regular_price":0.43,"sale_price":null,"discount":null,"discount_type":"sale_price","tiered_pricing_type":"fixed","percentage_rules":[],"fixed_rules":[],"minimum":50}},"tiered_pricing_percentage_rules":[],"tiered_pricing_maximum_quantity":null,"tiered_pricing_quantity_step":null,"_links":{"self":[{"href":"https:\/\/brieger.ch\/fr\/wp-json\/wp\/v2\/product\/39902","targetHints":{"allow":["GET"]}}],"collection":[{"href":"https:\/\/brieger.ch\/fr\/wp-json\/wp\/v2\/product"}],"about":[{"href":"https:\/\/brieger.ch\/fr\/wp-json\/wp\/v2\/types\/product"}],"replies":[{"embeddable":true,"href":"https:\/\/brieger.ch\/fr\/wp-json\/wp\/v2\/comments?post=39902"}],"wp:featuredmedia":[{"embeddable":true,"href":"https:\/\/brieger.ch\/fr\/wp-json\/wp\/v2\/media\/33725"}],"wp:attachment":[{"href":"https:\/\/brieger.ch\/fr\/wp-json\/wp\/v2\/media?parent=39902"}],"wp:term":[{"taxonomy":"product_brand","embeddable":true,"href":"https:\/\/brieger.ch\/fr\/wp-json\/wp\/v2\/product_brand?post=39902"},{"taxonomy":"product_cat","embeddable":true,"href":"https:\/\/brieger.ch\/fr\/wp-json\/wp\/v2\/product_cat?post=39902"},{"taxonomy":"product_tag","embeddable":true,"href":"https:\/\/brieger.ch\/fr\/wp-json\/wp\/v2\/product_tag?post=39902"},{"taxonomy":"farbe","embeddable":true,"href":"https:\/\/brieger.ch\/fr\/wp-json\/wp\/v2\/farbe?post=39902"},{"taxonomy":"qualitaet","embeddable":true,"href":"https:\/\/brieger.ch\/fr\/wp-json\/wp\/v2\/qualitaet?post=39902"},{"taxonomy":"artikelart","embeddable":true,"href":"https:\/\/brieger.ch\/fr\/wp-json\/wp\/v2\/artikelart?post=39902"},{"taxonomy":"produktstatus","embeddable":true,"href":"https:\/\/brieger.ch\/fr\/wp-json\/wp\/v2\/produktstatus?post=39902"},{"taxonomy":"wellig","embeddable":true,"href":"https:\/\/brieger.ch\/fr\/wp-json\/wp\/v2\/wellig?post=39902"}],"curies":[{"name":"wp","href":"https:\/\/api.w.org\/{rel}","templated":true}]}}