{"id":39868,"date":"2020-07-31T13:27:46","date_gmt":"2020-07-31T13:31:17","guid":{"rendered":"https:\/\/brieger.hundert1.ch\/produkt\/590-1\/"},"modified":"2025-06-16T16:34:20","modified_gmt":"2025-06-16T14:34:20","slug":"74222","status":"publish","type":"product","link":"https:\/\/brieger.ch\/fr\/product\/74222\/","title":{"rendered":"Bo\u00eetes d&#039;exp\u00e9dition avec fermeture autocollante blanc"},"content":{"rendered":"<p>Bo\u00eetes d&rsquo;exp\u00e9dition avec fermeture autocollante et la bande d\u2019arrachage, blanc, l\u2019emballage est vite mont\u00e9 les 2 fermetures autocollantes sur les c\u00f4t\u00e9s servent d\u2019antivol<\/p>\n","protected":false},"excerpt":{"rendered":"<p>Bo\u00eetes d&rsquo;exp\u00e9dition avec fermeture autocollante et la bande d\u2019arrachage, blanc, l\u2019emballage est vite mont\u00e9<\/p>\n","protected":false},"featured_media":33674,"comment_status":"closed","ping_status":"closed","template":"","meta":{"_searchwp_excluded":""},"product_brand":[],"product_cat":[783],"product_tag":[],"farbe":[824],"qualitaet":[142],"artikelart":[977],"produktstatus":[],"wellig":[],"class_list":{"0":"post-39868","1":"product","2":"type-product","3":"status-publish","4":"has-post-thumbnail","6":"product_cat-boites-a-fermeture-rapide","7":"farbe-blanc","8":"qualitaet-1-5-mm","9":"artikelart-boites-dexpedition-avec-fermeture-autocollante","11":"first","12":"instock","13":"taxable","14":"shipping-taxable","15":"purchasable","16":"product-type-simple"},"tiered_pricing_type":"fixed","tiered_pricing_fixed_rules":{"25":"3.29","50":"2.61","100":"2.15","200":"1.88","500":"1.58"},"tiered_pricing_product_settings":{"layout":"default","base_unit_name":{"singular":null,"plural":null},"default_variation":null},"tiered_pricing_minimum_quantity":10,"tiered_pricing_roles_data":{"galenica-group":{"product_id":39868,"role":"galenica-group","pricing_type":"flat","regular_price":1.3,"sale_price":null,"discount":null,"discount_type":"sale_price","tiered_pricing_type":"fixed","percentage_rules":[],"fixed_rules":[],"minimum":10}},"tiered_pricing_percentage_rules":[],"tiered_pricing_maximum_quantity":null,"tiered_pricing_quantity_step":null,"_links":{"self":[{"href":"https:\/\/brieger.ch\/fr\/wp-json\/wp\/v2\/product\/39868","targetHints":{"allow":["GET"]}}],"collection":[{"href":"https:\/\/brieger.ch\/fr\/wp-json\/wp\/v2\/product"}],"about":[{"href":"https:\/\/brieger.ch\/fr\/wp-json\/wp\/v2\/types\/product"}],"replies":[{"embeddable":true,"href":"https:\/\/brieger.ch\/fr\/wp-json\/wp\/v2\/comments?post=39868"}],"wp:featuredmedia":[{"embeddable":true,"href":"https:\/\/brieger.ch\/fr\/wp-json\/wp\/v2\/media\/33674"}],"wp:attachment":[{"href":"https:\/\/brieger.ch\/fr\/wp-json\/wp\/v2\/media?parent=39868"}],"wp:term":[{"taxonomy":"product_brand","embeddable":true,"href":"https:\/\/brieger.ch\/fr\/wp-json\/wp\/v2\/product_brand?post=39868"},{"taxonomy":"product_cat","embeddable":true,"href":"https:\/\/brieger.ch\/fr\/wp-json\/wp\/v2\/product_cat?post=39868"},{"taxonomy":"product_tag","embeddable":true,"href":"https:\/\/brieger.ch\/fr\/wp-json\/wp\/v2\/product_tag?post=39868"},{"taxonomy":"farbe","embeddable":true,"href":"https:\/\/brieger.ch\/fr\/wp-json\/wp\/v2\/farbe?post=39868"},{"taxonomy":"qualitaet","embeddable":true,"href":"https:\/\/brieger.ch\/fr\/wp-json\/wp\/v2\/qualitaet?post=39868"},{"taxonomy":"artikelart","embeddable":true,"href":"https:\/\/brieger.ch\/fr\/wp-json\/wp\/v2\/artikelart?post=39868"},{"taxonomy":"produktstatus","embeddable":true,"href":"https:\/\/brieger.ch\/fr\/wp-json\/wp\/v2\/produktstatus?post=39868"},{"taxonomy":"wellig","embeddable":true,"href":"https:\/\/brieger.ch\/fr\/wp-json\/wp\/v2\/wellig?post=39868"}],"curies":[{"name":"wp","href":"https:\/\/api.w.org\/{rel}","templated":true}]}}