{"id":39718,"date":"2020-07-31T13:23:59","date_gmt":"2020-07-31T13:24:04","guid":{"rendered":"https:\/\/brieger.hundert1.ch\/produkt\/83722\/"},"modified":"2025-06-16T16:32:20","modified_gmt":"2025-06-16T14:32:20","slug":"83722","status":"publish","type":"product","link":"https:\/\/brieger.ch\/fr\/product\/83722\/","title":{"rendered":"Coussins d&#039;air gonflables Mini Pak&#039;r transparent"},"content":{"rendered":"<p>Coussins d&rsquo;air gonflables Mini Pak&rsquo;r, Largeur 200 mm \/ Longueur rouleau 425 m \/\u00a0Fabriqu\u00e9s \u00e0 partir de mati\u00e8re recycl\u00e9e<\/p>\n","protected":false},"excerpt":{"rendered":"<p>Coussins d&rsquo;air gonflables Mini Pak&rsquo;r<\/p>\n","protected":false},"featured_media":89990,"comment_status":"closed","ping_status":"closed","template":"","meta":{"_searchwp_excluded":""},"product_brand":[],"product_cat":[780],"product_tag":[],"farbe":[823],"qualitaet":[223],"artikelart":[834],"produktstatus":[],"wellig":[],"class_list":{"0":"post-39718","1":"product","2":"type-product","3":"status-publish","4":"has-post-thumbnail","6":"product_cat-materiel-de-remplissage-et-de-rembourrage","7":"farbe-transparent-fr","8":"qualitaet-23-my","9":"artikelart-coussins-dair-gonflables-mini-pakr","11":"first","12":"instock","13":"taxable","14":"shipping-taxable","15":"purchasable","16":"product-type-simple"},"tiered_pricing_type":"fixed","tiered_pricing_fixed_rules":{"6":"185.9","12":"158.6"},"tiered_pricing_product_settings":{"layout":"default","base_unit_name":{"singular":null,"plural":null},"default_variation":null},"tiered_pricing_minimum_quantity":2,"tiered_pricing_roles_data":{"galenica-group":{"product_id":39718,"role":"galenica-group","pricing_type":"flat","regular_price":134.81,"sale_price":null,"discount":null,"discount_type":"sale_price","tiered_pricing_type":"fixed","percentage_rules":[],"fixed_rules":[],"minimum":2}},"tiered_pricing_percentage_rules":[],"tiered_pricing_maximum_quantity":null,"tiered_pricing_quantity_step":null,"_links":{"self":[{"href":"https:\/\/brieger.ch\/fr\/wp-json\/wp\/v2\/product\/39718","targetHints":{"allow":["GET"]}}],"collection":[{"href":"https:\/\/brieger.ch\/fr\/wp-json\/wp\/v2\/product"}],"about":[{"href":"https:\/\/brieger.ch\/fr\/wp-json\/wp\/v2\/types\/product"}],"replies":[{"embeddable":true,"href":"https:\/\/brieger.ch\/fr\/wp-json\/wp\/v2\/comments?post=39718"}],"wp:featuredmedia":[{"embeddable":true,"href":"https:\/\/brieger.ch\/fr\/wp-json\/wp\/v2\/media\/89990"}],"wp:attachment":[{"href":"https:\/\/brieger.ch\/fr\/wp-json\/wp\/v2\/media?parent=39718"}],"wp:term":[{"taxonomy":"product_brand","embeddable":true,"href":"https:\/\/brieger.ch\/fr\/wp-json\/wp\/v2\/product_brand?post=39718"},{"taxonomy":"product_cat","embeddable":true,"href":"https:\/\/brieger.ch\/fr\/wp-json\/wp\/v2\/product_cat?post=39718"},{"taxonomy":"product_tag","embeddable":true,"href":"https:\/\/brieger.ch\/fr\/wp-json\/wp\/v2\/product_tag?post=39718"},{"taxonomy":"farbe","embeddable":true,"href":"https:\/\/brieger.ch\/fr\/wp-json\/wp\/v2\/farbe?post=39718"},{"taxonomy":"qualitaet","embeddable":true,"href":"https:\/\/brieger.ch\/fr\/wp-json\/wp\/v2\/qualitaet?post=39718"},{"taxonomy":"artikelart","embeddable":true,"href":"https:\/\/brieger.ch\/fr\/wp-json\/wp\/v2\/artikelart?post=39718"},{"taxonomy":"produktstatus","embeddable":true,"href":"https:\/\/brieger.ch\/fr\/wp-json\/wp\/v2\/produktstatus?post=39718"},{"taxonomy":"wellig","embeddable":true,"href":"https:\/\/brieger.ch\/fr\/wp-json\/wp\/v2\/wellig?post=39718"}],"curies":[{"name":"wp","href":"https:\/\/api.w.org\/{rel}","templated":true}]}}