{"id":39698,"date":"2020-07-31T13:23:27","date_gmt":"2020-07-31T13:23:08","guid":{"rendered":"https:\/\/brieger.hundert1.ch\/produkt\/83110\/"},"modified":"2025-06-16T16:32:04","modified_gmt":"2025-06-16T14:32:04","slug":"83110","status":"publish","type":"product","link":"https:\/\/brieger.ch\/fr\/product\/83110\/","title":{"rendered":"Rouleaux de film \u00e0 bulles d&#039;air avec fibre soyeuse"},"content":{"rendered":"<p>Rouleaux de film \u00e0 bulles d&rsquo;air avec fibre soyeuse, largeur 50 cm, longueur par rouleau 50 m, \u00d8 du rouleau 43 cm<\/p>\n","protected":false},"excerpt":{"rendered":"<p>Rouleaux de film \u00e0 bulles d&rsquo;air avec fibre soyeuse<\/p>\n","protected":false},"featured_media":33489,"comment_status":"closed","ping_status":"closed","template":"","meta":{"_searchwp_excluded":""},"product_brand":[],"product_cat":[779],"product_tag":[],"farbe":[],"qualitaet":[1071],"artikelart":[900],"produktstatus":[],"wellig":[],"class_list":{"0":"post-39698","1":"product","2":"type-product","3":"status-publish","4":"has-post-thumbnail","6":"product_cat-film","7":"qualitaet-90-my","8":"artikelart-rouleaux-de-film-a-bulles-dair-avec-fibre-soyeuse","10":"first","11":"instock","12":"taxable","13":"shipping-taxable","14":"purchasable","15":"product-type-simple"},"tiered_pricing_type":"fixed","tiered_pricing_fixed_rules":{"2":"45.02","3":"37.95","4":"31.8","5":"29.13"},"tiered_pricing_product_settings":{"layout":"default","base_unit_name":{"singular":null,"plural":null},"default_variation":null},"tiered_pricing_minimum_quantity":null,"tiered_pricing_roles_data":{"galenica-group":{"product_id":39698,"role":"galenica-group","pricing_type":"flat","regular_price":24.76,"sale_price":null,"discount":null,"discount_type":"sale_price","tiered_pricing_type":"fixed","percentage_rules":[],"fixed_rules":[],"minimum":null}},"tiered_pricing_percentage_rules":[],"tiered_pricing_maximum_quantity":null,"tiered_pricing_quantity_step":null,"_links":{"self":[{"href":"https:\/\/brieger.ch\/fr\/wp-json\/wp\/v2\/product\/39698","targetHints":{"allow":["GET"]}}],"collection":[{"href":"https:\/\/brieger.ch\/fr\/wp-json\/wp\/v2\/product"}],"about":[{"href":"https:\/\/brieger.ch\/fr\/wp-json\/wp\/v2\/types\/product"}],"replies":[{"embeddable":true,"href":"https:\/\/brieger.ch\/fr\/wp-json\/wp\/v2\/comments?post=39698"}],"wp:featuredmedia":[{"embeddable":true,"href":"https:\/\/brieger.ch\/fr\/wp-json\/wp\/v2\/media\/33489"}],"wp:attachment":[{"href":"https:\/\/brieger.ch\/fr\/wp-json\/wp\/v2\/media?parent=39698"}],"wp:term":[{"taxonomy":"product_brand","embeddable":true,"href":"https:\/\/brieger.ch\/fr\/wp-json\/wp\/v2\/product_brand?post=39698"},{"taxonomy":"product_cat","embeddable":true,"href":"https:\/\/brieger.ch\/fr\/wp-json\/wp\/v2\/product_cat?post=39698"},{"taxonomy":"product_tag","embeddable":true,"href":"https:\/\/brieger.ch\/fr\/wp-json\/wp\/v2\/product_tag?post=39698"},{"taxonomy":"farbe","embeddable":true,"href":"https:\/\/brieger.ch\/fr\/wp-json\/wp\/v2\/farbe?post=39698"},{"taxonomy":"qualitaet","embeddable":true,"href":"https:\/\/brieger.ch\/fr\/wp-json\/wp\/v2\/qualitaet?post=39698"},{"taxonomy":"artikelart","embeddable":true,"href":"https:\/\/brieger.ch\/fr\/wp-json\/wp\/v2\/artikelart?post=39698"},{"taxonomy":"produktstatus","embeddable":true,"href":"https:\/\/brieger.ch\/fr\/wp-json\/wp\/v2\/produktstatus?post=39698"},{"taxonomy":"wellig","embeddable":true,"href":"https:\/\/brieger.ch\/fr\/wp-json\/wp\/v2\/wellig?post=39698"}],"curies":[{"name":"wp","href":"https:\/\/api.w.org\/{rel}","templated":true}]}}