{"id":39677,"date":"2020-07-31T13:22:56","date_gmt":"2020-07-31T13:22:15","guid":{"rendered":"https:\/\/brieger.hundert1.ch\/produkt\/78410\/"},"modified":"2025-06-16T16:31:47","modified_gmt":"2025-06-16T14:31:47","slug":"78410","status":"publish","type":"product","link":"https:\/\/brieger.ch\/fr\/product\/78410\/","title":{"rendered":"Pochettes pour documents en papier vert"},"content":{"rendered":"<p>Pochettes pour documents en papier, C6\/C5 &#8211; dimensions int\u00e9rieures en mm : 224 x 120 &#8211; vert, fen\u00eatre \u00e0 gauche<br \/>\n1 bo\u00eete \u00e0 1000 pochettes pour documents<\/p>\n","protected":false},"excerpt":{"rendered":"<p>Pochettes pour documents en papier, C6\/C5 &#8211; dimensions int\u00e9rieures en mm : 224 x 120 &#8211; vert, 1 bo\u00eete \u00e0 250 pochettes pour documents<\/p>\n","protected":false},"featured_media":35778,"comment_status":"closed","ping_status":"closed","template":"","meta":{"_searchwp_excluded":""},"product_brand":[],"product_cat":[777],"product_tag":[],"farbe":[816],"qualitaet":[],"artikelart":[1079],"produktstatus":[],"wellig":[],"class_list":{"0":"post-39677","1":"product","2":"type-product","3":"status-publish","4":"has-post-thumbnail","6":"product_cat-pochettes-pour-documents","7":"farbe-vert","8":"artikelart-pochettes-pour-documents-en-papier","10":"first","11":"instock","12":"taxable","13":"shipping-taxable","14":"purchasable","15":"product-type-simple"},"tiered_pricing_type":"fixed","tiered_pricing_fixed_rules":{"2":"92","4":"69.9","8":"60.4","12":"59"},"tiered_pricing_product_settings":{"layout":"default","base_unit_name":{"singular":null,"plural":null},"default_variation":null},"tiered_pricing_minimum_quantity":null,"tiered_pricing_roles_data":{"galenica-group":{"product_id":39677,"role":"galenica-group","pricing_type":"flat","regular_price":50.59,"sale_price":null,"discount":null,"discount_type":"sale_price","tiered_pricing_type":"fixed","percentage_rules":[],"fixed_rules":[],"minimum":null}},"tiered_pricing_percentage_rules":[],"tiered_pricing_maximum_quantity":null,"tiered_pricing_quantity_step":null,"_links":{"self":[{"href":"https:\/\/brieger.ch\/fr\/wp-json\/wp\/v2\/product\/39677","targetHints":{"allow":["GET"]}}],"collection":[{"href":"https:\/\/brieger.ch\/fr\/wp-json\/wp\/v2\/product"}],"about":[{"href":"https:\/\/brieger.ch\/fr\/wp-json\/wp\/v2\/types\/product"}],"replies":[{"embeddable":true,"href":"https:\/\/brieger.ch\/fr\/wp-json\/wp\/v2\/comments?post=39677"}],"wp:featuredmedia":[{"embeddable":true,"href":"https:\/\/brieger.ch\/fr\/wp-json\/wp\/v2\/media\/35778"}],"wp:attachment":[{"href":"https:\/\/brieger.ch\/fr\/wp-json\/wp\/v2\/media?parent=39677"}],"wp:term":[{"taxonomy":"product_brand","embeddable":true,"href":"https:\/\/brieger.ch\/fr\/wp-json\/wp\/v2\/product_brand?post=39677"},{"taxonomy":"product_cat","embeddable":true,"href":"https:\/\/brieger.ch\/fr\/wp-json\/wp\/v2\/product_cat?post=39677"},{"taxonomy":"product_tag","embeddable":true,"href":"https:\/\/brieger.ch\/fr\/wp-json\/wp\/v2\/product_tag?post=39677"},{"taxonomy":"farbe","embeddable":true,"href":"https:\/\/brieger.ch\/fr\/wp-json\/wp\/v2\/farbe?post=39677"},{"taxonomy":"qualitaet","embeddable":true,"href":"https:\/\/brieger.ch\/fr\/wp-json\/wp\/v2\/qualitaet?post=39677"},{"taxonomy":"artikelart","embeddable":true,"href":"https:\/\/brieger.ch\/fr\/wp-json\/wp\/v2\/artikelart?post=39677"},{"taxonomy":"produktstatus","embeddable":true,"href":"https:\/\/brieger.ch\/fr\/wp-json\/wp\/v2\/produktstatus?post=39677"},{"taxonomy":"wellig","embeddable":true,"href":"https:\/\/brieger.ch\/fr\/wp-json\/wp\/v2\/wellig?post=39677"}],"curies":[{"name":"wp","href":"https:\/\/api.w.org\/{rel}","templated":true}]}}