{"id":39669,"date":"2020-07-31T13:22:42","date_gmt":"2020-07-31T13:22:15","guid":{"rendered":"https:\/\/brieger.hundert1.ch\/produkt\/78512\/"},"modified":"2025-10-06T21:52:51","modified_gmt":"2025-10-06T19:52:51","slug":"78512","status":"publish","type":"product","link":"https:\/\/brieger.ch\/fr\/product\/78512\/","title":{"rendered":"Pochette pour documents C6\/5 noire \u2013 pour envois \u00e9l\u00e9gants et documents soign\u00e9s"},"content":{"rendered":"<p>Cette pochette noire au <a href=\"https:\/\/brieger.ch\/fr\/c6-5\/\" target=\"_blank\" rel=\"noopener\">format C6\/5<\/a> (235 x 120 mm) est une solution chic et professionnelle pour joindre des lettres, des factures, des d\u00e9pliants ou des <a href=\"https:\/\/brieger.ch\/fr\/boites\/boxes\/boxes-pour-palette\/\" target=\"_blank\" rel=\"noopener\"> cartes-cadeaux<\/a> \u00e0 vos <a href=\"https:\/\/brieger.ch\/fr\/emballages-postaux\/boites-dexpedition\/\" target=\"_blank\" rel=\"noopener\">cartons d\u2019exp\u00e9dition<\/a>. Elle prot\u00e8ge vos contenus tout en cr\u00e9ant une impression raffin\u00e9e. Parfaite pour les envois marketing, les invitations ou les correspondances importantes.<\/p>\n<h3>Les avantages de cette pochette pour documents<\/h3>\n<ul>\n<li><a href=\"https:\/\/brieger.ch\/fr\/formats-a5-a4-b4-b5\/\" target=\"_blank\" rel=\"noopener\">Format<\/a> C6\/5 \u2013 convient pour documents <a href=\"https:\/\/brieger.ch\/fr\/a4\/\" target=\"_blank\" rel=\"noopener\">A4<\/a> pli\u00e9s en trois<\/li>\n<li>Couleur noire \u2013 sobre, \u00e9l\u00e9gante et professionnelle<\/li>\n<li>Id\u00e9ale pour les offres, les factures, les bons d&rsquo;achat ou les invitations sur vos colis ou palettes<\/li>\n<li>Disponible \u00e0 partir d&rsquo;une pi\u00e8ce (250 pochettes pour documents) \u2013 convient \u00e9galement pour les petites s\u00e9ries et les envois individuels<\/li>\n<\/ul>\n","protected":false},"excerpt":{"rendered":"<p>Pochettes pour documents noir, fen\u00eatre \u00e0 gauche, Norm C6\/5<\/p>\n","protected":false},"featured_media":77897,"comment_status":"closed","ping_status":"closed","template":"","meta":{"_searchwp_excluded":""},"product_brand":[],"product_cat":[777],"product_tag":[],"farbe":[822],"qualitaet":[],"artikelart":[852],"produktstatus":[],"wellig":[],"class_list":{"0":"post-39669","1":"product","2":"type-product","3":"status-publish","4":"has-post-thumbnail","6":"product_cat-pochettes-pour-documents","7":"farbe-noir","8":"artikelart-pochettes-pour-documents-noir","10":"first","11":"instock","12":"taxable","13":"shipping-taxable","14":"purchasable","15":"product-type-simple"},"tiered_pricing_type":"fixed","tiered_pricing_fixed_rules":{"2":"40.5","4":"30","8":"24.4","12":"25.1","20":"24.3","40":"23"},"tiered_pricing_product_settings":{"layout":"default","base_unit_name":{"singular":null,"plural":null},"default_variation":null},"tiered_pricing_minimum_quantity":null,"tiered_pricing_roles_data":{"galenica-group":{"product_id":39669,"role":"galenica-group","pricing_type":"flat","regular_price":17.71,"sale_price":null,"discount":null,"discount_type":"sale_price","tiered_pricing_type":"fixed","percentage_rules":[],"fixed_rules":[],"minimum":null}},"tiered_pricing_percentage_rules":[],"tiered_pricing_maximum_quantity":null,"tiered_pricing_quantity_step":null,"_links":{"self":[{"href":"https:\/\/brieger.ch\/fr\/wp-json\/wp\/v2\/product\/39669","targetHints":{"allow":["GET"]}}],"collection":[{"href":"https:\/\/brieger.ch\/fr\/wp-json\/wp\/v2\/product"}],"about":[{"href":"https:\/\/brieger.ch\/fr\/wp-json\/wp\/v2\/types\/product"}],"replies":[{"embeddable":true,"href":"https:\/\/brieger.ch\/fr\/wp-json\/wp\/v2\/comments?post=39669"}],"wp:featuredmedia":[{"embeddable":true,"href":"https:\/\/brieger.ch\/fr\/wp-json\/wp\/v2\/media\/77897"}],"wp:attachment":[{"href":"https:\/\/brieger.ch\/fr\/wp-json\/wp\/v2\/media?parent=39669"}],"wp:term":[{"taxonomy":"product_brand","embeddable":true,"href":"https:\/\/brieger.ch\/fr\/wp-json\/wp\/v2\/product_brand?post=39669"},{"taxonomy":"product_cat","embeddable":true,"href":"https:\/\/brieger.ch\/fr\/wp-json\/wp\/v2\/product_cat?post=39669"},{"taxonomy":"product_tag","embeddable":true,"href":"https:\/\/brieger.ch\/fr\/wp-json\/wp\/v2\/product_tag?post=39669"},{"taxonomy":"farbe","embeddable":true,"href":"https:\/\/brieger.ch\/fr\/wp-json\/wp\/v2\/farbe?post=39669"},{"taxonomy":"qualitaet","embeddable":true,"href":"https:\/\/brieger.ch\/fr\/wp-json\/wp\/v2\/qualitaet?post=39669"},{"taxonomy":"artikelart","embeddable":true,"href":"https:\/\/brieger.ch\/fr\/wp-json\/wp\/v2\/artikelart?post=39669"},{"taxonomy":"produktstatus","embeddable":true,"href":"https:\/\/brieger.ch\/fr\/wp-json\/wp\/v2\/produktstatus?post=39669"},{"taxonomy":"wellig","embeddable":true,"href":"https:\/\/brieger.ch\/fr\/wp-json\/wp\/v2\/wellig?post=39669"}],"curies":[{"name":"wp","href":"https:\/\/api.w.org\/{rel}","templated":true}]}}