{"id":39507,"date":"2020-07-31T13:18:33","date_gmt":"2020-07-31T13:14:32","guid":{"rendered":"https:\/\/brieger.hundert1.ch\/produkt\/61191\/"},"modified":"2026-02-10T15:41:23","modified_gmt":"2026-02-10T14:41:23","slug":"61191","status":"publish","type":"product","link":"https:\/\/brieger.ch\/fr\/product\/61191\/","title":{"rendered":"Bo\u00eetes 61191 \u2013 Solution d\u2019emballage compacte avec protection renforc\u00e9e"},"content":{"rendered":"<p>La bo\u00eete en carton ondul\u00e9 simple cannelure 283\/10 est id\u00e9ale pour l\u2019exp\u00e9dition s\u00e9curis\u00e9e et le stockage de produits l\u00e9gers \u00e0 moyennement lourds. Avec des dimensions de 360 x 260 x 100 mm, elle offre un volume int\u00e9rieur optimal de 0,0094 m\u00b3 \u2013 parfait pour les petits envois, pi\u00e8ces de rechange ou \u00e9chantillons. Ces bo\u00eetes en carton se distinguent par leur qualit\u00e9 et leur efficacit\u00e9.<\/p>\n<p>L\u2019emballage brun est fabriqu\u00e9 en carton ondul\u00e9 robuste et recyclable, avec un poids net de seulement 262 g, permettant une r\u00e9duction des frais de port. Nos bo\u00eetes carton peuvent \u00eatre personnalis\u00e9es \u00e0 la demande \u2013 id\u00e9al pour renforcer votre image de marque ou pour des instructions d\u2019exp\u00e9dition sp\u00e9cifiques. Qu\u2019il s\u2019agisse d\u2019une unit\u00e9 unique ou de bo\u00eetes de rangement en grande quantit\u00e9, cette solution est parfaitement adapt\u00e9e.<\/p>\n<h2><strong>Avantages et utilisations possibles de la bo\u00eete 61191<\/strong><\/h2>\n<ul>\n<li>Solide &amp; l\u00e9g\u00e8re \u2013 Qualit\u00e9 simple cannelure pour des produits l\u00e9gers<\/li>\n<li><a href=\"https:\/\/brieger.ch\/fr\/formats-a5-a4-b4-b5\/\" target=\"_blank\" rel=\"noopener\">Format pratique<\/a> \u2013 Id\u00e9al pour les petits articles, supports promotionnels ou documents<\/li>\n<li>\u00c9cologique \u2013 Mat\u00e9riau respectueux de l\u2019environnement et stockage peu encombrant<\/li>\n<li>Personnalisable \u2013 Pour un branding individuel ou des mentions d\u2019exp\u00e9dition<\/li>\n<li>Conditionnement efficace \u2013 Disponible en lots de 25 unit\u00e9s ou sur palette (800 pi\u00e8ces)<\/li>\n<\/ul>\n<p>Que vous souhaitiez acheter des bo\u00eetes ponctuellement ou que vous ayez besoin r\u00e9guli\u00e8rement de bo\u00eetes rangement, le mod\u00e8le 61191 est un excellent choix. Cette bo\u00eete en carton compact convient parfaitement comme bo\u00eete de rangement, pour l\u2019organisation en entrep\u00f4t ou au bureau. Id\u00e9ale pour la logistique, le <a href=\"https:\/\/brieger.ch\/fr\/e-commerce\/\" target=\"_blank\" rel=\"noopener\">e-commerce <\/a>ou l\u2019envoi de cartonnage bo\u00eetes originales.<\/p>\n<p>Ces bo\u00eetes robustes offrent une solution pratique, \u00e9conomique et durable pour l\u2019emballage quotidien.<\/p>\n","protected":false},"excerpt":{"rendered":"<p>Boxes 1-cannelure brun<\/p>\n","protected":false},"featured_media":33258,"comment_status":"closed","ping_status":"closed","template":"","meta":{"_searchwp_excluded":""},"product_brand":[],"product_cat":[772,773],"product_tag":[],"farbe":[813],"qualitaet":[502],"artikelart":[840],"produktstatus":[],"wellig":[994],"class_list":{"0":"post-39507","1":"product","2":"type-product","3":"status-publish","4":"has-post-thumbnail","6":"product_cat-boxes","7":"product_cat-boxes-1-cannelure","8":"farbe-brun","9":"qualitaet-4-0-mm","10":"artikelart-boxes-1-cannelure-brun","11":"wellig-1-cannelure","13":"first","14":"instock","15":"taxable","16":"shipping-taxable","17":"purchasable","18":"product-type-simple"},"tiered_pricing_type":"fixed","tiered_pricing_fixed_rules":{"50":"1.99","100":"1.68","200":"1.34","500":"1.01","800":"0.92","1600":"0.85"},"tiered_pricing_product_settings":{"layout":"default","base_unit_name":{"singular":null,"plural":null},"default_variation":null},"tiered_pricing_minimum_quantity":25,"tiered_pricing_roles_data":{"galenica-group":{"product_id":39507,"role":"galenica-group","pricing_type":"flat","regular_price":0.71,"sale_price":null,"discount":null,"discount_type":"sale_price","tiered_pricing_type":"fixed","percentage_rules":[],"fixed_rules":[],"minimum":25}},"tiered_pricing_percentage_rules":[],"tiered_pricing_maximum_quantity":null,"tiered_pricing_quantity_step":null,"_links":{"self":[{"href":"https:\/\/brieger.ch\/fr\/wp-json\/wp\/v2\/product\/39507","targetHints":{"allow":["GET"]}}],"collection":[{"href":"https:\/\/brieger.ch\/fr\/wp-json\/wp\/v2\/product"}],"about":[{"href":"https:\/\/brieger.ch\/fr\/wp-json\/wp\/v2\/types\/product"}],"replies":[{"embeddable":true,"href":"https:\/\/brieger.ch\/fr\/wp-json\/wp\/v2\/comments?post=39507"}],"wp:featuredmedia":[{"embeddable":true,"href":"https:\/\/brieger.ch\/fr\/wp-json\/wp\/v2\/media\/33258"}],"wp:attachment":[{"href":"https:\/\/brieger.ch\/fr\/wp-json\/wp\/v2\/media?parent=39507"}],"wp:term":[{"taxonomy":"product_brand","embeddable":true,"href":"https:\/\/brieger.ch\/fr\/wp-json\/wp\/v2\/product_brand?post=39507"},{"taxonomy":"product_cat","embeddable":true,"href":"https:\/\/brieger.ch\/fr\/wp-json\/wp\/v2\/product_cat?post=39507"},{"taxonomy":"product_tag","embeddable":true,"href":"https:\/\/brieger.ch\/fr\/wp-json\/wp\/v2\/product_tag?post=39507"},{"taxonomy":"farbe","embeddable":true,"href":"https:\/\/brieger.ch\/fr\/wp-json\/wp\/v2\/farbe?post=39507"},{"taxonomy":"qualitaet","embeddable":true,"href":"https:\/\/brieger.ch\/fr\/wp-json\/wp\/v2\/qualitaet?post=39507"},{"taxonomy":"artikelart","embeddable":true,"href":"https:\/\/brieger.ch\/fr\/wp-json\/wp\/v2\/artikelart?post=39507"},{"taxonomy":"produktstatus","embeddable":true,"href":"https:\/\/brieger.ch\/fr\/wp-json\/wp\/v2\/produktstatus?post=39507"},{"taxonomy":"wellig","embeddable":true,"href":"https:\/\/brieger.ch\/fr\/wp-json\/wp\/v2\/wellig?post=39507"}],"curies":[{"name":"wp","href":"https:\/\/api.w.org\/{rel}","templated":true}]}}