{"id":39505,"date":"2020-07-31T13:18:33","date_gmt":"2020-07-31T13:14:32","guid":{"rendered":"https:\/\/brieger.hundert1.ch\/produkt\/61189\/"},"modified":"2025-10-28T15:03:15","modified_gmt":"2025-10-28T14:03:15","slug":"61189","status":"publish","type":"product","link":"https:\/\/brieger.ch\/fr\/product\/61189\/","title":{"rendered":"Bo\u00eete en carton 350 x 325 x 325 mm \u2013 Emballage grand format brun"},"content":{"rendered":"<p>La bo\u00eete en carton 350 \u00d7 325 \u00d7 325 mm est une solution d\u2019emballage robuste et spacieuse pour l\u2019exp\u00e9dition, le stockage ou la pr\u00e9sentation. Avec un volume int\u00e9rieur de 0,037 m\u00b3 et un volume ext\u00e9rieur de 0,040 m\u00b3, elle offre suffisamment de place pour des produits plus grands ou plusieurs articles dans un m\u00eame colis.<\/p>\n<p>Fabriqu\u00e9e en carton brun \u00e0 1 cannelure et pesant 438 g, cette bo\u00eete allie stabilit\u00e9 et praticit\u00e9. Empilable et personnalisable par impression, elle est disponible d\u00e8s 25 pi\u00e8ces minimum.<\/p>\n<h3>Avantages &amp; Caract\u00e9ristiques<\/h3>\n<ul>\n<li>Grand format : 350 \u00d7 325 \u00d7 325 mm<\/li>\n<li>Volume int\u00e9rieur 0,037 m\u00b3 \/ Volume ext\u00e9rieur 0,040 m\u00b3<\/li>\n<li>Conception \u00e0 1 cannelure \u2013 solide et fonctionnelle<\/li>\n<li>Poids net : 438 g<\/li>\n<li>Respectueuse de l\u2019environnement \u2013 mat\u00e9riau recyclable<\/li>\n<li>Imprimable pour un marquage professionnel<\/li>\n<li>Commande minimale : 25 pi\u00e8ces<\/li>\n<li>Conditionnement : 25 pi\u00e8ces \/ Palette : 200 pi\u00e8ces<\/li>\n<li>Id\u00e9ale pour articles volumineux ou multi-produits<\/li>\n<\/ul>\n<h3>Polyvalence d\u2019utilisation<\/h3>\n<p>Cette bo\u00eete est id\u00e9ale pour l\u2019exp\u00e9dition de v\u00eatements, d\u2019appareils m\u00e9nagers ou de plusieurs articles dans une m\u00eame commande. Elle est \u00e9galement tr\u00e8s pratique pour le <a href=\"https:\/\/brieger.ch\/schachteln\/zuegelboxen\/\">stockage<\/a> et le <a href=\"https:\/\/brieger.ch\/fr\/emballages-postaux\/\">transport<\/a> dans le commerce gr\u00e2ce \u00e0 sa grande capacit\u00e9 et sa solidit\u00e9.<\/p>\n","protected":false},"excerpt":{"rendered":"<p>Boxes 1-cannelure brun<\/p>\n","protected":false},"featured_media":33258,"comment_status":"closed","ping_status":"closed","template":"","meta":{"_searchwp_excluded":""},"product_brand":[],"product_cat":[772,773],"product_tag":[],"farbe":[813],"qualitaet":[502],"artikelart":[840],"produktstatus":[],"wellig":[994],"class_list":{"0":"post-39505","1":"product","2":"type-product","3":"status-publish","4":"has-post-thumbnail","6":"product_cat-boxes","7":"product_cat-boxes-1-cannelure","8":"farbe-brun","9":"qualitaet-4-0-mm","10":"artikelart-boxes-1-cannelure-brun","11":"wellig-1-cannelure","13":"first","14":"instock","15":"taxable","16":"shipping-taxable","17":"purchasable","18":"product-type-simple"},"tiered_pricing_type":"fixed","tiered_pricing_fixed_rules":{"50":"3.71","100":"3.19","200":"2.58","400":"2.19"},"tiered_pricing_product_settings":{"layout":"default","base_unit_name":{"singular":null,"plural":null},"default_variation":null},"tiered_pricing_minimum_quantity":25,"tiered_pricing_roles_data":{"galenica-group":{"product_id":39505,"role":"galenica-group","pricing_type":"flat","regular_price":1.81,"sale_price":null,"discount":null,"discount_type":"sale_price","tiered_pricing_type":"fixed","percentage_rules":[],"fixed_rules":[],"minimum":25}},"tiered_pricing_percentage_rules":[],"tiered_pricing_maximum_quantity":null,"tiered_pricing_quantity_step":null,"_links":{"self":[{"href":"https:\/\/brieger.ch\/fr\/wp-json\/wp\/v2\/product\/39505","targetHints":{"allow":["GET"]}}],"collection":[{"href":"https:\/\/brieger.ch\/fr\/wp-json\/wp\/v2\/product"}],"about":[{"href":"https:\/\/brieger.ch\/fr\/wp-json\/wp\/v2\/types\/product"}],"replies":[{"embeddable":true,"href":"https:\/\/brieger.ch\/fr\/wp-json\/wp\/v2\/comments?post=39505"}],"wp:featuredmedia":[{"embeddable":true,"href":"https:\/\/brieger.ch\/fr\/wp-json\/wp\/v2\/media\/33258"}],"wp:attachment":[{"href":"https:\/\/brieger.ch\/fr\/wp-json\/wp\/v2\/media?parent=39505"}],"wp:term":[{"taxonomy":"product_brand","embeddable":true,"href":"https:\/\/brieger.ch\/fr\/wp-json\/wp\/v2\/product_brand?post=39505"},{"taxonomy":"product_cat","embeddable":true,"href":"https:\/\/brieger.ch\/fr\/wp-json\/wp\/v2\/product_cat?post=39505"},{"taxonomy":"product_tag","embeddable":true,"href":"https:\/\/brieger.ch\/fr\/wp-json\/wp\/v2\/product_tag?post=39505"},{"taxonomy":"farbe","embeddable":true,"href":"https:\/\/brieger.ch\/fr\/wp-json\/wp\/v2\/farbe?post=39505"},{"taxonomy":"qualitaet","embeddable":true,"href":"https:\/\/brieger.ch\/fr\/wp-json\/wp\/v2\/qualitaet?post=39505"},{"taxonomy":"artikelart","embeddable":true,"href":"https:\/\/brieger.ch\/fr\/wp-json\/wp\/v2\/artikelart?post=39505"},{"taxonomy":"produktstatus","embeddable":true,"href":"https:\/\/brieger.ch\/fr\/wp-json\/wp\/v2\/produktstatus?post=39505"},{"taxonomy":"wellig","embeddable":true,"href":"https:\/\/brieger.ch\/fr\/wp-json\/wp\/v2\/wellig?post=39505"}],"curies":[{"name":"wp","href":"https:\/\/api.w.org\/{rel}","templated":true}]}}